{"id":53396,"date":"2022-06-23T15:29:04","date_gmt":"2022-06-23T13:29:04","guid":{"rendered":"https:\/\/secureus.se\/produkt\/kapsling-anropsapparat-care2\/"},"modified":"2026-04-08T16:52:36","modified_gmt":"2026-04-08T14:52:36","slug":"kapsling-anropsapparat-care2","status":"publish","type":"product","link":"https:\/\/secureus.se\/no\/kapsling-anropsapparat-care2\/","title":{"rendered":"Vedlikehold av persons\u00f8ker 2"},"content":{"rendered":"<p>Eksternt kabinett for persons\u00f8ker C2RRGPB-SV i krevende milj\u00f8er. Gr\u00f8nnlakkert st\u00e5lhus med l\u00e5sbar d\u00f8r. IP66.<\/p>","protected":false},"excerpt":{"rendered":"<p>Eksternt kabinett for persons\u00f8ker C2RRGPB-SV i krevende milj\u00f8er. Gr\u00f8nnlakkert st\u00e5lhus med l\u00e5sbar d\u00f8r. IP66.<\/p>","protected":false},"featured_media":143356,"template":"","meta":{"_acf_changed":false},"product_brand":[],"product_cat":[1603],"product_tag":[],"class_list":{"0":"post-53396","1":"product","2":"type-product","3":"status-publish","4":"has-post-thumbnail","6":"product_cat-tillbehor-till-rwc-larm","7":"product_shipping_class-tunga-paket","8":"pa_farg-gron","9":"tm-no-options","11":"first","12":"outofstock","13":"sale","14":"taxable","15":"shipping-taxable","16":"purchasable","17":"product-type-simple"},"acf":[],"_links":{"self":[{"href":"https:\/\/secureus.se\/no\/wp-json\/wp\/v2\/product\/53396","targetHints":{"allow":["GET"]}}],"collection":[{"href":"https:\/\/secureus.se\/no\/wp-json\/wp\/v2\/product"}],"about":[{"href":"https:\/\/secureus.se\/no\/wp-json\/wp\/v2\/types\/product"}],"wp:featuredmedia":[{"embeddable":true,"href":"https:\/\/secureus.se\/no\/wp-json\/wp\/v2\/media\/143356"}],"wp:attachment":[{"href":"https:\/\/secureus.se\/no\/wp-json\/wp\/v2\/media?parent=53396"}],"wp:term":[{"taxonomy":"product_brand","embeddable":true,"href":"https:\/\/secureus.se\/no\/wp-json\/wp\/v2\/product_brand?post=53396"},{"taxonomy":"product_cat","embeddable":true,"href":"https:\/\/secureus.se\/no\/wp-json\/wp\/v2\/product_cat?post=53396"},{"taxonomy":"product_tag","embeddable":true,"href":"https:\/\/secureus.se\/no\/wp-json\/wp\/v2\/product_tag?post=53396"}],"curies":[{"name":"wp","href":"https:\/\/api.w.org\/{rel}","templated":true}]}}