{"id":53409,"date":"2022-06-23T15:26:16","date_gmt":"2022-06-23T13:26:16","guid":{"rendered":"https:\/\/secureus.se\/produkt\/signaltryckknapp-rs16\/"},"modified":"2026-04-08T16:44:18","modified_gmt":"2026-04-08T14:44:18","slug":"signaltryckknapp-rs16","status":"publish","type":"product","link":"https:\/\/secureus.se\/no\/signaltryckknapp-rs16\/","title":{"rendered":"Signal trykknapp Rs16"},"content":{"rendered":"<p>Signaltrykknapp RS. Membrantrykknapp med teksten &quot;EMERGENCY SIGNAL&quot; og LED-indikasjon. Ledning inkludert. For innfelt montering i apparatboks med 60 mm frontskruavstand eller p\u00e5 utsiden i en forlengelsesramme. M\u00e5l: 84\u00d784 mm. Monteringsdybde: 24 mm. Farge fjellhvit<\/p>","protected":false},"excerpt":{"rendered":"<p>Signaltrykknapp RS. Membrantrykknapp med teksten &quot;EMERGENCY SIGNAL&quot; og LED-indikasjon. Ledning inkludert. For innfelt montering i apparatboks med 60 mm frontskruavstand eller p\u00e5 utsiden i en forlengelsesramme. M\u00e5l: 84\u00d784 mm. Monteringsdybde: 24 mm. Farge fjellhvit<\/p>","protected":false},"featured_media":143280,"template":"","meta":{"_acf_changed":false},"product_brand":[],"product_cat":[1605],"product_tag":[],"class_list":{"0":"post-53409","1":"product","2":"type-product","3":"status-publish","4":"has-post-thumbnail","6":"product_cat-komponenter-till-rwc-larm","7":"product_shipping_class-tunga-paket","8":"pa_farg-vit","9":"tm-no-options","11":"first","12":"instock","13":"sale","14":"taxable","15":"shipping-taxable","16":"purchasable","17":"product-type-simple"},"acf":[],"_links":{"self":[{"href":"https:\/\/secureus.se\/no\/wp-json\/wp\/v2\/product\/53409","targetHints":{"allow":["GET"]}}],"collection":[{"href":"https:\/\/secureus.se\/no\/wp-json\/wp\/v2\/product"}],"about":[{"href":"https:\/\/secureus.se\/no\/wp-json\/wp\/v2\/types\/product"}],"wp:featuredmedia":[{"embeddable":true,"href":"https:\/\/secureus.se\/no\/wp-json\/wp\/v2\/media\/143280"}],"wp:attachment":[{"href":"https:\/\/secureus.se\/no\/wp-json\/wp\/v2\/media?parent=53409"}],"wp:term":[{"taxonomy":"product_brand","embeddable":true,"href":"https:\/\/secureus.se\/no\/wp-json\/wp\/v2\/product_brand?post=53409"},{"taxonomy":"product_cat","embeddable":true,"href":"https:\/\/secureus.se\/no\/wp-json\/wp\/v2\/product_cat?post=53409"},{"taxonomy":"product_tag","embeddable":true,"href":"https:\/\/secureus.se\/no\/wp-json\/wp\/v2\/product_tag?post=53409"}],"curies":[{"name":"wp","href":"https:\/\/api.w.org\/{rel}","templated":true}]}}