{"id":53410,"date":"2022-06-23T15:26:04","date_gmt":"2022-06-23T13:26:04","guid":{"rendered":"https:\/\/secureus.se\/produkt\/grupplampa\/"},"modified":"2026-03-26T12:13:39","modified_gmt":"2026-03-26T11:13:39","slug":"grupplampa","status":"publish","type":"product","link":"https:\/\/secureus.se\/no\/grupplampa\/","title":{"rendered":"Gruppelampe R\u00f8d LED-indikasjon \u2013 Justerbar summertone for RWC-alarm"},"content":{"rendered":"<p>Gruppelampe med summer. Gruppelampe med r\u00f8d LED-indikasjon og justerbar summertone. Merkespenning: 24V AC\/DC. For montering p\u00e5 r\u00f8ruttak eller p\u00e5 apparatboks med 60mm festeskrueavstand. M\u00e5l: 85\u00d785 mm. Farge: Hvit<\/p>","protected":false},"excerpt":{"rendered":"<p>Gruppelampe med summer. Gruppelampe med r\u00f8d LED-indikasjon og justerbar summertone. Merkespenning: 24V AC\/DC. For montering p\u00e5 r\u00f8ruttak eller p\u00e5 apparatboks med 60mm festeskrueavstand. M\u00e5l: 85\u00d785 mm. Farge: Hvit<\/p>","protected":false},"featured_media":144188,"template":"","meta":{"_acf_changed":false},"product_brand":[],"product_cat":[1605],"product_tag":[],"class_list":{"0":"post-53410","1":"product","2":"type-product","3":"status-publish","4":"has-post-thumbnail","6":"product_cat-komponenter-till-rwc-larm","7":"product_shipping_class-tunga-paket","8":"pa_brands-elko","9":"pa_farg-vit","10":"tm-no-options","12":"first","13":"instock","14":"sale","15":"taxable","16":"shipping-taxable","17":"purchasable","18":"product-type-simple"},"acf":[],"_links":{"self":[{"href":"https:\/\/secureus.se\/no\/wp-json\/wp\/v2\/product\/53410","targetHints":{"allow":["GET"]}}],"collection":[{"href":"https:\/\/secureus.se\/no\/wp-json\/wp\/v2\/product"}],"about":[{"href":"https:\/\/secureus.se\/no\/wp-json\/wp\/v2\/types\/product"}],"wp:featuredmedia":[{"embeddable":true,"href":"https:\/\/secureus.se\/no\/wp-json\/wp\/v2\/media\/144188"}],"wp:attachment":[{"href":"https:\/\/secureus.se\/no\/wp-json\/wp\/v2\/media?parent=53410"}],"wp:term":[{"taxonomy":"product_brand","embeddable":true,"href":"https:\/\/secureus.se\/no\/wp-json\/wp\/v2\/product_brand?post=53410"},{"taxonomy":"product_cat","embeddable":true,"href":"https:\/\/secureus.se\/no\/wp-json\/wp\/v2\/product_cat?post=53410"},{"taxonomy":"product_tag","embeddable":true,"href":"https:\/\/secureus.se\/no\/wp-json\/wp\/v2\/product_tag?post=53410"}],"curies":[{"name":"wp","href":"https:\/\/api.w.org\/{rel}","templated":true}]}}