{"id":53425,"date":"2022-06-23T15:25:43","date_gmt":"2022-06-23T13:25:43","guid":{"rendered":"https:\/\/secureus.se\/produkt\/rumslampa-m-minne\/"},"modified":"2026-04-08T16:46:20","modified_gmt":"2026-04-08T14:46:20","slug":"rumslampa-m-minne","status":"publish","type":"product","link":"https:\/\/secureus.se\/no\/rumslampa-m-minne\/","title":{"rendered":"Romlampe M Minne"},"content":{"rendered":"<p>Romlampe med minne. Romlampe med r\u00f8d LED-indikasjon og justerbar summer, minnefunksjon og alarmrel\u00e9 med to potensialfrie vekselkontakter. Merkespenning: 24VAC\/DC. For montering p\u00e5 r\u00f8ruttak eller p\u00e5 apparatboks med 60mm festeskrueavstand. M\u00e5l: 85\u00d785 mm. Farge: Hvit<\/p>","protected":false},"excerpt":{"rendered":"<p>Romlampe med minne. Romlampe med r\u00f8d LED-indikasjon og justerbar summer, minnefunksjon og alarmrel\u00e9 med to potensialfrie vekselkontakter. Merkespenning: 24VAC\/DC. For montering p\u00e5 r\u00f8ruttak eller p\u00e5 apparatboks med 60mm festeskrueavstand. M\u00e5le:<\/p>","protected":false},"featured_media":143395,"template":"","meta":{"_acf_changed":false},"product_brand":[],"product_cat":[1605],"product_tag":[],"class_list":{"0":"post-53425","1":"product","2":"type-product","3":"status-publish","4":"has-post-thumbnail","6":"product_cat-komponenter-till-rwc-larm","7":"product_shipping_class-tunga-paket","8":"pa_farg-vit","9":"tm-no-options","11":"first","12":"instock","13":"sale","14":"taxable","15":"shipping-taxable","16":"purchasable","17":"product-type-simple"},"acf":[],"_links":{"self":[{"href":"https:\/\/secureus.se\/no\/wp-json\/wp\/v2\/product\/53425","targetHints":{"allow":["GET"]}}],"collection":[{"href":"https:\/\/secureus.se\/no\/wp-json\/wp\/v2\/product"}],"about":[{"href":"https:\/\/secureus.se\/no\/wp-json\/wp\/v2\/types\/product"}],"wp:featuredmedia":[{"embeddable":true,"href":"https:\/\/secureus.se\/no\/wp-json\/wp\/v2\/media\/143395"}],"wp:attachment":[{"href":"https:\/\/secureus.se\/no\/wp-json\/wp\/v2\/media?parent=53425"}],"wp:term":[{"taxonomy":"product_brand","embeddable":true,"href":"https:\/\/secureus.se\/no\/wp-json\/wp\/v2\/product_brand?post=53425"},{"taxonomy":"product_cat","embeddable":true,"href":"https:\/\/secureus.se\/no\/wp-json\/wp\/v2\/product_cat?post=53425"},{"taxonomy":"product_tag","embeddable":true,"href":"https:\/\/secureus.se\/no\/wp-json\/wp\/v2\/product_tag?post=53425"}],"curies":[{"name":"wp","href":"https:\/\/api.w.org\/{rel}","templated":true}]}}