{"id":53428,"date":"2022-06-23T15:24:58","date_gmt":"2022-06-23T13:24:58","guid":{"rendered":"https:\/\/secureus.se\/produkt\/rwc-minnesenhet-m-aterst-nod\/"},"modified":"2026-04-23T11:56:24","modified_gmt":"2026-04-23T09:56:24","slug":"rwc-minnesenhet-m-aterst-nod","status":"publish","type":"product","link":"https:\/\/secureus.se\/no\/rwc-minnesenhet-m-aterst-nod\/","title":{"rendered":"Rwc Minneenhet M Gjenst\u00e5ende \/ N\u00f8d"},"content":{"rendered":"<p>Minneenhet med reset og n\u00f8dknapp. Enheten er hjertet i RWC-systemet og her kan du nullstille alarmen, men ogs\u00e5 opprette en alarm. For et komplett system er minneenheten sammenkoblet med n\u00f8dknapper, romlys og str\u00f8mforsyning fra Exxact RWC-serien. Forsyningsspenning 12V AC\/DC (+-15%). For montering i apparatboks c\/c 60mm eller overflatemontering i 21mm boks. Minneenheten er hvit og kompletteres med en valgfri Exxact-ramme.<\/p>","protected":false},"excerpt":{"rendered":"<p>Minneenhet med reset og n\u00f8dknapp. Enheten er hjertet i RWC-systemet og her kan du nullstille alarmen, men ogs\u00e5 opprette en alarm. For et komplett system er minneenheten sammenkoblet med n\u00f8dknapper,<\/p>","protected":false},"featured_media":143290,"template":"","meta":{"_acf_changed":false},"product_brand":[],"product_cat":[1605],"product_tag":[],"class_list":{"0":"post-53428","1":"product","2":"type-product","3":"status-publish","4":"has-post-thumbnail","6":"product_cat-komponenter-till-rwc-larm","7":"product_shipping_class-tunga-paket","8":"pa_farg-vit","9":"tm-no-options","11":"first","12":"instock","13":"sale","14":"taxable","15":"shipping-taxable","16":"purchasable","17":"product-type-simple"},"acf":[],"_links":{"self":[{"href":"https:\/\/secureus.se\/no\/wp-json\/wp\/v2\/product\/53428","targetHints":{"allow":["GET"]}}],"collection":[{"href":"https:\/\/secureus.se\/no\/wp-json\/wp\/v2\/product"}],"about":[{"href":"https:\/\/secureus.se\/no\/wp-json\/wp\/v2\/types\/product"}],"wp:featuredmedia":[{"embeddable":true,"href":"https:\/\/secureus.se\/no\/wp-json\/wp\/v2\/media\/143290"}],"wp:attachment":[{"href":"https:\/\/secureus.se\/no\/wp-json\/wp\/v2\/media?parent=53428"}],"wp:term":[{"taxonomy":"product_brand","embeddable":true,"href":"https:\/\/secureus.se\/no\/wp-json\/wp\/v2\/product_brand?post=53428"},{"taxonomy":"product_cat","embeddable":true,"href":"https:\/\/secureus.se\/no\/wp-json\/wp\/v2\/product_cat?post=53428"},{"taxonomy":"product_tag","embeddable":true,"href":"https:\/\/secureus.se\/no\/wp-json\/wp\/v2\/product_tag?post=53428"}],"curies":[{"name":"wp","href":"https:\/\/api.w.org\/{rel}","templated":true}]}}