{"id":53437,"date":"2022-06-23T15:20:11","date_gmt":"2022-06-23T13:20:11","guid":{"rendered":"https:\/\/secureus.se\/produkt\/undercentral-evaq-2-kn\/"},"modified":"2026-04-08T17:00:32","modified_gmt":"2026-04-08T15:00:32","slug":"undercentral-evaq-2-kn","status":"publish","type":"product","link":"https:\/\/secureus.se\/no\/undercentral-evaq-2-kn\/","title":{"rendered":"Undersentral Evaq 2 Kn"},"content":{"rendered":"<p>Enheten inneholder et display med 8 r\u00f8de\/gr\u00f8nne alfanumeriske tegn (tegnh\u00f8yde 12 mm) og 2 gr\u00f8nne funksjonsknapper. R\u00f8d kvitteringsdiode og gr\u00f8nn driftsindikasjon under en 2 mm lysleder i lokket. Summer med justerbart volum og inngang for kontrollfunksjon (aktivering av &quot;Kvittering&quot;). Utganger for summer, totalalarm og feilalarm Trykk p\u00e5 lokket: &quot;Kvittering skjer p\u00e5 skruklemme med ledningsbeskyttelse plassert p\u00e5 pluggbar klemmebrett.<\/p>","protected":false},"excerpt":{"rendered":"<p>Enheten inneholder et display med 8 r\u00f8de\/gr\u00f8nne alfanumeriske tegn (tegnh\u00f8yde 12 mm) og 2 gr\u00f8nne funksjonsknapper. R\u00f8d kvitteringsdiode og gr\u00f8nn driftsindikasjon under en 2 mm lysleder i lokket. Summer med justerbart volum og inngang<\/p>","protected":false},"featured_media":143764,"template":"","meta":{"_acf_changed":false},"product_brand":[],"product_cat":[1609],"product_tag":[],"class_list":{"0":"post-53437","1":"product","2":"type-product","3":"status-publish","4":"has-post-thumbnail","6":"product_cat-nod-evakueringslarm","7":"product_shipping_class-tunga-paket","8":"tm-no-options","10":"first","11":"outofstock","12":"sale","13":"taxable","14":"shipping-taxable","15":"purchasable","16":"product-type-simple"},"acf":[],"_links":{"self":[{"href":"https:\/\/secureus.se\/no\/wp-json\/wp\/v2\/product\/53437","targetHints":{"allow":["GET"]}}],"collection":[{"href":"https:\/\/secureus.se\/no\/wp-json\/wp\/v2\/product"}],"about":[{"href":"https:\/\/secureus.se\/no\/wp-json\/wp\/v2\/types\/product"}],"wp:featuredmedia":[{"embeddable":true,"href":"https:\/\/secureus.se\/no\/wp-json\/wp\/v2\/media\/143764"}],"wp:attachment":[{"href":"https:\/\/secureus.se\/no\/wp-json\/wp\/v2\/media?parent=53437"}],"wp:term":[{"taxonomy":"product_brand","embeddable":true,"href":"https:\/\/secureus.se\/no\/wp-json\/wp\/v2\/product_brand?post=53437"},{"taxonomy":"product_cat","embeddable":true,"href":"https:\/\/secureus.se\/no\/wp-json\/wp\/v2\/product_cat?post=53437"},{"taxonomy":"product_tag","embeddable":true,"href":"https:\/\/secureus.se\/no\/wp-json\/wp\/v2\/product_tag?post=53437"}],"curies":[{"name":"wp","href":"https:\/\/api.w.org\/{rel}","templated":true}]}}