{"id":53438,"date":"2022-06-23T15:20:01","date_gmt":"2022-06-23T13:20:01","guid":{"rendered":"https:\/\/secureus.se\/produkt\/omkoppl-nyckel-2pol-18mm-rod\/"},"modified":"2026-03-26T12:16:15","modified_gmt":"2026-03-26T11:16:15","slug":"omkoppl-nyckel-2pol-18mm-rod","status":"publish","type":"product","link":"https:\/\/secureus.se\/no\/omkoppl-nyckel-2pol-18mm-rod\/","title":{"rendered":"Brytern\u00f8kkel 2Pol 1*8Mm R\u00f8d"},"content":{"rendered":"<p>Enheten inneholder n\u00f8kkelbryter og r\u00f8d optisk indikasjon, LED 8mm. Trykk p\u00e5 lokket: \u201cON\u201d og \u201cOFF\u201d. Tilkobling skjer p\u00e5 en skruklemme med ledningsbeskyttelse. For innfelt montering rundt apparatboks c\/c 60mm eller utenp\u00e5liggende montering i veggramme 5020090 (h\u00f8yde 26mm). Dekklokk for skrufeste av hvit termoplast.<\/p>","protected":false},"excerpt":{"rendered":"<p>Enheten inneholder n\u00f8kkelbryter og r\u00f8d optisk indikasjon, LED 8mm. Trykk p\u00e5 lokket: \u201cON\u201d og \u201cOFF\u201d. Tilkobling skjer p\u00e5 en skruklemme med ledningsbeskyttelse. For innfelt montering rundt apparatboks c\/c 60mm eller overflatemontert i<\/p>","protected":false},"featured_media":143423,"template":"","meta":{"_acf_changed":false},"product_brand":[],"product_cat":[1609],"product_tag":[],"class_list":{"0":"post-53438","1":"product","2":"type-product","3":"status-publish","4":"has-post-thumbnail","6":"product_cat-nod-evakueringslarm","7":"product_shipping_class-tunga-paket","8":"tm-no-options","10":"first","11":"instock","12":"sale","13":"taxable","14":"shipping-taxable","15":"purchasable","16":"product-type-simple"},"acf":[],"_links":{"self":[{"href":"https:\/\/secureus.se\/no\/wp-json\/wp\/v2\/product\/53438","targetHints":{"allow":["GET"]}}],"collection":[{"href":"https:\/\/secureus.se\/no\/wp-json\/wp\/v2\/product"}],"about":[{"href":"https:\/\/secureus.se\/no\/wp-json\/wp\/v2\/types\/product"}],"wp:featuredmedia":[{"embeddable":true,"href":"https:\/\/secureus.se\/no\/wp-json\/wp\/v2\/media\/143423"}],"wp:attachment":[{"href":"https:\/\/secureus.se\/no\/wp-json\/wp\/v2\/media?parent=53438"}],"wp:term":[{"taxonomy":"product_brand","embeddable":true,"href":"https:\/\/secureus.se\/no\/wp-json\/wp\/v2\/product_brand?post=53438"},{"taxonomy":"product_cat","embeddable":true,"href":"https:\/\/secureus.se\/no\/wp-json\/wp\/v2\/product_cat?post=53438"},{"taxonomy":"product_tag","embeddable":true,"href":"https:\/\/secureus.se\/no\/wp-json\/wp\/v2\/product_tag?post=53438"}],"curies":[{"name":"wp","href":"https:\/\/api.w.org\/{rel}","templated":true}]}}