{"id":53439,"date":"2022-06-23T15:19:56","date_gmt":"2022-06-23T13:19:56","guid":{"rendered":"https:\/\/secureus.se\/produkt\/anropsapp-aterstalln-evaq-2-kn\/"},"modified":"2026-03-26T12:16:26","modified_gmt":"2026-03-26T11:16:26","slug":"anropsapp-aterstalln-evaq-2-kn","status":"publish","type":"product","link":"https:\/\/secureus.se\/no\/anropsapp-aterstalln-evaq-2-kn\/","title":{"rendered":"Tjeders EVAQ 2 Kn Calling device \/ Reset device"},"content":{"rendered":"<p>Enheten inneholder et display med 8 r\u00f8de\/gr\u00f8nne alfanumeriske tegn (tegnh\u00f8yde 12 mm), 1 r\u00f8d og 1 gr\u00f8nn funksjonsknapp. R\u00f8d kvitteringsdiode og gr\u00f8nn driftsindikasjon under en 2 mm lysleder i lokket. Summer med justerbart volum og inngang\/utgang for alarmer. Trykk p\u00e5 dekselet: &quot;N\u00f8dsignal&quot; og &quot;Tilbakestill&quot;. Tilkobling skjer p\u00e5 en skruklemme med ledningsbeskyttelse plassert p\u00e5 en jackbar terminalplate. Husk \u00e5 fylle ut programmeringsmal ved bestilling, da styreenheten er programmert f\u00f8r levering.<\/p>\n<p>E-post nr. 5500531<\/p>\n<div id=\"section-c18\" class=\"section row section-1-cells entity-selectable\">\n<div class=\"cells wide\">\n<div id=\"c20\" class=\"cell column is-light twelve span-12 entity-selectable\">\n<div class=\"content\">\n<div class=\"widget html-widget\">\n<div class=\"tinymce\">\n<h2 id=\"ic_toc_link_1\"><strong>Ring App\/Restore Evaq 2 Kn C<\/strong><\/h2>\n<\/div>\n<\/div>\n<\/div>\n<\/div>\n<\/div>\n<\/div>\n<div id=\"section-c28\" class=\"section row section-2-cells entity-selectable\">\n<div class=\"cells wide\">\n<div id=\"c34\" class=\"cell column is-light four span-4 entity-selectable\">\n<div class=\"content\">\n<div class=\"widget html-widget\">\n<div class=\"tinymce\">\n<p>Ring og tilbakestill enhet Evaq med display, r\u00f8d og gr\u00f8nn funksjonsknapp. Tekst &quot;N\u00f8dsignal&quot; og &quot;Recovery&quot;.<\/p>\n<\/div>\n<\/div>\n<\/div>\n<\/div>\n<\/div>\n<\/div>\n<h3 class=\"action-buttons\"><strong>Funksjonell beskrivelse<\/strong><\/h3>\n<div id=\"section-c48\" class=\"section row section-2-cells entity-selectable\">\n<div class=\"cells wide\">\n<div id=\"c50\" class=\"cell column is-light six span-6 entity-selectable\">\n<div class=\"content\">\n<div class=\"widget html-widget\">\n<div class=\"tinymce\">\n<p>Enheten inneholder et display med 8 r\u00f8de\/gr\u00f8nne alfanumeriske tegn (tegnh\u00f8yde 12 mm), 1 r\u00f8d og 1 gr\u00f8nn funksjonsknapp.<\/p>\n<p>R\u00f8d kvitteringsdiode og gr\u00f8nn driftsindikasjon under en 2 mm lysleder i lokket. Summer med justerbart volum og alarminngang\/utgang. Trykk p\u00e5 dekselet: &quot;N\u00f8dsignal&quot; og &quot;Tilbakestill&quot;. Tilkobling skjer p\u00e5 en skruklemme med ledningsbeskyttelse plassert p\u00e5 en jackbar terminalplate.<\/p>\n<p>For innfelt montering i rund apparatboks c\/c 60mm eller utenp\u00e5liggende montering i veggramme 11060068 (E-nr. 5020012) (h\u00f8yde 26mm). Dekklokk for skrufeste av hvit termoplast.<\/p>\n<ul>\n<li><strong>Alarminngang<\/strong><br \/>\nAktivering av inngangen (lukkekontakt) genererer en alarm p\u00e5 enheten.<\/li>\n<li><strong>Alarmutgang 1<\/strong><br \/>\nUtgang aktiveres ved alarm p\u00e5 enheten og deaktiveres n\u00e5r alarmen tilbakestilles.<\/li>\n<li><strong>Alarmutgang 2<\/strong><br \/>\nUtgang aktiveres ved alarm p\u00e5 enheten og deaktiveres n\u00e5r alarmen er kvittert.<\/li>\n<\/ul>\n<\/div>\n<\/div>\n<\/div>\n<\/div>\n<div id=\"c54\" class=\"cell column is-light six span-6 entity-selectable\">\n<div class=\"content\">\n<div class=\"widget html-widget callout-widget left\">\n<div class=\"content-toolbar\"><\/div>\n<div class=\"tinymce callout\">\n<h3 id=\"ic_toc_link_4\"><strong>Teknisk spesifikasjon<\/strong><\/h3>\n<table class=\"procydoTable\" border=\"1\">\n<tbody>\n<tr>\n<td>Vekt<\/td>\n<td>133 g<\/td>\n<\/tr>\n<tr>\n<td>Ledetid<\/td>\n<td>10 dager<\/td>\n<\/tr>\n<tr>\n<td>Driftsspenning<\/td>\n<td>12-24 VDC +\/-15%<\/td>\n<\/tr>\n<tr>\n<td>Inngang for signalkontakt<\/td>\n<td>Lukking\/Brekking<\/td>\n<\/tr>\n<tr>\n<td>Dimensjoner (Enhet, ikke pakket) (H*B*Dj, mm)<\/td>\n<td>90x90x29<\/td>\n<\/tr>\n<tr>\n<td>Dimensjoner (Enhet, pakket i en boks) (H*B*Dj, mm)<\/td>\n<td>93x93x40<\/td>\n<\/tr>\n<tr>\n<td>Transistorutgang, \u00e5pen kollektortype (GND)<\/td>\n<td>Konklusjon<\/td>\n<\/tr>\n<tr>\n<td>Utgang, maks spenning (VDC)<\/td>\n<td>50<\/td>\n<\/tr>\n<tr>\n<td>Utgang, maks str\u00f8m (mA)<\/td>\n<td>500<\/td>\n<\/tr>\n<tr>\n<td>Vekt (gram)<\/td>\n<td>133<\/td>\n<\/tr>\n<tr>\n<td>Maks str\u00f8mforbruk ved 12 VDC (, mA)<\/td>\n<td>130<\/td>\n<\/tr>\n<tr>\n<td>Maks str\u00f8mforbruk ved 24 VDC (, mA)<\/td>\n<td>70<\/td>\n<\/tr>\n<\/tbody>\n<\/table>\n<\/div>\n<div class=\"pointer-container\"><\/div>\n<\/div>\n<\/div>\n<\/div>\n<\/div>\n<\/div>\n<div id=\"section-c68\" class=\"section row section-2-cells entity-selectable\">\n<div class=\"cells wide\">\n<div id=\"c74\" class=\"cell column is-light eight span-8 entity-selectable\">\n<div class=\"content\">\n<div class=\"widget html-widget\">\n<div class=\"tinymce\">\n<h4 id=\"ic_toc_link_5\"><strong>Installasjon \/ Tilkobling<\/strong><\/h4>\n<p>Apparatet monteres innfelt i rund apparatboks c\/c 60mm eller utvendig i veggramme.<\/p>\n<p>En rekke tilbeh\u00f8r er tilgjengelig for installasjon i ulike milj\u00f8er.<\/p>\n<p>Tilkobling skjer p\u00e5 skruklemmer med ledningsbeskyttelse.<br \/>\nTilkobling av alarminngang og alarmutgang gj\u00f8res i henhold til prinsippdiagrammet.<\/p>\n<p><strong>Str\u00f8mforsyning<\/strong><\/p>\n<p>Enheten drives med 12 \u2013 24 VDC. Enhetens inngangsspenningsomr\u00e5de kan h\u00e5ndtere +\/- 15%.<\/p>\n<\/div>\n<\/div>\n<\/div>\n<\/div>\n<\/div>\n<\/div>\n<div id=\"section-c80\" class=\"section row section-1-cells entity-selectable\">\n<div class=\"cells wide\">\n<div id=\"c82\" class=\"cell column is-light twelve span-12 entity-selectable\">\n<div class=\"content\">\n<div class=\"widget html-widget\">\n<div class=\"tinymce\">\n<div class=\"image-cell\"><img decoding=\"async\" src=\"https:\/\/tjeders.infocaption.com\/media\/20210128\/247\/image_3.png\" alt=\"\" \/><\/div>\n<\/div>\n<\/div>\n<\/div>\n<\/div>\n<\/div>\n<\/div>\n<div id=\"section-c88\" class=\"section row section-1-cells entity-selectable\">\n<div class=\"section-sibling\"><\/div>\n<\/div>\n<div id=\"section-c96\" class=\"section row section-2-cells entity-selectable\">\n<div class=\"cells wide\">\n<div id=\"c102\" class=\"cell column is-light eight span-8 entity-selectable\">\n<div class=\"content\">\n<div class=\"widget html-widget\">\n<div class=\"tinymce\">\n<h4 id=\"ic_toc_link_6\"><strong>Montering \/ plassering<\/strong><\/h4>\n<p>For innfelt montering i rund apparatboks c\/c 60mm eller utenp\u00e5liggende montering i veggramme 11060068 (E-nr. 5020012) (h\u00f8yde 26mm). Dekklokk for skrufeste av hvit termoplast.<\/p>\n<p>Enheten kan plasseres hvor som helst i l\u00f8kken.<\/p>\n<\/div>\n<\/div>\n<\/div>\n<\/div>\n<\/div>\n<\/div>\n<div id=\"section-c116\" class=\"section row section-2-cells entity-selectable\">\n<div class=\"cells wide\">\n<div id=\"c122\" class=\"cell column is-light eight span-8 entity-selectable\">\n<div class=\"content\">\n<div class=\"widget html-widget\">\n<div class=\"content-toolbar\"><\/div>\n<div class=\"tinymce\">\n<h4 id=\"ic_toc_link_7\"><strong>Programmering \/ Adressering \/ Innstillinger<\/strong><\/h4>\n<p>Enhetsadressen er satt i henhold til spesifikk anleggsdokumentasjon. Hver adresse har sin egen unike tekst for alarmvisning i sentralenheter.<\/p>\n<p>Alle Call App\/Restore-enheter m\u00e5 adresseres i rekkef\u00f8lge fra adresse 1 opp til maksimalt 50.<\/p>\n<\/div>\n<\/div>\n<\/div>\n<\/div>\n<\/div>\n<\/div>\n<div id=\"section-c128\" class=\"section row section-2-cells entity-selectable\">\n<div class=\"cells wide\">\n<div id=\"c130\" class=\"cell column is-light six span-6 entity-selectable\">\n<div class=\"content\">\n<div class=\"widget html-widget\">\n<div class=\"tinymce\">\n<div class=\"image-cell\"><img decoding=\"async\" src=\"https:\/\/tjeders.infocaption.com\/media\/20210128\/247\/image_1.png\" alt=\"\" \/><\/div>\n<\/div>\n<\/div>\n<\/div>\n<\/div>\n<div id=\"c134\" class=\"cell column is-light six span-6 entity-selectable\">\n<div class=\"action-buttons\"><\/div>\n<div class=\"content-toolbar\"><\/div>\n<div class=\"content\">\n<div class=\"widget html-widget\">\n<div class=\"content-toolbar\"><\/div>\n<div class=\"tinymce\">\n<div class=\"image-cell\"><img decoding=\"async\" src=\"https:\/\/tjeders.infocaption.com\/media\/20210128\/247\/image_2.png\" alt=\"\" \/><\/div>\n<\/div>\n<\/div>\n<\/div>\n<\/div>\n<\/div>\n<\/div>","protected":false},"excerpt":{"rendered":"<p>Enheten inneholder et display med 8 r\u00f8de\/gr\u00f8nne alfanumeriske tegn (tegnh\u00f8yde 12 mm), 1 r\u00f8d og 1 gr\u00f8nn funksjonsknapp. R\u00f8d kvitteringsdiode og gr\u00f8nn driftsindikasjon under en 2 mm lysleder i lokket. Summer med justerbart volum<\/p>","protected":false},"featured_media":143774,"template":"","meta":{"_acf_changed":false},"product_brand":[],"product_cat":[1609],"product_tag":[],"class_list":{"0":"post-53439","1":"product","2":"type-product","3":"status-publish","4":"has-post-thumbnail","6":"product_cat-nod-evakueringslarm","7":"product_shipping_class-tunga-paket","8":"pa_brands-tjeders","9":"pa_farg-vit","10":"tm-no-options","12":"first","13":"instock","14":"sale","15":"taxable","16":"shipping-taxable","17":"purchasable","18":"product-type-simple"},"acf":[],"_links":{"self":[{"href":"https:\/\/secureus.se\/no\/wp-json\/wp\/v2\/product\/53439","targetHints":{"allow":["GET"]}}],"collection":[{"href":"https:\/\/secureus.se\/no\/wp-json\/wp\/v2\/product"}],"about":[{"href":"https:\/\/secureus.se\/no\/wp-json\/wp\/v2\/types\/product"}],"wp:featuredmedia":[{"embeddable":true,"href":"https:\/\/secureus.se\/no\/wp-json\/wp\/v2\/media\/143774"}],"wp:attachment":[{"href":"https:\/\/secureus.se\/no\/wp-json\/wp\/v2\/media?parent=53439"}],"wp:term":[{"taxonomy":"product_brand","embeddable":true,"href":"https:\/\/secureus.se\/no\/wp-json\/wp\/v2\/product_brand?post=53439"},{"taxonomy":"product_cat","embeddable":true,"href":"https:\/\/secureus.se\/no\/wp-json\/wp\/v2\/product_cat?post=53439"},{"taxonomy":"product_tag","embeddable":true,"href":"https:\/\/secureus.se\/no\/wp-json\/wp\/v2\/product_tag?post=53439"}],"curies":[{"name":"wp","href":"https:\/\/api.w.org\/{rel}","templated":true}]}}