{"id":53445,"date":"2022-06-23T15:13:59","date_gmt":"2022-06-23T13:13:59","guid":{"rendered":"https:\/\/secureus.se\/produkt\/aterstalln-knapp-1slinga\/"},"modified":"2026-04-08T16:50:40","modified_gmt":"2026-04-08T14:50:40","slug":"aterstalln-knapp-1slinga","status":"publish","type":"product","link":"https:\/\/secureus.se\/no\/aterstalln-knapp-1slinga\/","title":{"rendered":"Tilbakestillingsknapp 1 Loop"},"content":{"rendered":"<p>Hovedenhet med 1 l\u00f8kke. Alarmsignal kan gis med brytere eller lukking av potensialfrie kontakter. Sl\u00f8yfen kan gis en inngangsforsinkelse p\u00e5 150 ms eller 2,5 s, samt minne\/ikke-minne. Sl\u00f8yfen har kortslutning\/bruddoverv\u00e5king. Potensialfri bryterkontakt. Merkemulighet i knapp og navneskilt. Driftsspenning 15 \u2013 28 V ac \/ 18 \u2013 35 V dc. Str\u00f8mforbruk 70 mA ac \/ 40 mA dc.<\/p>","protected":false},"excerpt":{"rendered":"<p>Hovedenhet med 1 sl\u00f8yfe. Alarmsignal kan lages med brytere eller lukking av potensialfrie kontakter. Sl\u00f8yfen kan gis en inngangsforsinkelse p\u00e5 150 ms eller 2,5 s, samt minne\/ikke-minne. Sl\u00f8yfen har kortslutning<\/p>","protected":false},"featured_media":143785,"template":"","meta":{"_acf_changed":false},"product_brand":[],"product_cat":[1612],"product_tag":[],"class_list":{"0":"post-53445","1":"product","2":"type-product","3":"status-publish","4":"has-post-thumbnail","6":"product_cat-aterstallningsenhet","7":"product_shipping_class-tunga-paket","8":"pa_farg-vit","9":"tm-no-options","11":"first","12":"outofstock","13":"sale","14":"taxable","15":"shipping-taxable","16":"purchasable","17":"product-type-simple"},"acf":[],"_links":{"self":[{"href":"https:\/\/secureus.se\/no\/wp-json\/wp\/v2\/product\/53445","targetHints":{"allow":["GET"]}}],"collection":[{"href":"https:\/\/secureus.se\/no\/wp-json\/wp\/v2\/product"}],"about":[{"href":"https:\/\/secureus.se\/no\/wp-json\/wp\/v2\/types\/product"}],"wp:featuredmedia":[{"embeddable":true,"href":"https:\/\/secureus.se\/no\/wp-json\/wp\/v2\/media\/143785"}],"wp:attachment":[{"href":"https:\/\/secureus.se\/no\/wp-json\/wp\/v2\/media?parent=53445"}],"wp:term":[{"taxonomy":"product_brand","embeddable":true,"href":"https:\/\/secureus.se\/no\/wp-json\/wp\/v2\/product_brand?post=53445"},{"taxonomy":"product_cat","embeddable":true,"href":"https:\/\/secureus.se\/no\/wp-json\/wp\/v2\/product_cat?post=53445"},{"taxonomy":"product_tag","embeddable":true,"href":"https:\/\/secureus.se\/no\/wp-json\/wp\/v2\/product_tag?post=53445"}],"curies":[{"name":"wp","href":"https:\/\/api.w.org\/{rel}","templated":true}]}}