{"id":53448,"date":"2022-06-23T15:13:26","date_gmt":"2022-06-23T13:13:26","guid":{"rendered":"https:\/\/secureus.se\/produkt\/aterstalln-enkel-2-kn-2\/"},"modified":"2026-03-26T12:17:26","modified_gmt":"2026-03-26T11:17:26","slug":"aterstalln-enkel-2-kn-2","status":"publish","type":"product","link":"https:\/\/secureus.se\/no\/aterstalln-enkel-2-kn-2\/","title":{"rendered":"Tilbakestill Simple 2 Kn"},"content":{"rendered":"<p>Enheten inneholder 1 r\u00f8d og 1 gr\u00f8nn funksjonsknapp og r\u00f8d kvitteringsdiode under en 2 mm lysleder i lokket. Trykk p\u00e5 dekselet: &quot;N\u00f8dsignal&quot; og &quot;Tilbakestill&quot;. Tilkobling skjer p\u00e5 pluggbare skruklemmer med ledningsbeskyttelse. For innfelt montering i rund enhetsboks c\/c 60mm eller overflatemontert i veggramme 5020012 (h\u00f8yde 26mm). Dekklokk for skrufeste av hvit termoplast.<\/p>","protected":false},"excerpt":{"rendered":"<p>Enheten inneholder 1 r\u00f8d og 1 gr\u00f8nn funksjonsknapp og r\u00f8d kvitteringsdiode under en 2 mm lysleder i lokket. Trykk p\u00e5 dekselet: &quot;N\u00f8dsignal&quot; og &quot;Tilbakestill&quot;. Tilkobling skjer p\u00e5 pluggbare skruklemmer med ledningsbeskyttelse.<\/p>","protected":false},"featured_media":143577,"template":"","meta":{"_acf_changed":false},"product_brand":[],"product_cat":[1612],"product_tag":[],"class_list":{"0":"post-53448","1":"product","2":"type-product","3":"status-publish","4":"has-post-thumbnail","6":"product_cat-aterstallningsenhet","7":"product_shipping_class-tunga-paket","8":"pa_farg-vit","9":"tm-no-options","11":"first","12":"outofstock","13":"sale","14":"taxable","15":"shipping-taxable","16":"purchasable","17":"product-type-simple"},"acf":[],"_links":{"self":[{"href":"https:\/\/secureus.se\/no\/wp-json\/wp\/v2\/product\/53448","targetHints":{"allow":["GET"]}}],"collection":[{"href":"https:\/\/secureus.se\/no\/wp-json\/wp\/v2\/product"}],"about":[{"href":"https:\/\/secureus.se\/no\/wp-json\/wp\/v2\/types\/product"}],"wp:featuredmedia":[{"embeddable":true,"href":"https:\/\/secureus.se\/no\/wp-json\/wp\/v2\/media\/143577"}],"wp:attachment":[{"href":"https:\/\/secureus.se\/no\/wp-json\/wp\/v2\/media?parent=53448"}],"wp:term":[{"taxonomy":"product_brand","embeddable":true,"href":"https:\/\/secureus.se\/no\/wp-json\/wp\/v2\/product_brand?post=53448"},{"taxonomy":"product_cat","embeddable":true,"href":"https:\/\/secureus.se\/no\/wp-json\/wp\/v2\/product_cat?post=53448"},{"taxonomy":"product_tag","embeddable":true,"href":"https:\/\/secureus.se\/no\/wp-json\/wp\/v2\/product_tag?post=53448"}],"curies":[{"name":"wp","href":"https:\/\/api.w.org\/{rel}","templated":true}]}}