{"id":53453,"date":"2022-06-23T15:12:39","date_gmt":"2022-06-23T13:12:39","guid":{"rendered":"https:\/\/secureus.se\/produkt\/aterstalln-minne-kn\/"},"modified":"2026-04-08T17:01:18","modified_gmt":"2026-04-08T15:01:18","slug":"aterstalln-minne-kn","status":"publish","type":"product","link":"https:\/\/secureus.se\/no\/aterstalln-minne-kn\/","title":{"rendered":"Gjenopprett minne Kn"},"content":{"rendered":"<p>Enheten inneholder en gr\u00f8nn funksjonsknapp og en r\u00f8d bekreftelsesdiode under en 2 mm lysleder i lokket. Minnefunksjon og innganger for alarm og tilbakestilling. Rel\u00e9utganger for alarmer. Trykk p\u00e5 dekselet: &quot;Tilbakestill&quot;. Tilkobling skjer p\u00e5 en skruklemme med ledningsbeskyttelse. For innfelt montering i rund apparatboks c\/c 60mm eller utenp\u00e5liggende montering i veggramme 5020012 (h\u00f8yde 26mm). Dekklokk for skrufeste av hvit termoplast.<\/p>","protected":false},"excerpt":{"rendered":"<p>Enheten inneholder en gr\u00f8nn funksjonsknapp og en r\u00f8d bekreftelsesdiode under en 2 mm lysleder i lokket. Minnefunksjon og innganger for alarm og tilbakestilling. Rel\u00e9utganger for alarmer. Trykk p\u00e5 omslaget: &quot;Tilbakestill&quot;. Tilkobling skjer p\u00e5<\/p>","protected":false},"featured_media":143807,"template":"","meta":{"_acf_changed":false},"product_brand":[],"product_cat":[1612],"product_tag":[],"class_list":{"0":"post-53453","1":"product","2":"type-product","3":"status-publish","4":"has-post-thumbnail","6":"product_cat-aterstallningsenhet","7":"product_shipping_class-tunga-paket","8":"pa_farg-vit","9":"tm-no-options","11":"first","12":"outofstock","13":"sale","14":"taxable","15":"shipping-taxable","16":"purchasable","17":"product-type-simple"},"acf":[],"_links":{"self":[{"href":"https:\/\/secureus.se\/no\/wp-json\/wp\/v2\/product\/53453","targetHints":{"allow":["GET"]}}],"collection":[{"href":"https:\/\/secureus.se\/no\/wp-json\/wp\/v2\/product"}],"about":[{"href":"https:\/\/secureus.se\/no\/wp-json\/wp\/v2\/types\/product"}],"wp:featuredmedia":[{"embeddable":true,"href":"https:\/\/secureus.se\/no\/wp-json\/wp\/v2\/media\/143807"}],"wp:attachment":[{"href":"https:\/\/secureus.se\/no\/wp-json\/wp\/v2\/media?parent=53453"}],"wp:term":[{"taxonomy":"product_brand","embeddable":true,"href":"https:\/\/secureus.se\/no\/wp-json\/wp\/v2\/product_brand?post=53453"},{"taxonomy":"product_cat","embeddable":true,"href":"https:\/\/secureus.se\/no\/wp-json\/wp\/v2\/product_cat?post=53453"},{"taxonomy":"product_tag","embeddable":true,"href":"https:\/\/secureus.se\/no\/wp-json\/wp\/v2\/product_tag?post=53453"}],"curies":[{"name":"wp","href":"https:\/\/api.w.org\/{rel}","templated":true}]}}