{"id":53455,"date":"2022-06-23T15:11:30","date_gmt":"2022-06-23T13:11:30","guid":{"rendered":"https:\/\/secureus.se\/produkt\/anropsapp-drag\/"},"modified":"2026-04-08T16:51:18","modified_gmt":"2026-04-08T14:51:18","slug":"anropsapp-drag","status":"publish","type":"product","link":"https:\/\/secureus.se\/no\/anropsapp-drag\/","title":{"rendered":"Ring app Dra"},"content":{"rendered":"<p>Enheten inneholder en 2 meter trekksnor og en r\u00f8d bekreftelsesdiode under en 2 mm lysleder i lokket. Trykk p\u00e5 lokket: &quot;Signal&quot;. Tilkobling skjer p\u00e5 en jackbar skrueterminal med ledningsbeskyttelse. For innfelt montering i rund enhetsboks c\/c 60mm eller overflatemontert i veggramme 5020012 (h\u00f8yde 26mm). Dekklokk for skrufeste av hvit termoplast.<\/p>","protected":false},"excerpt":{"rendered":"<p>Enheten inneholder en 2 meter trekksnor og en r\u00f8d bekreftelsesdiode under en 2 mm lysleder i lokket. Trykk p\u00e5 lokket: &quot;Signal&quot;. Tilkobling skjer p\u00e5 en jackbar skrueterminal med ledningsbeskyttelse. For innfelt montering i rund<\/p>","protected":false},"featured_media":143445,"template":"","meta":{"_acf_changed":false},"product_brand":[],"product_cat":[1608],"product_tag":[],"class_list":{"0":"post-53455","1":"product","2":"type-product","3":"status-publish","4":"has-post-thumbnail","6":"product_cat-larmknappar","7":"product_shipping_class-tunga-paket","8":"tm-no-options","10":"first","11":"outofstock","12":"sale","13":"taxable","14":"shipping-taxable","15":"purchasable","16":"product-type-simple"},"acf":[],"_links":{"self":[{"href":"https:\/\/secureus.se\/no\/wp-json\/wp\/v2\/product\/53455","targetHints":{"allow":["GET"]}}],"collection":[{"href":"https:\/\/secureus.se\/no\/wp-json\/wp\/v2\/product"}],"about":[{"href":"https:\/\/secureus.se\/no\/wp-json\/wp\/v2\/types\/product"}],"wp:featuredmedia":[{"embeddable":true,"href":"https:\/\/secureus.se\/no\/wp-json\/wp\/v2\/media\/143445"}],"wp:attachment":[{"href":"https:\/\/secureus.se\/no\/wp-json\/wp\/v2\/media?parent=53455"}],"wp:term":[{"taxonomy":"product_brand","embeddable":true,"href":"https:\/\/secureus.se\/no\/wp-json\/wp\/v2\/product_brand?post=53455"},{"taxonomy":"product_cat","embeddable":true,"href":"https:\/\/secureus.se\/no\/wp-json\/wp\/v2\/product_cat?post=53455"},{"taxonomy":"product_tag","embeddable":true,"href":"https:\/\/secureus.se\/no\/wp-json\/wp\/v2\/product_tag?post=53455"}],"curies":[{"name":"wp","href":"https:\/\/api.w.org\/{rel}","templated":true}]}}