{"id":53456,"date":"2022-06-23T15:11:29","date_gmt":"2022-06-23T13:11:29","guid":{"rendered":"https:\/\/secureus.se\/produkt\/anropsapp-kn-signal\/"},"modified":"2026-04-08T16:51:47","modified_gmt":"2026-04-08T14:51:47","slug":"anropsapp-kn-signal","status":"publish","type":"product","link":"https:\/\/secureus.se\/no\/anropsapp-kn-signal\/","title":{"rendered":"Ringeappen Kn &quot;Signal&quot;"},"content":{"rendered":"<p>Anropsenhet som inneholder r\u00f8d funksjonsknapp og r\u00f8d kvitteringsdiode under en 2 mm lysleder i lokket. Trykk p\u00e5 lokket: &quot;Signal&quot;. Tilkobling skjer p\u00e5 en jackbar skrueterminal med ledningsbeskyttelse. For innfelt montering i rund enhetsboks c\/c 60mm eller overflatemontert i veggramme 5020012 (h\u00f8yde 26mm). Dekklokk for skrufeste av hvit termoplast<\/p>","protected":false},"excerpt":{"rendered":"<p>Anropsenhet som inneholder r\u00f8d funksjonsknapp og r\u00f8d kvitteringsdiode under en 2 mm lysleder i lokket. Trykk p\u00e5 lokket: &quot;Signal&quot;. Tilkobling skjer p\u00e5 en jackbar skrueterminal med ledningsbeskyttelse. For innfelt montering i rund apparatboks<\/p>","protected":false},"featured_media":143594,"template":"","meta":{"_acf_changed":false},"product_brand":[],"product_cat":[1608],"product_tag":[],"class_list":{"0":"post-53456","1":"product","2":"type-product","3":"status-publish","4":"has-post-thumbnail","6":"product_cat-larmknappar","7":"product_shipping_class-tunga-paket","8":"pa_farg-vit","9":"tm-no-options","11":"first","12":"outofstock","13":"sale","14":"taxable","15":"shipping-taxable","16":"purchasable","17":"product-type-simple"},"acf":[],"_links":{"self":[{"href":"https:\/\/secureus.se\/no\/wp-json\/wp\/v2\/product\/53456","targetHints":{"allow":["GET"]}}],"collection":[{"href":"https:\/\/secureus.se\/no\/wp-json\/wp\/v2\/product"}],"about":[{"href":"https:\/\/secureus.se\/no\/wp-json\/wp\/v2\/types\/product"}],"wp:featuredmedia":[{"embeddable":true,"href":"https:\/\/secureus.se\/no\/wp-json\/wp\/v2\/media\/143594"}],"wp:attachment":[{"href":"https:\/\/secureus.se\/no\/wp-json\/wp\/v2\/media?parent=53456"}],"wp:term":[{"taxonomy":"product_brand","embeddable":true,"href":"https:\/\/secureus.se\/no\/wp-json\/wp\/v2\/product_brand?post=53456"},{"taxonomy":"product_cat","embeddable":true,"href":"https:\/\/secureus.se\/no\/wp-json\/wp\/v2\/product_cat?post=53456"},{"taxonomy":"product_tag","embeddable":true,"href":"https:\/\/secureus.se\/no\/wp-json\/wp\/v2\/product_tag?post=53456"}],"curies":[{"name":"wp","href":"https:\/\/api.w.org\/{rel}","templated":true}]}}