{"id":53458,"date":"2022-06-23T15:11:27","date_gmt":"2022-06-23T13:11:27","guid":{"rendered":"https:\/\/secureus.se\/produkt\/anropsapp-kn-drag\/"},"modified":"2026-04-08T16:52:30","modified_gmt":"2026-04-08T14:52:30","slug":"anropsapp-kn-drag","status":"publish","type":"product","link":"https:\/\/secureus.se\/no\/anropsapp-kn-drag\/","title":{"rendered":"Calling app Kn Dra"},"content":{"rendered":"<p>Anropsenhet som inneholder r\u00f8d funksjonsknapp og r\u00f8d kvitteringsdiode under en 2 mm lysleder i lokket.<br \/>\nTrykk p\u00e5 lokket: &quot;&quot;Signal&quot;&quot;.<br \/>\nTilkobling skjer p\u00e5 en jackbar skrueterminal med ledningsbeskyttelse.<br \/>\nFor innfelt montering i rund apparatboks c\/c 60 mm eller utenp\u00e5liggende montering i veggramme 5020088 (h\u00f8yde 16 mm).<br \/>\nDekklokk for skrufeste av hvit termoplast.<\/p>","protected":false},"excerpt":{"rendered":"<p>Anropsenhet som inneholder r\u00f8d funksjonsknapp og r\u00f8d kvitteringsdiode under en 2 mm lysleder i lokket. Trykk p\u00e5 lokket: &quot;&quot;Signal&quot;&quot;. Tilkobling skjer p\u00e5 en jackbar skrueterminal med ledningsbeskyttelse. For innfelt montering i rund apparatboks<\/p>","protected":false},"featured_media":144267,"template":"","meta":{"_acf_changed":false},"product_brand":[],"product_cat":[1608],"product_tag":[],"class_list":{"0":"post-53458","1":"product","2":"type-product","3":"status-publish","4":"has-post-thumbnail","6":"product_cat-larmknappar","7":"product_shipping_class-tunga-paket","8":"pa_farg-vit","9":"tm-no-options","11":"first","12":"outofstock","13":"sale","14":"taxable","15":"shipping-taxable","16":"purchasable","17":"product-type-simple"},"acf":[],"_links":{"self":[{"href":"https:\/\/secureus.se\/no\/wp-json\/wp\/v2\/product\/53458","targetHints":{"allow":["GET"]}}],"collection":[{"href":"https:\/\/secureus.se\/no\/wp-json\/wp\/v2\/product"}],"about":[{"href":"https:\/\/secureus.se\/no\/wp-json\/wp\/v2\/types\/product"}],"wp:featuredmedia":[{"embeddable":true,"href":"https:\/\/secureus.se\/no\/wp-json\/wp\/v2\/media\/144267"}],"wp:attachment":[{"href":"https:\/\/secureus.se\/no\/wp-json\/wp\/v2\/media?parent=53458"}],"wp:term":[{"taxonomy":"product_brand","embeddable":true,"href":"https:\/\/secureus.se\/no\/wp-json\/wp\/v2\/product_brand?post=53458"},{"taxonomy":"product_cat","embeddable":true,"href":"https:\/\/secureus.se\/no\/wp-json\/wp\/v2\/product_cat?post=53458"},{"taxonomy":"product_tag","embeddable":true,"href":"https:\/\/secureus.se\/no\/wp-json\/wp\/v2\/product_tag?post=53458"}],"curies":[{"name":"wp","href":"https:\/\/api.w.org\/{rel}","templated":true}]}}