{"id":53463,"date":"2022-06-22T11:25:24","date_gmt":"2022-06-22T09:25:24","guid":{"rendered":"https:\/\/secureus.se\/produkt\/radiosandare-s2tr2641e4\/"},"modified":"2026-04-08T16:58:36","modified_gmt":"2026-04-08T14:58:36","slug":"radiosandare-s2tr2641e4","status":"publish","type":"product","link":"https:\/\/secureus.se\/no\/radiosandare-s2tr2641e4\/","title":{"rendered":"Radiosender S2Tr2641E4 \u2013 CDVI 433 MHz, 4 knapper, KeeLoq\u00ae"},"content":{"rendered":"<h3 data-start=\"1148\" data-end=\"1212\">Radiosender med 4 knapper \u2013 enkel \u00e5 bruke, h\u00f8y sikkerhet<\/h3>\n<p data-start=\"1213\" data-end=\"1484\">CDVI Erone S2TR2641E4 er en ergonomisk radiosender med <strong data-start=\"1269\" data-end=\"1303\">fire store og tydelige knapper<\/strong>, designet for \u00e5 v\u00e6re enkel \u00e5 bruke selv om du har litt svakere hender. Perfekt for \u00e5 kontrollere f.eks. <strong data-start=\"1413\" data-end=\"1483\">d\u00f8r\u00e5pnere, porter, garasjeporter, belysning eller alarmfunksjoner<\/strong>.<\/p>\n<h3 data-start=\"1486\" data-end=\"1526\">Sikre signalet med KeeLoq Rolling Code<\/h3>\n<p data-start=\"1527\" data-end=\"1711\">Senderen bruker <strong data-start=\"1545\" data-end=\"1576\">KeeLoq Hopping\/Rulling Code<\/strong>, som betyr at koden endres med hvert tastetrykk for \u00e5 redusere risikoen for kopiering.<\/p>\n<h3 data-start=\"1713\" data-end=\"1758\">Passer til CDVI\/Erone-mottakere p\u00e5 433,92 MHz<\/h3>\n<p data-start=\"1759\" data-end=\"1970\">S2TR2641E4 fungerer med alle <strong data-start=\"1783\" data-end=\"1808\">CDVI-radiomottaker<\/strong> som bruker samme frekvens (<strong data-start=\"1838\" data-end=\"1852\">433,92 MHz<\/strong>) og kan programmeres inn i \u00e9n eller flere mottakere avhengig av installasjonen.<\/p>\n<h3 data-start=\"1972\" data-end=\"1998\">Batteri og indikasjon<\/h3>\n<p data-start=\"1999\" data-end=\"2222\">Senderen drives av en <strong data-start=\"2021\" data-end=\"2048\">23A\/L1028 12V batteri<\/strong>LED-lampen indikerer overf\u00f8ring, og ved lavt batteriniv\u00e5 kan LED-lampen oppf\u00f8re seg annerledes (f.eks. blinke), noe som er et godt signal for \u00e5 bytte batteri.<\/p>\n<p class=\"not-prose mt-0! mb-0! flex-auto truncate\">H\u00e5ndbok S2TR2641Ex EN<\/p>\n<hr data-start=\"2224\" data-end=\"2227\" \/>\n<h2 data-start=\"2229\" data-end=\"2253\">Fordeler<\/h2>\n<ul data-start=\"2254\" data-end=\"2750\">\n<li data-start=\"2254\" data-end=\"2321\">\n<p data-start=\"2256\" data-end=\"2321\"><strong data-start=\"2256\" data-end=\"2281\">4 knapper \/ 4 kanaler<\/strong><\/p>\n<\/li>\n<li data-start=\"2322\" data-end=\"2387\">\n<p data-start=\"2324\" data-end=\"2387\"><strong data-start=\"2324\" data-end=\"2338\">433,92 MHz<\/strong> (AM\/SP\u00d8R)<\/p>\n<\/li>\n<li data-start=\"2388\" data-end=\"2470\">\n<p data-start=\"2390\" data-end=\"2470\"><strong data-start=\"2390\" data-end=\"2413\">KeeLoq rullende kode<\/strong> (h\u00f8y sikkerhet)<\/p>\n<\/li>\n<li data-start=\"2471\" data-end=\"2553\">\n<p data-start=\"2473\" data-end=\"2553\"><strong data-start=\"2473\" data-end=\"2511\">Rekkevidde i \u00e5pent felt ca. 150\u2013250 m<\/strong><\/p>\n<\/li>\n<li data-start=\"2554\" data-end=\"2594\">\n<p data-start=\"2556\" data-end=\"2594\"><strong data-start=\"2556\" data-end=\"2592\">Ergonomisk design, store knapper<\/strong><\/p>\n<\/li>\n<li data-start=\"2595\" data-end=\"2639\">\n<p data-start=\"2597\" data-end=\"2639\">Passer <strong data-start=\"2604\" data-end=\"2627\">veggholder SESMT03<\/strong> (valgfri)<\/p>\n<\/li>\n<li data-start=\"2640\" data-end=\"2750\">\n<p data-start=\"2642\" data-end=\"2750\">Batteri: <strong data-start=\"2651\" data-end=\"2672\">23A \/ L1028 (12V)<\/strong>, typisk levetid <strong data-start=\"2691\" data-end=\"2708\">12\u201318 m\u00e5neder<\/strong><\/p>\n<\/li>\n<\/ul>","protected":false},"excerpt":{"rendered":"<p>Ergonomisk radiosender med 4 knapper (433,92 MHz) og KeeLoq-kryptering for sikker kontroll av f.eks. d\u00f8r\u00e5pnere, porter, belysning og alarmer. Passer til CDVI\/Erone-mottakere p\u00e5 samme frekvens og fungerer ogs\u00e5 med v\u00e5r veggholder.<\/p>","protected":false},"featured_media":143400,"template":"","meta":{"_acf_changed":false},"product_brand":[],"product_cat":[1616],"product_tag":[2273],"class_list":{"0":"post-53463","1":"product","2":"type-product","3":"status-publish","4":"has-post-thumbnail","6":"product_cat-radiosandare-mottagare","7":"product_tag-radio-sandare-erone","8":"product_shipping_class-postnord-varubrev","9":"pa_brands-cdvi","10":"tm-no-options","12":"first","13":"instock","14":"sale","15":"taxable","16":"shipping-taxable","17":"purchasable","18":"product-type-simple"},"acf":[],"_links":{"self":[{"href":"https:\/\/secureus.se\/no\/wp-json\/wp\/v2\/product\/53463","targetHints":{"allow":["GET"]}}],"collection":[{"href":"https:\/\/secureus.se\/no\/wp-json\/wp\/v2\/product"}],"about":[{"href":"https:\/\/secureus.se\/no\/wp-json\/wp\/v2\/types\/product"}],"wp:featuredmedia":[{"embeddable":true,"href":"https:\/\/secureus.se\/no\/wp-json\/wp\/v2\/media\/143400"}],"wp:attachment":[{"href":"https:\/\/secureus.se\/no\/wp-json\/wp\/v2\/media?parent=53463"}],"wp:term":[{"taxonomy":"product_brand","embeddable":true,"href":"https:\/\/secureus.se\/no\/wp-json\/wp\/v2\/product_brand?post=53463"},{"taxonomy":"product_cat","embeddable":true,"href":"https:\/\/secureus.se\/no\/wp-json\/wp\/v2\/product_cat?post=53463"},{"taxonomy":"product_tag","embeddable":true,"href":"https:\/\/secureus.se\/no\/wp-json\/wp\/v2\/product_tag?post=53463"}],"curies":[{"name":"wp","href":"https:\/\/api.w.org\/{rel}","templated":true}]}}