{"id":53476,"date":"2022-06-22T11:19:30","date_gmt":"2022-06-22T09:19:30","guid":{"rendered":"https:\/\/secureus.se\/produkt\/radiosandare-setr2641am2-n\/"},"modified":"2026-04-25T21:02:24","modified_gmt":"2026-04-25T19:02:24","slug":"radiosandare-setr2641am2-n","status":"publish","type":"product","link":"https:\/\/secureus.se\/no\/radiosandare-setr2641am2-n\/","title":{"rendered":"Radiosender SETR2641AM2.N \u2013 CDVI 433 MHz, 2 knapper, KeeLoq\u00ae"},"content":{"rendered":"<h3 data-start=\"593\" data-end=\"661\">Radiosender SETR2641AM2.N \u2013 CDVI 433 MHz, 2 knapper, KeeLoq\u00ae<\/h3>\n<p data-start=\"662\" data-end=\"954\"><strong data-start=\"662\" data-end=\"679\">SETR2641AM2.N<\/strong> er en <strong data-start=\"686\" data-end=\"710\">kompakt radiosender<\/strong> med to funksjonsknapper, utviklet for sikker og p\u00e5litelig kontroll av <strong data-start=\"782\" data-end=\"839\">automatiske d\u00f8rer, porter, belysnings- og alarmsystemer<\/strong>.<br data-start=\"840\" data-end=\"843\" \/>Senderen er en del av <strong data-start=\"865\" data-end=\"889\">CDVIs 433 MHz-serie<\/strong> og er fullt kompatibel med mottakere innenfor samme frekvensomr\u00e5de.<\/p>\n<p data-start=\"956\" data-end=\"1137\">Den bruker <strong data-start=\"969\" data-end=\"993\">KeeLoq\u00ae Hopping-kode<\/strong>, en avansert krypteringsteknologi som genererer en ny kode med hver overf\u00f8ring \u2013 som effektivt beskytter mot skanning og kopiering av signalet.<\/p>\n<hr data-start=\"1139\" data-end=\"1142\" \/>\n<h3 data-start=\"1144\" data-end=\"1170\">Tekniske egenskaper<\/h3>\n<ul data-start=\"1171\" data-end=\"1544\">\n<li data-start=\"1171\" data-end=\"1199\">\n<p data-start=\"1173\" data-end=\"1199\"><strong data-start=\"1173\" data-end=\"1186\">Hyppighet:<\/strong> 433,92 MHz<\/p>\n<\/li>\n<li data-start=\"1200\" data-end=\"1224\">\n<p data-start=\"1202\" data-end=\"1224\"><strong data-start=\"1202\" data-end=\"1220\">Antall knapper:<\/strong> 2<\/p>\n<\/li>\n<li data-start=\"1225\" data-end=\"1268\">\n<p data-start=\"1227\" data-end=\"1268\"><strong data-start=\"1227\" data-end=\"1240\">Omfang:<\/strong> opptil 200 m (siktlinje)<\/p>\n<\/li>\n<li data-start=\"1269\" data-end=\"1309\">\n<p data-start=\"1271\" data-end=\"1309\"><strong data-start=\"1271\" data-end=\"1286\">Kryptering:<\/strong> KeeLoq\u00ae Hopping-kode<\/p>\n<\/li>\n<li data-start=\"1310\" data-end=\"1344\">\n<p data-start=\"1312\" data-end=\"1344\"><strong data-start=\"1312\" data-end=\"1324\">Batteri:<\/strong> 2 \u00d7 CR2016 litiumbatterier<\/p>\n<\/li>\n<li data-start=\"1345\" data-end=\"1371\">\n<p data-start=\"1347\" data-end=\"1371\"><strong data-start=\"1347\" data-end=\"1365\">Driftsspenning:<\/strong> 3 V<\/p>\n<\/li>\n<li data-start=\"1372\" data-end=\"1417\">\n<p data-start=\"1374\" data-end=\"1417\"><strong data-start=\"1374\" data-end=\"1383\">Farge:<\/strong> Gr\u00e5 (ogs\u00e5 tilgjengelig i flere farger)<\/p>\n<\/li>\n<li data-start=\"1418\" data-end=\"1476\">\n<p data-start=\"1420\" data-end=\"1476\"><strong data-start=\"1420\" data-end=\"1429\">M\u00e5le:<\/strong> Kompakt design \u2013 enkel \u00e5 b\u00e6re p\u00e5 n\u00f8kkelringen<\/p>\n<\/li>\n<li data-start=\"1477\" data-end=\"1544\">\n<p data-start=\"1479\" data-end=\"1544\"><strong data-start=\"1479\" data-end=\"1498\">Kompatibilitet:<\/strong> Passer til alle CDVI-mottakere i 433 MHz-serien<\/p>\n<\/li>\n<\/ul>\n<hr data-start=\"1546\" data-end=\"1549\" \/>\n<h3 data-start=\"1551\" data-end=\"1581\">Funksjon og bruk<\/h3>\n<p data-start=\"1582\" data-end=\"1819\">Hver sender tildeles et unikt serienummer og synkroniseres automatisk med mottakeren.<br data-start=\"1673\" data-end=\"1676\" \/>Systemet lagrer ID-er og krypteringsn\u00f8kler i EEPROM-minne, noe som tillater flere sendere per mottaker \u2013 perfekt for <strong data-start=\"1794\" data-end=\"1816\">flerbrukersystem<\/strong>.<\/p>\n<p data-start=\"1821\" data-end=\"1861\">Senderen kan brukes til \u00e5 styre:<\/p>\n<ul data-start=\"1862\" data-end=\"2007\">\n<li data-start=\"1862\" data-end=\"1890\">\n<p data-start=\"1864\" data-end=\"1890\">Porter og garasjeporter<\/p>\n<\/li>\n<li data-start=\"1891\" data-end=\"1923\">\n<p data-start=\"1893\" data-end=\"1923\">Automatiske d\u00f8rer og skodder<\/p>\n<\/li>\n<li data-start=\"1924\" data-end=\"1956\">\n<p data-start=\"1926\" data-end=\"1956\">Alarm- og lysstyring<\/p>\n<\/li>\n<li data-start=\"1957\" data-end=\"2007\">\n<p data-start=\"1959\" data-end=\"2007\">Sikkerhetsfunksjoner innen industri og eiendom<\/p>\n<\/li>\n<\/ul>\n<hr data-start=\"2009\" data-end=\"2012\" \/>\n<h3 data-start=\"2014\" data-end=\"2029\">Fordeler<\/h3>\n<ul data-start=\"2030\" data-end=\"2237\">\n<li data-start=\"2030\" data-end=\"2069\">\n<p data-start=\"2032\" data-end=\"2069\">H\u00f8y sikkerhet med KeeLoq\u00ae-kryptering<\/p>\n<\/li>\n<li data-start=\"2070\" data-end=\"2109\">\n<p data-start=\"2072\" data-end=\"2109\">Kompatibel med hele CDVI 433-serien<\/p>\n<\/li>\n<li data-start=\"2110\" data-end=\"2141\">\n<p data-start=\"2112\" data-end=\"2141\">Rekkevidde opp til 200 meter<\/p>\n<\/li>\n<li data-start=\"2142\" data-end=\"2196\">\n<p data-start=\"2144\" data-end=\"2196\">Liten og slitesterk design \u2013 perfekt for n\u00f8kkelringen din<\/p>\n<\/li>\n<li data-start=\"2197\" data-end=\"2237\">\n<p data-start=\"2199\" data-end=\"2237\">Enkel installasjon og programmering<\/p>\n<\/li>\n<\/ul>\n<hr data-start=\"2239\" data-end=\"2242\" \/>\n<h3 data-start=\"2244\" data-end=\"2259\">Innhold<\/h3>\n<ul data-start=\"2260\" data-end=\"2359\">\n<li data-start=\"2260\" data-end=\"2294\">\n<p data-start=\"2262\" data-end=\"2294\">1 \u00d7 Radiosender SETR2641AM2.N<\/p>\n<\/li>\n<li data-start=\"2295\" data-end=\"2340\">\n<p data-start=\"2297\" data-end=\"2340\">2 \u00d7 CR2016 litiumbatterier (forh\u00e5ndsinstallert)<\/p>\n<\/li>\n<li data-start=\"2341\" data-end=\"2359\">\n<p data-start=\"2343\" data-end=\"2359\">Instruksjoner for bruk<\/p>\n<\/li>\n<\/ul>","protected":false},"excerpt":{"rendered":"<p>Kompakt <strong data-start=\"282\" data-end=\"303\">CDVI-radiosender<\/strong> med <strong data-start=\"308\" data-end=\"323\">to knapper<\/strong> og opp til <strong data-start=\"337\" data-end=\"355\">200m rekkevidde<\/strong>.<br data-start=\"356\" data-end=\"359\" \/>Bruksomr\u00e5der <strong data-start=\"368\" data-end=\"392\">KeeLoq\u00ae Hopping-kode<\/strong> for h\u00f8y sikkerhet.<br data-start=\"410\" data-end=\"413\" \/>Kompatibel med alle <strong data-start=\"433\" data-end=\"462\">CDVI 433,92 MHz-mottaker<\/strong> \u2013 ideell for kontroll <strong data-start=\"490\" data-end=\"529\">porter, d\u00f8rer, belysning og alarmer<\/strong>.<\/p>","protected":false},"featured_media":143924,"template":"","meta":{"_acf_changed":false},"product_brand":[],"product_cat":[1616],"product_tag":[2273],"class_list":{"0":"post-53476","1":"product","2":"type-product","3":"status-publish","4":"has-post-thumbnail","6":"product_cat-radiosandare-mottagare","7":"product_tag-radio-sandare-erone","8":"product_shipping_class-postnord-varubrev","9":"pa_brands-cdvi","10":"tm-has-options","12":"first","13":"instock","14":"taxable","15":"shipping-taxable","16":"purchasable","17":"product-type-simple"},"acf":[],"_links":{"self":[{"href":"https:\/\/secureus.se\/no\/wp-json\/wp\/v2\/product\/53476","targetHints":{"allow":["GET"]}}],"collection":[{"href":"https:\/\/secureus.se\/no\/wp-json\/wp\/v2\/product"}],"about":[{"href":"https:\/\/secureus.se\/no\/wp-json\/wp\/v2\/types\/product"}],"wp:featuredmedia":[{"embeddable":true,"href":"https:\/\/secureus.se\/no\/wp-json\/wp\/v2\/media\/143924"}],"wp:attachment":[{"href":"https:\/\/secureus.se\/no\/wp-json\/wp\/v2\/media?parent=53476"}],"wp:term":[{"taxonomy":"product_brand","embeddable":true,"href":"https:\/\/secureus.se\/no\/wp-json\/wp\/v2\/product_brand?post=53476"},{"taxonomy":"product_cat","embeddable":true,"href":"https:\/\/secureus.se\/no\/wp-json\/wp\/v2\/product_cat?post=53476"},{"taxonomy":"product_tag","embeddable":true,"href":"https:\/\/secureus.se\/no\/wp-json\/wp\/v2\/product_tag?post=53476"}],"curies":[{"name":"wp","href":"https:\/\/api.w.org\/{rel}","templated":true}]}}