{"id":53499,"date":"2022-06-22T11:34:16","date_gmt":"2022-06-22T09:34:16","guid":{"rendered":"https:\/\/secureus.se\/produkt\/digitag-sandare-dtxt5434m\/"},"modified":"2026-04-23T11:59:24","modified_gmt":"2026-04-23T09:59:24","slug":"digitag-sandare-dtxt5434m","status":"publish","type":"product","link":"https:\/\/secureus.se\/no\/digitag-sandare-dtxt5434m\/","title":{"rendered":"Digitag-sender Dtxt5434M"},"content":{"rendered":"<p>DigiTag LR kontaktl\u00f8se sendere er en unik serie med s\u00e5kalte aktive prox-brikker eller langdistansebrikker for virkelig kontaktl\u00f8s passasje, senderen har en innebygd bevegelsessensor som gj\u00f8r at hvis senderen st\u00e5r stille g\u00e5r den i hvilemodus og stopper sende signaler for \u00e5 \u00f8ke batterilevetiden. Passer godt p\u00e5 sykehus, i parkeringshus, varehus og andre anlegg som trenger kontaktfri passasje gjennom beskyttede rom. Signalet mellom sender og mottaker er kryptert med Kelloq\u00ae &quot;Rolling code&quot;, som gj\u00f8r det sv\u00e6rt vanskelig \u00e5 kopiere. CE-godkjent og R&amp;TTE-sertifisert. Str\u00f8mforbruk: 4mA ved overf\u00f8ring. Frekvens: 433,92MHz AM.<\/p>","protected":false},"excerpt":{"rendered":"<p>DigiTag LR kontaktl\u00f8s sender er en unik serie med s\u00e5kalte aktive prox-brikker eller langdistansebrikker for virkelig kontaktl\u00f8s passasje, senderen har en innebygd bevegelsessensor som gj\u00f8r at dersom senderen er<\/p>","protected":false},"featured_media":143366,"template":"","meta":{"_acf_changed":false},"product_brand":[],"product_cat":[1616],"product_tag":[2277],"class_list":{"0":"post-53499","1":"product","2":"type-product","3":"status-publish","4":"has-post-thumbnail","6":"product_cat-radiosandare-mottagare","7":"product_tag-radio-sandare-digitag","8":"product_shipping_class-tunga-paket","9":"tm-no-options","11":"first","12":"outofstock","13":"sale","14":"taxable","15":"shipping-taxable","16":"purchasable","17":"product-type-simple"},"acf":[],"_links":{"self":[{"href":"https:\/\/secureus.se\/no\/wp-json\/wp\/v2\/product\/53499","targetHints":{"allow":["GET"]}}],"collection":[{"href":"https:\/\/secureus.se\/no\/wp-json\/wp\/v2\/product"}],"about":[{"href":"https:\/\/secureus.se\/no\/wp-json\/wp\/v2\/types\/product"}],"wp:featuredmedia":[{"embeddable":true,"href":"https:\/\/secureus.se\/no\/wp-json\/wp\/v2\/media\/143366"}],"wp:attachment":[{"href":"https:\/\/secureus.se\/no\/wp-json\/wp\/v2\/media?parent=53499"}],"wp:term":[{"taxonomy":"product_brand","embeddable":true,"href":"https:\/\/secureus.se\/no\/wp-json\/wp\/v2\/product_brand?post=53499"},{"taxonomy":"product_cat","embeddable":true,"href":"https:\/\/secureus.se\/no\/wp-json\/wp\/v2\/product_cat?post=53499"},{"taxonomy":"product_tag","embeddable":true,"href":"https:\/\/secureus.se\/no\/wp-json\/wp\/v2\/product_tag?post=53499"}],"curies":[{"name":"wp","href":"https:\/\/api.w.org\/{rel}","templated":true}]}}