{"id":53505,"date":"2022-06-22T11:29:22","date_gmt":"2022-06-22T09:29:22","guid":{"rendered":"https:\/\/secureus.se\/produkt\/radiomottagare-sel2641r433-xpl-9\/"},"modified":"2026-04-08T16:48:32","modified_gmt":"2026-04-08T14:48:32","slug":"radiomottagare-sel2641r433-xpl-9","status":"publish","type":"product","link":"https:\/\/secureus.se\/no\/radiomottagare-sel2641r433-xpl-9\/","title":{"rendered":"Radiomottaker Sel2641R433-Xpl"},"content":{"rendered":"<p>Tr\u00e5dl\u00f8s radiomottaker med 230V spenningsforsyning og plass til 500 sendere. Utmerket for \u00e5 kontrollere porter, porter, belysning, alarmer osv. Fire 3,5kW rel\u00e9utganger programmerbare som puls-, veksel- eller tidsstyrt. Radiomottakeren har et opplyst LCD-display for enkel programmering. Det er mulighet for \u00e5 gj\u00f8re en batch-lasting av sendere i serienummerrekkef\u00f8lge og backup til minnet (MXPL) og mulighet for \u00e5 \u00f8ke rekkevidden ved hjelp av en ekstern antenne (SEA433). Kryptering: KeeLoq\u00ae Rolling Code. Frekvens: 433,92MHz.<\/p>","protected":false},"excerpt":{"rendered":"<p>Tr\u00e5dl\u00f8s radiomottaker med 230V spenningsforsyning og plass til 500 sendere. Utmerket for \u00e5 kontrollere porter, porter, belysning, alarmer osv. Fire 3,5kW rel\u00e9utganger programmerbare som puls-, veksel- eller tidsstyrte. Radiomottakeren har<\/p>","protected":false},"featured_media":143843,"template":"","meta":{"_acf_changed":false},"product_brand":[],"product_cat":[1616],"product_tag":[2272],"class_list":{"0":"post-53505","1":"product","2":"type-product","3":"status-publish","4":"has-post-thumbnail","6":"product_cat-radiosandare-mottagare","7":"product_tag-radio-mottagare-erone","8":"product_shipping_class-tunga-paket","9":"tm-no-options","11":"first","12":"outofstock","13":"sale","14":"taxable","15":"shipping-taxable","16":"purchasable","17":"product-type-simple"},"acf":[],"_links":{"self":[{"href":"https:\/\/secureus.se\/no\/wp-json\/wp\/v2\/product\/53505","targetHints":{"allow":["GET"]}}],"collection":[{"href":"https:\/\/secureus.se\/no\/wp-json\/wp\/v2\/product"}],"about":[{"href":"https:\/\/secureus.se\/no\/wp-json\/wp\/v2\/types\/product"}],"wp:featuredmedia":[{"embeddable":true,"href":"https:\/\/secureus.se\/no\/wp-json\/wp\/v2\/media\/143843"}],"wp:attachment":[{"href":"https:\/\/secureus.se\/no\/wp-json\/wp\/v2\/media?parent=53505"}],"wp:term":[{"taxonomy":"product_brand","embeddable":true,"href":"https:\/\/secureus.se\/no\/wp-json\/wp\/v2\/product_brand?post=53505"},{"taxonomy":"product_cat","embeddable":true,"href":"https:\/\/secureus.se\/no\/wp-json\/wp\/v2\/product_cat?post=53505"},{"taxonomy":"product_tag","embeddable":true,"href":"https:\/\/secureus.se\/no\/wp-json\/wp\/v2\/product_tag?post=53505"}],"curies":[{"name":"wp","href":"https:\/\/api.w.org\/{rel}","templated":true}]}}