{"id":53513,"date":"2022-06-22T11:27:19","date_gmt":"2022-06-22T09:27:19","guid":{"rendered":"https:\/\/secureus.se\/produkt\/radiomottagare-sel2641r433-nnv\/"},"modified":"2026-04-23T11:58:48","modified_gmt":"2026-04-23T09:58:48","slug":"radiomottagare-sel2641r433-nnv","status":"publish","type":"product","link":"https:\/\/secureus.se\/no\/radiomottagare-sel2641r433-nnv\/","title":{"rendered":"Radiomottaker Sel2641R433-Nnv"},"content":{"rendered":"<p>Tr\u00e5dl\u00f8s radiomottaker med plass til 85 sendere. Utmerket for styring av porter, porter, belysning etc. En rel\u00e9utgang programmerbar som puls eller alternerende. Radiomottakeren er veldig liten, noe som gj\u00f8r den enkel \u00e5 bygge inn i de fleste enheter. Forsyningsspenning 230Vac. Maks belastning 500W. Kryptering: KeeLoq\u00ae Rolling Code. Frekvens: 433,92MHz.<\/p>","protected":false},"excerpt":{"rendered":"<p>Tr\u00e5dl\u00f8s radiomottaker med plass til 85 sendere. Utmerket for styring av porter, porter, belysning etc. En rel\u00e9utgang programmerbar som puls eller alternerende. Radiomottakeren er veldig liten, noe som gj\u00f8r den praktisk<\/p>","protected":false},"featured_media":143494,"template":"","meta":{"_acf_changed":false},"product_brand":[],"product_cat":[1616],"product_tag":[2272],"class_list":{"0":"post-53513","1":"product","2":"type-product","3":"status-publish","4":"has-post-thumbnail","6":"product_cat-radiosandare-mottagare","7":"product_tag-radio-mottagare-erone","8":"product_shipping_class-tunga-paket","9":"tm-no-options","11":"first","12":"outofstock","13":"sale","14":"taxable","15":"shipping-taxable","16":"purchasable","17":"product-type-simple"},"acf":[],"_links":{"self":[{"href":"https:\/\/secureus.se\/no\/wp-json\/wp\/v2\/product\/53513","targetHints":{"allow":["GET"]}}],"collection":[{"href":"https:\/\/secureus.se\/no\/wp-json\/wp\/v2\/product"}],"about":[{"href":"https:\/\/secureus.se\/no\/wp-json\/wp\/v2\/types\/product"}],"wp:featuredmedia":[{"embeddable":true,"href":"https:\/\/secureus.se\/no\/wp-json\/wp\/v2\/media\/143494"}],"wp:attachment":[{"href":"https:\/\/secureus.se\/no\/wp-json\/wp\/v2\/media?parent=53513"}],"wp:term":[{"taxonomy":"product_brand","embeddable":true,"href":"https:\/\/secureus.se\/no\/wp-json\/wp\/v2\/product_brand?post=53513"},{"taxonomy":"product_cat","embeddable":true,"href":"https:\/\/secureus.se\/no\/wp-json\/wp\/v2\/product_cat?post=53513"},{"taxonomy":"product_tag","embeddable":true,"href":"https:\/\/secureus.se\/no\/wp-json\/wp\/v2\/product_tag?post=53513"}],"curies":[{"name":"wp","href":"https:\/\/api.w.org\/{rel}","templated":true}]}}