{"id":53516,"date":"2022-06-22T11:25:43","date_gmt":"2022-06-22T09:25:43","guid":{"rendered":"https:\/\/secureus.se\/produkt\/radiosandare-setr2641am1\/"},"modified":"2026-04-23T11:58:44","modified_gmt":"2026-04-23T09:58:44","slug":"radiosandare-setr2641am1","status":"publish","type":"product","link":"https:\/\/secureus.se\/no\/radiosandare-setr2641am1\/","title":{"rendered":"Radiosender Setr2641Am1"},"content":{"rendered":"<p>Liten radiosender med knapp i ergonomisk design, v\u00e5r absolutt minste sender som passer perfekt til \u00e5 ha p\u00e5 f.eks. n\u00f8kkelknippet. Passer alle CDVI radiomottakere som fungerer p\u00e5 samme frekvens (433,92MHz). Utmerket for styring av automatiske d\u00f8rer, belysning, alarmer, etc.<\/p>","protected":false},"excerpt":{"rendered":"<p>Liten radiosender med knapp i ergonomisk design, v\u00e5r absolutt minste sender som passer perfekt til \u00e5 ha p\u00e5 f.eks. n\u00f8kkelknippet. Passer alle CDVI radiomottakere som fungerer p\u00e5 samme frekvens<\/p>","protected":false},"featured_media":144298,"template":"","meta":{"_acf_changed":false},"product_brand":[],"product_cat":[1616],"product_tag":[2273],"class_list":{"0":"post-53516","1":"product","2":"type-product","3":"status-publish","4":"has-post-thumbnail","6":"product_cat-radiosandare-mottagare","7":"product_tag-radio-sandare-erone","8":"product_shipping_class-postnord-varubrev","9":"pa_brands-cdvi","10":"tm-no-options","12":"first","13":"outofstock","14":"sale","15":"taxable","16":"shipping-taxable","17":"purchasable","18":"product-type-simple"},"acf":[],"_links":{"self":[{"href":"https:\/\/secureus.se\/no\/wp-json\/wp\/v2\/product\/53516","targetHints":{"allow":["GET"]}}],"collection":[{"href":"https:\/\/secureus.se\/no\/wp-json\/wp\/v2\/product"}],"about":[{"href":"https:\/\/secureus.se\/no\/wp-json\/wp\/v2\/types\/product"}],"wp:featuredmedia":[{"embeddable":true,"href":"https:\/\/secureus.se\/no\/wp-json\/wp\/v2\/media\/144298"}],"wp:attachment":[{"href":"https:\/\/secureus.se\/no\/wp-json\/wp\/v2\/media?parent=53516"}],"wp:term":[{"taxonomy":"product_brand","embeddable":true,"href":"https:\/\/secureus.se\/no\/wp-json\/wp\/v2\/product_brand?post=53516"},{"taxonomy":"product_cat","embeddable":true,"href":"https:\/\/secureus.se\/no\/wp-json\/wp\/v2\/product_cat?post=53516"},{"taxonomy":"product_tag","embeddable":true,"href":"https:\/\/secureus.se\/no\/wp-json\/wp\/v2\/product_tag?post=53516"}],"curies":[{"name":"wp","href":"https:\/\/api.w.org\/{rel}","templated":true}]}}