{"id":53518,"date":"2022-06-22T11:23:45","date_gmt":"2022-06-22T09:23:45","guid":{"rendered":"https:\/\/secureus.se\/produkt\/radiosandare-tths2641e1b\/"},"modified":"2026-04-23T11:59:18","modified_gmt":"2026-04-23T09:59:18","slug":"radiosandare-tths2641e1b","status":"publish","type":"product","link":"https:\/\/secureus.se\/no\/radiosandare-tths2641e1b\/","title":{"rendered":"Radiosender Tths2641E1B"},"content":{"rendered":"<p>En veggmontert radiosender med \u00e9n kanal, radiosenderen monteres i en innkapslet boks og aktiveres helt uten ber\u00f8ring i en avstand p\u00e5 inntil 4 cm. Perfekt for styring av porter, automatiske d\u00f8r\u00e5pnere og porter, radiosenderen er like godt egnet til private tilpasninger i boliger som i industrielle milj\u00f8er. Radiosenderen har en LED og en summer som indikerer at den sender et radiosignal, samt en indikasjon p\u00e5 at den m\u00e5 bytte batteri, da lyser radiosenderen r\u00f8dt i stedet for gr\u00f8nt n\u00e5r den aktiveres. Radiosenderens kommunikasjon er kryptert med Keeloq\u00ae Rolling Code og har 264 kodekombinasjoner, noe som gir den et meget h\u00f8yt sikkerhetsniv\u00e5.<\/p>","protected":false},"excerpt":{"rendered":"<p>En veggmontert radiosender med \u00e9n kanal, radiosenderen monteres i en innkapslet boks og aktiveres helt uten ber\u00f8ring i en avstand p\u00e5 inntil 4 cm. Perfekt for styring av porter, automatiske d\u00f8r\u00e5pnere<\/p>","protected":false},"featured_media":143651,"template":"","meta":{"_acf_changed":false},"product_brand":[],"product_cat":[1616],"product_tag":[2273],"class_list":{"0":"post-53518","1":"product","2":"type-product","3":"status-publish","4":"has-post-thumbnail","6":"product_cat-radiosandare-mottagare","7":"product_tag-radio-sandare-erone","8":"product_shipping_class-postnord-varubrev","9":"pa_brands-cdvi","10":"tm-no-options","12":"first","13":"outofstock","14":"sale","15":"taxable","16":"shipping-taxable","17":"purchasable","18":"product-type-simple"},"acf":[],"_links":{"self":[{"href":"https:\/\/secureus.se\/no\/wp-json\/wp\/v2\/product\/53518","targetHints":{"allow":["GET"]}}],"collection":[{"href":"https:\/\/secureus.se\/no\/wp-json\/wp\/v2\/product"}],"about":[{"href":"https:\/\/secureus.se\/no\/wp-json\/wp\/v2\/types\/product"}],"wp:featuredmedia":[{"embeddable":true,"href":"https:\/\/secureus.se\/no\/wp-json\/wp\/v2\/media\/143651"}],"wp:attachment":[{"href":"https:\/\/secureus.se\/no\/wp-json\/wp\/v2\/media?parent=53518"}],"wp:term":[{"taxonomy":"product_brand","embeddable":true,"href":"https:\/\/secureus.se\/no\/wp-json\/wp\/v2\/product_brand?post=53518"},{"taxonomy":"product_cat","embeddable":true,"href":"https:\/\/secureus.se\/no\/wp-json\/wp\/v2\/product_cat?post=53518"},{"taxonomy":"product_tag","embeddable":true,"href":"https:\/\/secureus.se\/no\/wp-json\/wp\/v2\/product_tag?post=53518"}],"curies":[{"name":"wp","href":"https:\/\/api.w.org\/{rel}","templated":true}]}}