{"id":53519,"date":"2022-06-22T11:23:25","date_gmt":"2022-06-22T09:23:25","guid":{"rendered":"https:\/\/secureus.se\/produkt\/tradlost-kodlas-galeo-r\/"},"modified":"2026-04-23T11:59:19","modified_gmt":"2026-04-23T09:59:19","slug":"tradlost-kodlas-galeo-r","status":"publish","type":"product","link":"https:\/\/secureus.se\/no\/tradlost-kodlas-galeo-r\/","title":{"rendered":"Tr\u00e5dl\u00f8s kodel\u00e5s Galeo R"},"content":{"rendered":"<h1>Tr\u00e5dl\u00f8s kodel\u00e5s Galeo R<\/h1>\n<p>GALEO R er en vandalsikker, tr\u00e5dl\u00f8s kodel\u00e5s med 22 valgfrie fire- eller femsifrede brukerkoder.<\/p>\n<p>All programmering gj\u00f8res via tastaturet.<\/p>\n<p>Kan styre to d\u00f8rer\/funksjoner.<\/p>\n<p>Kodel\u00e5s laget av st\u00f8pt aluminium.<\/p>\n<p>Bakgrunnsbelyste knapper med 5 sekunders belysning etter siste knappetrykk.<\/p>\n<p>Passer alle CDVI radiomottakere som opererer p\u00e5 samme frekvens (433,92MHz).<\/p>\n<p>Utmerket for styring av d\u00f8rautomatikk, l\u00e5ser, adgangskontrollsystemer, etc.<\/p>\n<p>Kapslingsgrad: IP64 (kan monteres uten v\u00e6rbeskyttelse)<\/p>","protected":false},"excerpt":{"rendered":"<p>GALEO R er en vandalsikker, tr\u00e5dl\u00f8s kodel\u00e5s med 22 valgfrie fire- eller femsifrede brukerkoder.<\/p>","protected":false},"featured_media":144326,"template":"","meta":{"_acf_changed":false},"product_brand":[],"product_cat":[1481],"product_tag":[],"class_list":{"0":"post-53519","1":"product","2":"type-product","3":"status-publish","4":"has-post-thumbnail","6":"product_cat-kodlas-kodlas","7":"product_shipping_class-tunga-paket","8":"pa_farg-gra","9":"tm-no-options","11":"first","12":"outofstock","13":"sale","14":"taxable","15":"shipping-taxable","16":"purchasable","17":"product-type-simple"},"acf":[],"_links":{"self":[{"href":"https:\/\/secureus.se\/no\/wp-json\/wp\/v2\/product\/53519","targetHints":{"allow":["GET"]}}],"collection":[{"href":"https:\/\/secureus.se\/no\/wp-json\/wp\/v2\/product"}],"about":[{"href":"https:\/\/secureus.se\/no\/wp-json\/wp\/v2\/types\/product"}],"wp:featuredmedia":[{"embeddable":true,"href":"https:\/\/secureus.se\/no\/wp-json\/wp\/v2\/media\/144326"}],"wp:attachment":[{"href":"https:\/\/secureus.se\/no\/wp-json\/wp\/v2\/media?parent=53519"}],"wp:term":[{"taxonomy":"product_brand","embeddable":true,"href":"https:\/\/secureus.se\/no\/wp-json\/wp\/v2\/product_brand?post=53519"},{"taxonomy":"product_cat","embeddable":true,"href":"https:\/\/secureus.se\/no\/wp-json\/wp\/v2\/product_cat?post=53519"},{"taxonomy":"product_tag","embeddable":true,"href":"https:\/\/secureus.se\/no\/wp-json\/wp\/v2\/product_tag?post=53519"}],"curies":[{"name":"wp","href":"https:\/\/api.w.org\/{rel}","templated":true}]}}