{"id":53520,"date":"2022-06-22T11:23:08","date_gmt":"2022-06-22T09:23:08","guid":{"rendered":"https:\/\/secureus.se\/produkt\/repeater-ser2641r4t4\/"},"modified":"2026-03-26T12:20:51","modified_gmt":"2026-03-26T11:20:51","slug":"repeater-ser2641r4t4","status":"publish","type":"product","link":"https:\/\/secureus.se\/no\/repeater-ser2641r4t4\/","title":{"rendered":"Repeater Ser2641R4T4"},"content":{"rendered":"<p>RF Repeater for CDVIs utvalg av tr\u00e5dl\u00f8se sendere for \u00e5 utvide rekkevidden. Monteres direkte i en 230v veggkontakt, ingen andre kabler kreves. Gjentar signalet p\u00e5 opptil 85 433,92MHz-sendere som er lagret i det innebygde EEPROM-minnet.<\/p>","protected":false},"excerpt":{"rendered":"<p>RF Repeater for CDVIs utvalg av tr\u00e5dl\u00f8se sendere for \u00e5 utvide rekkevidden. Monteres direkte i en 230v veggkontakt, ingen andre kabler kreves. Gjentar signalet p\u00e5 opptil 85 stykker 433,92MHz<\/p>","protected":false},"featured_media":144332,"template":"","meta":{"_acf_changed":false},"product_brand":[],"product_cat":[1616],"product_tag":[2273],"class_list":{"0":"post-53520","1":"product","2":"type-product","3":"status-publish","4":"has-post-thumbnail","6":"product_cat-radiosandare-mottagare","7":"product_tag-radio-sandare-erone","8":"product_shipping_class-postnord-varubrev","9":"pa_brands-cdvi","10":"tm-no-options","12":"first","13":"outofstock","14":"sale","15":"taxable","16":"shipping-taxable","17":"purchasable","18":"product-type-simple"},"acf":[],"_links":{"self":[{"href":"https:\/\/secureus.se\/no\/wp-json\/wp\/v2\/product\/53520","targetHints":{"allow":["GET"]}}],"collection":[{"href":"https:\/\/secureus.se\/no\/wp-json\/wp\/v2\/product"}],"about":[{"href":"https:\/\/secureus.se\/no\/wp-json\/wp\/v2\/types\/product"}],"wp:featuredmedia":[{"embeddable":true,"href":"https:\/\/secureus.se\/no\/wp-json\/wp\/v2\/media\/144332"}],"wp:attachment":[{"href":"https:\/\/secureus.se\/no\/wp-json\/wp\/v2\/media?parent=53520"}],"wp:term":[{"taxonomy":"product_brand","embeddable":true,"href":"https:\/\/secureus.se\/no\/wp-json\/wp\/v2\/product_brand?post=53520"},{"taxonomy":"product_cat","embeddable":true,"href":"https:\/\/secureus.se\/no\/wp-json\/wp\/v2\/product_cat?post=53520"},{"taxonomy":"product_tag","embeddable":true,"href":"https:\/\/secureus.se\/no\/wp-json\/wp\/v2\/product_tag?post=53520"}],"curies":[{"name":"wp","href":"https:\/\/api.w.org\/{rel}","templated":true}]}}