{"id":53521,"date":"2022-06-22T11:22:50","date_gmt":"2022-06-22T09:22:50","guid":{"rendered":"https:\/\/secureus.se\/produkt\/radiosandare-setmc433-bd\/"},"modified":"2026-04-08T16:50:58","modified_gmt":"2026-04-08T14:50:58","slug":"radiosandare-setmc433-bd","status":"publish","type":"product","link":"https:\/\/secureus.se\/no\/radiosandare-setmc433-bd\/","title":{"rendered":"Radiosender Setmc433-Bd"},"content":{"rendered":"<p>Radiosender for DIN-montering med fire kanaler, kan monteres innend\u00f8rs og har lang rekkevidde. Radiosenderen har fire innganger for eksterne trykknapper og signalstyrken kan forbedres ved hjelp av en antenne (SEA433). Passer alle CDVI radiomottakere som fungerer p\u00e5 samme frekvens (433,92MHz). Utmerket for styring av automatiske d\u00f8r\u00e5pnere, belysning, alarmer, etc.<\/p>","protected":false},"excerpt":{"rendered":"<p>Radiosender for DIN-montering med fire kanaler, kan monteres innend\u00f8rs og har lang rekkevidde. Radiosenderen har fire innganger for eksterne trykknapper og signalstyrken kan forbedres ved hjelp av en antenne<\/p>","protected":false},"featured_media":143519,"template":"","meta":{"_acf_changed":false},"product_brand":[],"product_cat":[1616],"product_tag":[2273],"class_list":{"0":"post-53521","1":"product","2":"type-product","3":"status-publish","4":"has-post-thumbnail","6":"product_cat-radiosandare-mottagare","7":"product_tag-radio-sandare-erone","8":"product_shipping_class-postnord-varubrev","9":"pa_brands-cdvi","10":"tm-no-options","12":"first","13":"outofstock","14":"sale","15":"taxable","16":"shipping-taxable","17":"purchasable","18":"product-type-simple"},"acf":[],"_links":{"self":[{"href":"https:\/\/secureus.se\/no\/wp-json\/wp\/v2\/product\/53521","targetHints":{"allow":["GET"]}}],"collection":[{"href":"https:\/\/secureus.se\/no\/wp-json\/wp\/v2\/product"}],"about":[{"href":"https:\/\/secureus.se\/no\/wp-json\/wp\/v2\/types\/product"}],"wp:featuredmedia":[{"embeddable":true,"href":"https:\/\/secureus.se\/no\/wp-json\/wp\/v2\/media\/143519"}],"wp:attachment":[{"href":"https:\/\/secureus.se\/no\/wp-json\/wp\/v2\/media?parent=53521"}],"wp:term":[{"taxonomy":"product_brand","embeddable":true,"href":"https:\/\/secureus.se\/no\/wp-json\/wp\/v2\/product_brand?post=53521"},{"taxonomy":"product_cat","embeddable":true,"href":"https:\/\/secureus.se\/no\/wp-json\/wp\/v2\/product_cat?post=53521"},{"taxonomy":"product_tag","embeddable":true,"href":"https:\/\/secureus.se\/no\/wp-json\/wp\/v2\/product_tag?post=53521"}],"curies":[{"name":"wp","href":"https:\/\/api.w.org\/{rel}","templated":true}]}}