{"id":53524,"date":"2022-06-22T11:20:39","date_gmt":"2022-06-22T09:20:39","guid":{"rendered":"https:\/\/secureus.se\/produkt\/radiosandare-fkt2641e1\/"},"modified":"2026-04-23T12:00:34","modified_gmt":"2026-04-23T10:00:34","slug":"radiosandare-fkt2641e1","status":"publish","type":"product","link":"https:\/\/secureus.se\/no\/radiosandare-fkt2641e1\/","title":{"rendered":"Radiosender Fkt2641E1"},"content":{"rendered":"<p>Veggmontert radiosender med \u00e9n kanal og ber\u00f8ringsfunksjon, kan monteres utend\u00f8rs (IP55) og har lang rekkevidde. Passer alle CDVI radiomottakere som fungerer p\u00e5 samme frekvens (433,92MHz). Utmerket for styring av automatiske d\u00f8rer, belysning, alarmer, etc.<\/p>","protected":false},"excerpt":{"rendered":"<p>Veggmontert radiosender med \u00e9n kanal og ber\u00f8ringsfunksjon, kan monteres utend\u00f8rs (IP55) og har lang rekkevidde. Passer alle CDVI radiomottakere som fungerer p\u00e5 samme frekvens (433,92MHz). Utmerket for<\/p>","protected":false},"featured_media":144340,"template":"","meta":{"_acf_changed":false},"product_brand":[],"product_cat":[1616],"product_tag":[2273],"class_list":{"0":"post-53524","1":"product","2":"type-product","3":"status-publish","4":"has-post-thumbnail","6":"product_cat-radiosandare-mottagare","7":"product_tag-radio-sandare-erone","8":"product_shipping_class-postnord-varubrev","9":"pa_brands-cdvi","10":"tm-no-options","12":"first","13":"outofstock","14":"sale","15":"taxable","16":"shipping-taxable","17":"purchasable","18":"product-type-simple"},"acf":[],"_links":{"self":[{"href":"https:\/\/secureus.se\/no\/wp-json\/wp\/v2\/product\/53524","targetHints":{"allow":["GET"]}}],"collection":[{"href":"https:\/\/secureus.se\/no\/wp-json\/wp\/v2\/product"}],"about":[{"href":"https:\/\/secureus.se\/no\/wp-json\/wp\/v2\/types\/product"}],"wp:featuredmedia":[{"embeddable":true,"href":"https:\/\/secureus.se\/no\/wp-json\/wp\/v2\/media\/144340"}],"wp:attachment":[{"href":"https:\/\/secureus.se\/no\/wp-json\/wp\/v2\/media?parent=53524"}],"wp:term":[{"taxonomy":"product_brand","embeddable":true,"href":"https:\/\/secureus.se\/no\/wp-json\/wp\/v2\/product_brand?post=53524"},{"taxonomy":"product_cat","embeddable":true,"href":"https:\/\/secureus.se\/no\/wp-json\/wp\/v2\/product_cat?post=53524"},{"taxonomy":"product_tag","embeddable":true,"href":"https:\/\/secureus.se\/no\/wp-json\/wp\/v2\/product_tag?post=53524"}],"curies":[{"name":"wp","href":"https:\/\/api.w.org\/{rel}","templated":true}]}}