{"id":53525,"date":"2022-06-22T11:20:26","date_gmt":"2022-06-22T09:20:26","guid":{"rendered":"https:\/\/secureus.se\/produkt\/radiosandare-tmf2641e1\/"},"modified":"2026-04-23T12:00:55","modified_gmt":"2026-04-23T10:00:55","slug":"radiosandare-tmf2641e1","status":"publish","type":"product","link":"https:\/\/secureus.se\/no\/radiosandare-tmf2641e1\/","title":{"rendered":"Radiosender Tmf2641E1"},"content":{"rendered":"<p>Veldig liten og fleksibel radiosender for installasjon, perfekt for innbygging i apparatbokser. Med denne lille radiosenderen konverterer du enhver NO-utgang til et radiosignal. Du slipper \u00e5 f\u00f8re kabler samtidig som du f\u00e5r en p\u00e5litelig og kostnadseffektiv l\u00f8sning. Radiosenderen har en rekkevidde p\u00e5 opptil 500 meter og drives av en 230Vac fast spenningsforsyning. Radiosenderens kommunikasjon er kryptert med Keeloq\u00ae Rolling Code og har 264 kodekombinasjoner, noe som gir den et meget h\u00f8yt sikkerhetsniv\u00e5.<\/p>","protected":false},"excerpt":{"rendered":"<p>Veldig liten og fleksibel radiosender for installasjon, perfekt for innbygging i apparatbokser. Med denne lille radiosenderen konverterer du enhver NO-utgang til et radiosignal. Du<\/p>","protected":false},"featured_media":143539,"template":"","meta":{"_acf_changed":false},"product_brand":[],"product_cat":[1616],"product_tag":[2273],"class_list":{"0":"post-53525","1":"product","2":"type-product","3":"status-publish","4":"has-post-thumbnail","6":"product_cat-radiosandare-mottagare","7":"product_tag-radio-sandare-erone","8":"product_shipping_class-postnord-varubrev","9":"pa_brands-cdvi","10":"tm-no-options","12":"first","13":"outofstock","14":"sale","15":"taxable","16":"shipping-taxable","17":"purchasable","18":"product-type-simple"},"acf":[],"_links":{"self":[{"href":"https:\/\/secureus.se\/no\/wp-json\/wp\/v2\/product\/53525","targetHints":{"allow":["GET"]}}],"collection":[{"href":"https:\/\/secureus.se\/no\/wp-json\/wp\/v2\/product"}],"about":[{"href":"https:\/\/secureus.se\/no\/wp-json\/wp\/v2\/types\/product"}],"wp:featuredmedia":[{"embeddable":true,"href":"https:\/\/secureus.se\/no\/wp-json\/wp\/v2\/media\/143539"}],"wp:attachment":[{"href":"https:\/\/secureus.se\/no\/wp-json\/wp\/v2\/media?parent=53525"}],"wp:term":[{"taxonomy":"product_brand","embeddable":true,"href":"https:\/\/secureus.se\/no\/wp-json\/wp\/v2\/product_brand?post=53525"},{"taxonomy":"product_cat","embeddable":true,"href":"https:\/\/secureus.se\/no\/wp-json\/wp\/v2\/product_cat?post=53525"},{"taxonomy":"product_tag","embeddable":true,"href":"https:\/\/secureus.se\/no\/wp-json\/wp\/v2\/product_tag?post=53525"}],"curies":[{"name":"wp","href":"https:\/\/api.w.org\/{rel}","templated":true}]}}