{"id":53526,"date":"2022-06-22T11:20:07","date_gmt":"2022-06-22T09:20:07","guid":{"rendered":"https:\/\/secureus.se\/produkt\/radiosandare-setmc1c9v\/"},"modified":"2026-03-26T12:21:35","modified_gmt":"2026-03-26T11:21:35","slug":"radiosandare-setmc1c9v","status":"publish","type":"product","link":"https:\/\/secureus.se\/no\/radiosandare-setmc1c9v\/","title":{"rendered":"Radiosender Setmc1C9V"},"content":{"rendered":"<p>Liten innebygd radiosender, perfekt for \u00e5 bygge inn i albuekontakter eller andre enheter, lang batterilevetid. Passer alle CDVI radiomottakere som fungerer p\u00e5 samme frekvens (433,92MHz). Utmerket for styring av automatiske d\u00f8rer, belysning, alarmer, etc.<\/p>","protected":false},"excerpt":{"rendered":"<p>Liten innebygd radiosender, perfekt for \u00e5 bygge inn i albuekontakter eller andre enheter, lang batterilevetid. Passer alle CDVI radiomottakere som fungerer p\u00e5 samme frekvens (433,92MHz). Utmerket for<\/p>","protected":false},"featured_media":144346,"template":"","meta":{"_acf_changed":false},"product_brand":[],"product_cat":[1616],"product_tag":[2273],"class_list":{"0":"post-53526","1":"product","2":"type-product","3":"status-publish","4":"has-post-thumbnail","6":"product_cat-radiosandare-mottagare","7":"product_tag-radio-sandare-erone","8":"product_shipping_class-postnord-varubrev","9":"pa_brands-cdvi","10":"tm-no-options","12":"first","13":"outofstock","14":"sale","15":"taxable","16":"shipping-taxable","17":"purchasable","18":"product-type-simple"},"acf":[],"_links":{"self":[{"href":"https:\/\/secureus.se\/no\/wp-json\/wp\/v2\/product\/53526","targetHints":{"allow":["GET"]}}],"collection":[{"href":"https:\/\/secureus.se\/no\/wp-json\/wp\/v2\/product"}],"about":[{"href":"https:\/\/secureus.se\/no\/wp-json\/wp\/v2\/types\/product"}],"wp:featuredmedia":[{"embeddable":true,"href":"https:\/\/secureus.se\/no\/wp-json\/wp\/v2\/media\/144346"}],"wp:attachment":[{"href":"https:\/\/secureus.se\/no\/wp-json\/wp\/v2\/media?parent=53526"}],"wp:term":[{"taxonomy":"product_brand","embeddable":true,"href":"https:\/\/secureus.se\/no\/wp-json\/wp\/v2\/product_brand?post=53526"},{"taxonomy":"product_cat","embeddable":true,"href":"https:\/\/secureus.se\/no\/wp-json\/wp\/v2\/product_cat?post=53526"},{"taxonomy":"product_tag","embeddable":true,"href":"https:\/\/secureus.se\/no\/wp-json\/wp\/v2\/product_tag?post=53526"}],"curies":[{"name":"wp","href":"https:\/\/api.w.org\/{rel}","templated":true}]}}