{"id":53537,"date":"2022-06-21T17:57:40","date_gmt":"2022-06-21T15:57:40","guid":{"rendered":"https:\/\/secureus.se\/produkt\/fargo-dtc4500e-dual-sided-id-card-printer-with-dual-sided-lamination\/"},"modified":"2026-04-08T16:27:14","modified_gmt":"2026-04-08T14:27:14","slug":"kortskrivare-fargo-dtc4500e-lamination-magnetic-encoder","status":"publish","type":"product","link":"https:\/\/secureus.se\/no\/kortskrivare-fargo-dtc4500e-lamination-magnetic-encoder\/","title":{"rendered":"Fargo DTC4500e tosidig kortskriver - med laminering og ISO magnetisk koder"},"content":{"rendered":"<div class=\"long_desc\">\n<p><strong>Maksimal ytelse med Fargo DTC4500e:<\/strong> Fargo DTC4500e dobbeltsidig ID-kortskriver er designet for organisasjoner som trenger h\u00f8y kapasitet og fleksibilitet i ID-kortutskriften. Med en robust og p\u00e5litelig utskriftsmotor gir denne skriveren hastighet, kraft og allsidighet.<\/p>\n<p><strong>Funksjoner og fordeler:<\/strong><\/p>\n<ul>\n<li><strong>H\u00f8y kapasitet:<\/strong> Utstyrt med store ruller som gir rom for dobbelt s\u00e5 mange fargekort f\u00f8r rullen m\u00e5 byttes, noe som sparer tid og \u00f8ker effektiviteten.<\/li>\n<li><strong>Sikkerhet:<\/strong> Den patenterte sikkerhetsl\u00f8sningen og ISO Magnetic Encoder lar deg kode kort med sikkerhetsinformasjon.<\/li>\n<li><strong>Fleksibilitet:<\/strong> Modularitet i design tillater feltoppgraderinger for laminering og kortkodingsteknologi.<\/li>\n<li><strong>Tilkoblinger:<\/strong> Integrerer enkelt i eksisterende IT-infrastrukturer via USB og Ethernet, og muliggj\u00f8r sentralisert eller ekstern utstedelse av ID-kort.<\/li>\n<\/ul>\n<p><strong>Teknisk spesifikasjon:<\/strong><\/p>\n<ul>\n<li><strong>Utskriftshastighet:<\/strong> Opptil 120 kort i timen (fargeutskrift, tosidig).<\/li>\n<li><strong>Kapasitet:<\/strong> Dual-input kortmater for 200 kort og utgang p\u00e5 opptil 100 kort.<\/li>\n<li><strong>Korttype:<\/strong> ISO 7810 format, CR80, ID-1 st\u00f8rrelse, kompatibel med PVC, PET og PC-kort.<\/li>\n<\/ul>\n<p>Med sin tre \u00e5rs garanti og holdbare design tilbyr Fargo DTC4500e en p\u00e5litelig og langsiktig l\u00f8sning for alle dine ID-kortutskriftsbehov.<\/p>\n<\/div>","protected":false},"excerpt":{"rendered":"<p>Fargo DTC4500e er en dobbeltsidig ID-kortskriver med USB, Ethernet og ISO Magnetic Stripe Encoder.<\/p>\n<p>Den tilbyr h\u00f8yt volum og kvalitet med laminering, noe som sikrer langvarige og sikre ID-kort.<\/p>\n<p>Med l\u00e5sbare skuffer for ekstra sikkerhet og en imponerende utskriftskapasitet, er DTC4500e den perfekte l\u00f8sningen for dine ID-kortbehov.<\/p>","protected":false},"featured_media":144294,"template":"","meta":{"_acf_changed":false},"product_brand":[],"product_cat":[3206],"product_tag":[2830,3172,3177,4863,3069],"class_list":{"0":"post-53537","1":"product","2":"type-product","3":"status-publish","4":"has-post-thumbnail","6":"product_cat-fargo","7":"product_tag-kortprinter-direct-to-card","8":"product_tag-dubbelsidig-dual-side","9":"product_tag-fargo","10":"product_tag-pf","11":"product_tag-trade-produkt","12":"product_shipping_class-tunga-paket","13":"pa_brands-fargo","14":"pa_fabrikat-kortskrivare-fargo","15":"tm-no-options","17":"first","18":"outofstock","19":"sale","20":"taxable","21":"shipping-taxable","22":"purchasable","23":"product-type-simple"},"acf":[],"_links":{"self":[{"href":"https:\/\/secureus.se\/no\/wp-json\/wp\/v2\/product\/53537","targetHints":{"allow":["GET"]}}],"collection":[{"href":"https:\/\/secureus.se\/no\/wp-json\/wp\/v2\/product"}],"about":[{"href":"https:\/\/secureus.se\/no\/wp-json\/wp\/v2\/types\/product"}],"wp:featuredmedia":[{"embeddable":true,"href":"https:\/\/secureus.se\/no\/wp-json\/wp\/v2\/media\/144294"}],"wp:attachment":[{"href":"https:\/\/secureus.se\/no\/wp-json\/wp\/v2\/media?parent=53537"}],"wp:term":[{"taxonomy":"product_brand","embeddable":true,"href":"https:\/\/secureus.se\/no\/wp-json\/wp\/v2\/product_brand?post=53537"},{"taxonomy":"product_cat","embeddable":true,"href":"https:\/\/secureus.se\/no\/wp-json\/wp\/v2\/product_cat?post=53537"},{"taxonomy":"product_tag","embeddable":true,"href":"https:\/\/secureus.se\/no\/wp-json\/wp\/v2\/product_tag?post=53537"}],"curies":[{"name":"wp","href":"https:\/\/api.w.org\/{rel}","templated":true}]}}