{"id":53558,"date":"2022-06-21T18:15:55","date_gmt":"2022-06-21T16:15:55","guid":{"rendered":"https:\/\/secureus.se\/produkt\/evolis-r2015-white-monochrome-ribbon-1000-prints\/"},"modified":"2026-03-26T10:09:14","modified_gmt":"2026-03-26T09:09:14","slug":"ribbon-evolis-r2015-white-monochrome-ribbon-1000-prints","status":"publish","type":"product","link":"https:\/\/secureus.se\/no\/ribbon-evolis-r2015-white-monochrome-ribbon-1000-prints\/","title":{"rendered":"Fargeb\u00e5nd Evolis R2015 Hvit monokromt b\u00e5nd (1000 utskrifter)"},"content":{"rendered":"<p>Evolis R2015 White Monochrome Ribbon er et solid hvitt harpiksfargestoff som er ideelt for \u00e5 produsere enkeltlinjekunst og tekstutskrifter p\u00e5 forh\u00e5ndstrykte eller tomme plastkort. Den garanterer \u00e5 levere opptil 1000 h\u00f8ykvalitets ensidige kortutskrifter eller halvparten av avkastningen for tosidig utskrift.<\/p>\n<ul>\n<li>1000 monokrome enkeltsidige utskrifter<\/li>\n<li>Hvitt harpiksfargeb\u00e5nd<\/li>\n<li>Produsentkode: R2015<\/li>\n<\/ul>\n<p><strong>Kompatibel med Evolis Pebble-, Dualys-, Quantum- og Securion-kortskriverne.<\/strong><\/p>\n<p><strong><br \/>\nProduktvekt:<br \/>\n0,11 kg<br \/>\n<\/strong><\/p>","protected":false},"excerpt":{"rendered":"<p>Fargeb\u00e5nd \u2013 B\u00e5nd \u2013 Overf\u00f8r p\u00e5 nytt til kortskriver og plastkortskriver<\/p>","protected":false},"featured_media":144004,"template":"","meta":{"_acf_changed":false},"product_brand":[],"product_cat":[3213,4857,4860],"product_tag":[3181,4863,2922,3069],"class_list":{"0":"post-53558","1":"product","2":"type-product","3":"status-publish","4":"has-post-thumbnail","6":"product_cat-evolis-fargband-retransfer","7":"product_cat-pebble","8":"product_cat-quantum","9":"product_tag-evolis-tillbehor","10":"product_tag-pf","11":"product_tag-ribbon-svart-black","12":"product_tag-trade-produkt","13":"product_shipping_class-tunga-paket","14":"pa_brands-evolis","15":"pa_fargband-kortskrivare-evolis","16":"tm-has-options","18":"first","19":"instock","20":"sale","21":"taxable","22":"shipping-taxable","23":"purchasable","24":"product-type-simple"},"acf":[],"_links":{"self":[{"href":"https:\/\/secureus.se\/no\/wp-json\/wp\/v2\/product\/53558","targetHints":{"allow":["GET"]}}],"collection":[{"href":"https:\/\/secureus.se\/no\/wp-json\/wp\/v2\/product"}],"about":[{"href":"https:\/\/secureus.se\/no\/wp-json\/wp\/v2\/types\/product"}],"wp:featuredmedia":[{"embeddable":true,"href":"https:\/\/secureus.se\/no\/wp-json\/wp\/v2\/media\/144004"}],"wp:attachment":[{"href":"https:\/\/secureus.se\/no\/wp-json\/wp\/v2\/media?parent=53558"}],"wp:term":[{"taxonomy":"product_brand","embeddable":true,"href":"https:\/\/secureus.se\/no\/wp-json\/wp\/v2\/product_brand?post=53558"},{"taxonomy":"product_cat","embeddable":true,"href":"https:\/\/secureus.se\/no\/wp-json\/wp\/v2\/product_cat?post=53558"},{"taxonomy":"product_tag","embeddable":true,"href":"https:\/\/secureus.se\/no\/wp-json\/wp\/v2\/product_tag?post=53558"}],"curies":[{"name":"wp","href":"https:\/\/api.w.org\/{rel}","templated":true}]}}