{"id":53561,"date":"2022-06-21T18:15:39","date_gmt":"2022-06-21T16:15:39","guid":{"rendered":"https:\/\/secureus.se\/produkt\/fargo-45615-ymckoko-half-panel-colour-ribbon-500-prints\/"},"modified":"2026-03-26T10:15:33","modified_gmt":"2026-03-26T09:15:33","slug":"ribbon-fargo-45615-ymckoko-half-panel-colour-ribbon-500-prints","status":"publish","type":"product","link":"https:\/\/secureus.se\/no\/ribbon-fargo-45615-ymckoko-half-panel-colour-ribbon-500-prints\/","title":{"rendered":"Fargo 45615 YMCKOKO Halvpanel fargeb\u00e5nd (500 utskrifter)"},"content":{"rendered":"<p>Fargo 45615 er et YMCKOKO halvpanel fargeb\u00e5nd som gj\u00f8r at et halvt kort kan skrives ut i fotolignende bilder, mens den andre halvdelen og baksiden kan skrives ut med tydelig og detaljert tekst og\/eller strekkoder. Det ekstra overleggspanelet betyr at begge sider av kortet kan sikres med et klart beskyttende overlegg for \u00e5 beskytte kortet mot slitasje og daglig bruk.<\/p>\n<ul>\n<li>\n<p>500 utskrifter<\/p>\n<\/li>\n<li>\n<p>YMCKOKO-b\u00e5nd (gult, magenta, cyan, to svarte og to overleggspaneler)<\/p>\n<\/li>\n<li>\n<p>Kompatibel med Fargo DTC1500 kortskriver<\/p>\n<\/li>\n<\/ul>\n<p>\n <strong><br \/>\n Produktvekt:<br \/>\n 0,35 kg<br \/>\n <\/strong>\n <\/p>","protected":false},"excerpt":{"rendered":"<p>Fargeb\u00e5nd \u2013 B\u00e5nd \u2013 Overf\u00f8r p\u00e5 nytt til kortskriver og plastkortskriver<\/p>","protected":false},"featured_media":143747,"template":"","meta":{"_acf_changed":false},"product_brand":[],"product_cat":[3214,4843],"product_tag":[3201,4863,2921,3069],"class_list":{"0":"post-53561","1":"product","2":"type-product","3":"status-publish","4":"has-post-thumbnail","6":"product_cat-fargo-fargband-retransfer","7":"product_cat-dtc1500-band","8":"product_tag-fargo-tillbehor","9":"product_tag-pf","10":"product_tag-ribbon-ymck-farg","11":"product_tag-trade-produkt","12":"product_shipping_class-tunga-paket","13":"pa_brands-fargo","14":"pa_fargband-kortskrivare-fargo","15":"tm-has-options","17":"first","18":"outofstock","19":"sale","20":"taxable","21":"shipping-taxable","22":"purchasable","23":"product-type-simple"},"acf":[],"_links":{"self":[{"href":"https:\/\/secureus.se\/no\/wp-json\/wp\/v2\/product\/53561","targetHints":{"allow":["GET"]}}],"collection":[{"href":"https:\/\/secureus.se\/no\/wp-json\/wp\/v2\/product"}],"about":[{"href":"https:\/\/secureus.se\/no\/wp-json\/wp\/v2\/types\/product"}],"wp:featuredmedia":[{"embeddable":true,"href":"https:\/\/secureus.se\/no\/wp-json\/wp\/v2\/media\/143747"}],"wp:attachment":[{"href":"https:\/\/secureus.se\/no\/wp-json\/wp\/v2\/media?parent=53561"}],"wp:term":[{"taxonomy":"product_brand","embeddable":true,"href":"https:\/\/secureus.se\/no\/wp-json\/wp\/v2\/product_brand?post=53561"},{"taxonomy":"product_cat","embeddable":true,"href":"https:\/\/secureus.se\/no\/wp-json\/wp\/v2\/product_cat?post=53561"},{"taxonomy":"product_tag","embeddable":true,"href":"https:\/\/secureus.se\/no\/wp-json\/wp\/v2\/product_tag?post=53561"}],"curies":[{"name":"wp","href":"https:\/\/api.w.org\/{rel}","templated":true}]}}