{"id":53567,"date":"2022-06-21T18:15:02","date_gmt":"2022-06-21T16:15:02","guid":{"rendered":"https:\/\/secureus.se\/produkt\/magicard-ma1000k-green-ribbon-1000-prints\/"},"modified":"2026-03-26T10:05:36","modified_gmt":"2026-03-26T09:05:36","slug":"ribbon-magicard-ma1000k-green-ribbon-1000-prints","status":"publish","type":"product","link":"https:\/\/secureus.se\/no\/ribbon-magicard-ma1000k-green-ribbon-1000-prints\/","title":{"rendered":"Magicard MA1000K-Green Ribbon (1000 utskrifter)"},"content":{"rendered":"<p>Magicard MA1000k-gr\u00f8nt b\u00e5nd \u2013 1000 utskrifter<\/p>\n<p>Kompatibel med:<\/p>\n<ul>\n<li>Magicard Pronto<\/li>\n<li>Magicard Pronto100<\/li>\n<li>Magicard Enduro3e<\/li>\n<li>Magicard Rio Pro<\/li>\n<li>Magicard Rio Pro 360<\/li>\n<li>Magicard Rio Pro 360 Secure<\/li>\n<li>Magic Card 300<\/li>\n<li>Magicard 600<\/li>\n<\/ul>\n<p>\u00a0<\/p>\n<p><strong>ISEGA GODKJENT FOR DIREKTE MATKONTAKT<\/strong><\/p>\n<p>Dette b\u00e5ndet har f\u00e5tt ISEGA-sertifisering. Dette bekrefter at materialene som utgj\u00f8r b\u00e5ndet er kompatible med matvarer.<\/p>\n<p>\n <strong><br \/>\n Produktvekt:<br \/>\n 0,08 kg<br \/>\n <\/strong>\n <\/p>","protected":false},"excerpt":{"rendered":"<p>Fargeb\u00e5nd \u2013 B\u00e5nd \u2013 Overf\u00f8r p\u00e5 nytt til kortskriver og plastkortskriver<\/p>","protected":false},"featured_media":144437,"template":"","meta":{"_acf_changed":false},"product_brand":[],"product_cat":[3216,4829,4830,4836],"product_tag":[3182,4863,2922,3069],"class_list":{"0":"post-53567","1":"product","2":"type-product","3":"status-publish","4":"has-post-thumbnail","6":"product_cat-magicard-fargband-retransfer","7":"product_cat-magicard-300-band","8":"product_cat-magicard-600-band","9":"product_cat-magicard-pronto100-ribbons","10":"product_tag-magicard-tillbehor","11":"product_tag-pf","12":"product_tag-ribbon-svart-black","13":"product_tag-trade-produkt","14":"product_shipping_class-tunga-paket","15":"pa_brands-magicard","16":"pa_fargband-kortskrivare-magicard","17":"tm-has-options","19":"first","20":"outofstock","21":"sale","22":"taxable","23":"shipping-taxable","24":"purchasable","25":"product-type-simple"},"acf":[],"_links":{"self":[{"href":"https:\/\/secureus.se\/no\/wp-json\/wp\/v2\/product\/53567","targetHints":{"allow":["GET"]}}],"collection":[{"href":"https:\/\/secureus.se\/no\/wp-json\/wp\/v2\/product"}],"about":[{"href":"https:\/\/secureus.se\/no\/wp-json\/wp\/v2\/types\/product"}],"wp:featuredmedia":[{"embeddable":true,"href":"https:\/\/secureus.se\/no\/wp-json\/wp\/v2\/media\/144437"}],"wp:attachment":[{"href":"https:\/\/secureus.se\/no\/wp-json\/wp\/v2\/media?parent=53567"}],"wp:term":[{"taxonomy":"product_brand","embeddable":true,"href":"https:\/\/secureus.se\/no\/wp-json\/wp\/v2\/product_brand?post=53567"},{"taxonomy":"product_cat","embeddable":true,"href":"https:\/\/secureus.se\/no\/wp-json\/wp\/v2\/product_cat?post=53567"},{"taxonomy":"product_tag","embeddable":true,"href":"https:\/\/secureus.se\/no\/wp-json\/wp\/v2\/product_tag?post=53567"}],"curies":[{"name":"wp","href":"https:\/\/api.w.org\/{rel}","templated":true}]}}