{"id":53569,"date":"2022-06-21T18:14:48","date_gmt":"2022-06-21T16:14:48","guid":{"rendered":"https:\/\/secureus.se\/produkt\/magicard-prima-836-retransfer-film-1000-prints\/"},"modified":"2026-04-21T15:24:29","modified_gmt":"2026-04-21T13:24:29","slug":"ribbon-magicard-prima-836-retransfer-film-1000-prints","status":"publish","type":"product","link":"https:\/\/secureus.se\/no\/ribbon-magicard-prima-836-retransfer-film-1000-prints\/","title":{"rendered":"Ribbon Magicard Prima 836 Retransfer Film (1000 utskrifter)"},"content":{"rendered":"<p>Magicard Prima 836 retransfer film skal brukes med Magicard Prima 8 retransfer printer. Denne enest\u00e5ende kvalitetsfilmen gir et beskyttende overlegg for \u00e5 \u00f8ke kortets holdbarhet mot riper, falming og daglig slitasje.<\/p>\n<ul>\n<li>1000 utskrifter per rull<\/li>\n<li>Overf\u00f8r film p\u00e5 nytt<\/li>\n<li>Kompatibel med Magicard Prima 8 kortskriver<\/li>\n<\/ul>\n<p>Produsentens delenummer: PRIMA836<\/p>\n<p>\n <strong><br \/>\n Produktvekt:<br \/>\n 0,40 kg<br \/>\n <\/strong>\n <\/p>","protected":false},"excerpt":{"rendered":"<p>Fargeb\u00e5nd \u2013 B\u00e5nd \u2013 Overf\u00f8r p\u00e5 nytt til kortskriver og plastkortskriver<\/p>","protected":false},"featured_media":143768,"template":"","meta":{"_acf_changed":false},"product_brand":[],"product_cat":[3216],"product_tag":[3182,4863,2923,3069],"class_list":{"0":"post-53569","1":"product","2":"type-product","3":"status-publish","4":"has-post-thumbnail","6":"product_cat-magicard-fargband-retransfer","7":"product_tag-magicard-tillbehor","8":"product_tag-pf","9":"product_tag-ribbon-retransfer","10":"product_tag-trade-produkt","11":"product_shipping_class-tunga-paket","12":"pa_brands-magicard","13":"pa_fargband-kortskrivare-magicard","14":"tm-has-options","16":"first","17":"instock","18":"sale","19":"taxable","20":"shipping-taxable","21":"purchasable","22":"product-type-simple"},"acf":[],"_links":{"self":[{"href":"https:\/\/secureus.se\/no\/wp-json\/wp\/v2\/product\/53569","targetHints":{"allow":["GET"]}}],"collection":[{"href":"https:\/\/secureus.se\/no\/wp-json\/wp\/v2\/product"}],"about":[{"href":"https:\/\/secureus.se\/no\/wp-json\/wp\/v2\/types\/product"}],"wp:featuredmedia":[{"embeddable":true,"href":"https:\/\/secureus.se\/no\/wp-json\/wp\/v2\/media\/143768"}],"wp:attachment":[{"href":"https:\/\/secureus.se\/no\/wp-json\/wp\/v2\/media?parent=53569"}],"wp:term":[{"taxonomy":"product_brand","embeddable":true,"href":"https:\/\/secureus.se\/no\/wp-json\/wp\/v2\/product_brand?post=53569"},{"taxonomy":"product_cat","embeddable":true,"href":"https:\/\/secureus.se\/no\/wp-json\/wp\/v2\/product_cat?post=53569"},{"taxonomy":"product_tag","embeddable":true,"href":"https:\/\/secureus.se\/no\/wp-json\/wp\/v2\/product_tag?post=53569"}],"curies":[{"name":"wp","href":"https:\/\/api.w.org\/{rel}","templated":true}]}}