{"id":53585,"date":"2022-06-21T18:13:17","date_gmt":"2022-06-21T16:13:17","guid":{"rendered":"https:\/\/secureus.se\/produkt\/hdp8500-standard-clear-film-084800-1500-images\/"},"modified":"2026-04-23T12:44:23","modified_gmt":"2026-04-23T10:44:23","slug":"ribbon-hdp8500-standard-clear-film-084800-1500-images","status":"publish","type":"product","link":"https:\/\/secureus.se\/no\/ribbon-hdp8500-standard-clear-film-084800-1500-images\/","title":{"rendered":"HDP8500 (1500 bilder)"},"content":{"rendered":"<h1>HDP8500<br \/>\n  (1500 bilder)<\/h1>\n<p>HDP8500 (1500 bilder) er en retransferfilm som brukes til \u00e5 gi<br \/>\n  Plastkort har en glatt, slitesterk og profesjonell overflate. Motivet er trykt p\u00e5 filmen<br \/>\n  og overf\u00f8res deretter til kortet, som gir h\u00f8y detaljrikdom og<br \/>\n  kant-til-kant-utskrift.<\/p>\n<p>Et godt valg n\u00e5r du vil \u00f8ke levetiden til kortene dine, forbedre<br \/>\n  holdbarhet og f\u00e5 et mer profesjonelt sluttresultat. Brukes sammen<br \/>\n  med Fargo HDP-b\u00e5nd for \u00e5 gi kundene dine kort av h\u00f8y kvalitet<br \/>\n  utskrifter.<\/p>\n<ul>\n<li>Kapasitet: opptil 1500 utskrifter per rull<\/li>\n<li>Artikkelnummer: 84800<\/li>\n<\/ul>\n<p><strong>Kompatibel med Fargo<br \/>\n  HDP8500.<\/strong><\/p>\n<p><strong>Produktvekt:<\/strong> 0,25 kg<\/p>","protected":false},"excerpt":{"rendered":"<p>Fargeb\u00e5nd \u2013 B\u00e5nd \u2013 Overf\u00f8r p\u00e5 nytt til kortskriver og plastkortskriver<\/p>","protected":false},"featured_media":144459,"template":"","meta":{"_acf_changed":false},"product_brand":[],"product_cat":[3214,4853],"product_tag":[3201,4863,2924,3069],"class_list":{"0":"post-53585","1":"product","2":"type-product","3":"status-publish","4":"has-post-thumbnail","6":"product_cat-fargo-fargband-retransfer","7":"product_cat-hdp8500-band","8":"product_tag-fargo-tillbehor","9":"product_tag-pf","10":"product_tag-ribbon-clearfilm-hologram-ovrigt","11":"product_tag-trade-produkt","12":"product_shipping_class-tunga-paket","13":"pa_brands-idp","14":"pa_fargband-kortskrivare-idp","15":"tm-has-options","17":"first","18":"instock","19":"sale","20":"taxable","21":"shipping-taxable","22":"purchasable","23":"product-type-simple"},"acf":[],"_links":{"self":[{"href":"https:\/\/secureus.se\/no\/wp-json\/wp\/v2\/product\/53585","targetHints":{"allow":["GET"]}}],"collection":[{"href":"https:\/\/secureus.se\/no\/wp-json\/wp\/v2\/product"}],"about":[{"href":"https:\/\/secureus.se\/no\/wp-json\/wp\/v2\/types\/product"}],"wp:featuredmedia":[{"embeddable":true,"href":"https:\/\/secureus.se\/no\/wp-json\/wp\/v2\/media\/144459"}],"wp:attachment":[{"href":"https:\/\/secureus.se\/no\/wp-json\/wp\/v2\/media?parent=53585"}],"wp:term":[{"taxonomy":"product_brand","embeddable":true,"href":"https:\/\/secureus.se\/no\/wp-json\/wp\/v2\/product_brand?post=53585"},{"taxonomy":"product_cat","embeddable":true,"href":"https:\/\/secureus.se\/no\/wp-json\/wp\/v2\/product_cat?post=53585"},{"taxonomy":"product_tag","embeddable":true,"href":"https:\/\/secureus.se\/no\/wp-json\/wp\/v2\/product_tag?post=53585"}],"curies":[{"name":"wp","href":"https:\/\/api.w.org\/{rel}","templated":true}]}}