{"id":53608,"date":"2022-06-21T18:11:16","date_gmt":"2022-06-21T16:11:16","guid":{"rendered":"https:\/\/secureus.se\/produkt\/fargo-44231-premium-black-ribbon-1000-prints\/"},"modified":"2025-10-21T12:30:02","modified_gmt":"2025-10-21T10:30:02","slug":"ribbon-fargo-44231-premium-black-ribbon-1000-prints","status":"publish","type":"product","link":"https:\/\/secureus.se\/no\/ribbon-fargo-44231-premium-black-ribbon-1000-prints\/","title":{"rendered":"Fargo 44231 Premium Black Ribbon (1000 utskrifter)"},"content":{"rendered":"<p>Fargo 44231 Premium Black Ribbon er et monokromt harpiksfargestoff som lett festes i en plastkassett utstyrt med en rensevalse. Dette ensfargede b\u00e5ndet er avgj\u00f8rende for \u00e5 skrive ut ultraskarpe tekster, enkeltlinjebilder og lesbare strekkoder p\u00e5 kundens forh\u00e5ndstrykte eller tomme fargede plastkort.<\/p>\n<ul>\n<li>1000 monokrome enkeltsidige utskrifter<\/li>\n<li>Svart harpiksfargeb\u00e5nd<\/li>\n<li>Inkluderer en renserull<\/li>\n<\/ul>\n<p>Kompatibel med Fargo DTC400 kortskriver<\/p>\n<p>\n <strong><br \/>\n Produktvekt:<br \/>\n 0,23 kg<br \/>\n <\/strong>\n <\/p>","protected":false},"excerpt":{"rendered":"<p>Fargeb\u00e5nd \u2013 B\u00e5nd \u2013 Overf\u00f8r p\u00e5 nytt til kortskriver og plastkortskriver<\/p>","protected":false},"featured_media":143563,"template":"","meta":{"_acf_changed":false},"product_brand":[],"product_cat":[3214],"product_tag":[3201,4863,2922,3069],"class_list":{"0":"post-53608","1":"product","2":"type-product","3":"status-publish","4":"has-post-thumbnail","6":"product_cat-fargo-fargband-retransfer","7":"product_tag-fargo-tillbehor","8":"product_tag-pf","9":"product_tag-ribbon-svart-black","10":"product_tag-trade-produkt","11":"product_shipping_class-tunga-paket","12":"pa_brands-fargo","13":"pa_fargband-kortskrivare-fargo","14":"tm-has-options","16":"first","17":"instock","18":"sale","19":"taxable","20":"shipping-taxable","21":"purchasable","22":"product-type-simple"},"acf":[],"_links":{"self":[{"href":"https:\/\/secureus.se\/no\/wp-json\/wp\/v2\/product\/53608","targetHints":{"allow":["GET"]}}],"collection":[{"href":"https:\/\/secureus.se\/no\/wp-json\/wp\/v2\/product"}],"about":[{"href":"https:\/\/secureus.se\/no\/wp-json\/wp\/v2\/types\/product"}],"wp:featuredmedia":[{"embeddable":true,"href":"https:\/\/secureus.se\/no\/wp-json\/wp\/v2\/media\/143563"}],"wp:attachment":[{"href":"https:\/\/secureus.se\/no\/wp-json\/wp\/v2\/media?parent=53608"}],"wp:term":[{"taxonomy":"product_brand","embeddable":true,"href":"https:\/\/secureus.se\/no\/wp-json\/wp\/v2\/product_brand?post=53608"},{"taxonomy":"product_cat","embeddable":true,"href":"https:\/\/secureus.se\/no\/wp-json\/wp\/v2\/product_cat?post=53608"},{"taxonomy":"product_tag","embeddable":true,"href":"https:\/\/secureus.se\/no\/wp-json\/wp\/v2\/product_tag?post=53608"}],"curies":[{"name":"wp","href":"https:\/\/api.w.org\/{rel}","templated":true}]}}