{"id":53634,"date":"2022-06-21T18:08:49","date_gmt":"2022-06-21T16:08:49","guid":{"rendered":"https:\/\/secureus.se\/produkt\/magicard-prima-433-ymckk-colour-ribbon-750-prints\/"},"modified":"2026-04-23T12:48:29","modified_gmt":"2026-04-23T10:48:29","slug":"ribbon-magicard-prima-433-ymckk-colour-ribbon-750-prints","status":"publish","type":"product","link":"https:\/\/secureus.se\/no\/ribbon-magicard-prima-433-ymckk-colour-ribbon-750-prints\/","title":{"rendered":"Magicard Prima YMCKK-b\u00e5nd \u2013 433 (750 utskrifter)"},"content":{"rendered":"<h1>B\u00e5nd<br \/>\n  Magicard Prima YMCKK \u2013 433 (750 utskrifter)<\/h1>\n<p>Magicard Prima YMCKK \u2013 433 (750 utskrifter) b\u00e5nd er et<br \/>\n  Komplett sett med b\u00e5nd og retransferfilm for kortutskrift med h\u00f8y oppl\u00f8sning.<br \/>\n  Kombinasjonen gir skarpe farger, klar tekst og et beskyttende lag som gj\u00f8r<br \/>\n  kortene er mer holdbare i daglig bruk.<\/p>\n<p>Et godt valg n\u00e5r du vil \u00f8ke levetiden til kortene dine, forbedre<br \/>\n  holdbarhet og f\u00e5 et mer profesjonelt sluttresultat. Brukes sammen<br \/>\n  med ekte Magicard-retransferfilmer.<\/p>\n<ul>\n<li>Kapasitet: opptil 750 utskrifter per rull<\/li>\n<li>B\u00e5ndtype: YMCKK<\/li>\n<li>Inkluderer rengj\u00f8ringsrulle<\/li>\n<li>Originalt produkt<\/li>\n<\/ul>\n<p><strong>Kompatibel med Magicard Prima 433 YMCKK Colour<br \/>\n  Ribbon er et fem-panels fullfarget b\u00e5nd med to sett med svart harpiksfargestoff for<br \/>\n  dobbeltsidig utskrift av tekst, bilder og lesbare strekkoder. Dette settet er<br \/>\n  kompatibel med Magicard Prima 4 plastkortskrivere og m\u00e5 brukes i<br \/>\n  sammen med ekte Magicard-reoverf\u00f8ring<br \/>\n  filmer.<\/strong><\/p>\n<p><strong>Produktvekt:<\/strong> 0,29 kg<\/p>","protected":false},"excerpt":{"rendered":"<p>Fargeb\u00e5nd \u2013 B\u00e5nd \u2013 Overf\u00f8r p\u00e5 nytt til kortskriver og plastkortskriver<\/p>","protected":false},"featured_media":144138,"template":"","meta":{"_acf_changed":false},"product_brand":[],"product_cat":[3216,4838],"product_tag":[3182,4863,2921,3069],"class_list":{"0":"post-53634","1":"product","2":"type-product","3":"status-publish","4":"has-post-thumbnail","6":"product_cat-magicard-fargband-retransfer","7":"product_cat-magicard-prima-band","8":"product_tag-magicard-tillbehor","9":"product_tag-pf","10":"product_tag-ribbon-ymck-farg","11":"product_tag-trade-produkt","12":"product_shipping_class-tunga-paket","13":"pa_brands-magicard","14":"pa_fargband-kortskrivare-magicard","15":"tm-has-options","17":"first","18":"instock","19":"sale","20":"taxable","21":"shipping-taxable","22":"purchasable","23":"product-type-simple"},"acf":[],"_links":{"self":[{"href":"https:\/\/secureus.se\/no\/wp-json\/wp\/v2\/product\/53634","targetHints":{"allow":["GET"]}}],"collection":[{"href":"https:\/\/secureus.se\/no\/wp-json\/wp\/v2\/product"}],"about":[{"href":"https:\/\/secureus.se\/no\/wp-json\/wp\/v2\/types\/product"}],"wp:featuredmedia":[{"embeddable":true,"href":"https:\/\/secureus.se\/no\/wp-json\/wp\/v2\/media\/144138"}],"wp:attachment":[{"href":"https:\/\/secureus.se\/no\/wp-json\/wp\/v2\/media?parent=53634"}],"wp:term":[{"taxonomy":"product_brand","embeddable":true,"href":"https:\/\/secureus.se\/no\/wp-json\/wp\/v2\/product_brand?post=53634"},{"taxonomy":"product_cat","embeddable":true,"href":"https:\/\/secureus.se\/no\/wp-json\/wp\/v2\/product_cat?post=53634"},{"taxonomy":"product_tag","embeddable":true,"href":"https:\/\/secureus.se\/no\/wp-json\/wp\/v2\/product_tag?post=53634"}],"curies":[{"name":"wp","href":"https:\/\/api.w.org\/{rel}","templated":true}]}}