{"id":53636,"date":"2022-06-21T18:08:36","date_gmt":"2022-06-21T16:08:36","guid":{"rendered":"https:\/\/secureus.se\/produkt\/magicard-ma1000k-gold-ribbon-1000-prints\/"},"modified":"2026-03-26T10:09:03","modified_gmt":"2026-03-26T09:09:03","slug":"ribbon-magicard-ma1000k-gold-ribbon-1000-prints","status":"publish","type":"product","link":"https:\/\/secureus.se\/no\/ribbon-magicard-ma1000k-gold-ribbon-1000-prints\/","title":{"rendered":"Magicard MA1000K-gullb\u00e5nd (1000 utskrifter)"},"content":{"rendered":"<p>Magicard MA1000K Gold Ribbon er en monokrom harpiksfarge av h\u00f8y kvalitet i gullmetallisk finish. Dette b\u00e5ndet er sertifisert ISEGA-godkjent, og er derfor garantert trygt \u00e5 bruke med direkte matkontakt. Det er et ideelt valg for utskrift av giftfrie etiketter og skjermkort for enhver matrelatert virksomhet.<\/p>\n<ul>\n<li>1000 monokrome enkeltsidige utskrifter<\/li>\n<li>Metallisk gullharpiksfarge<\/li>\n<li>Inkluderer: 1x renserull<\/li>\n<\/ul>\n<p>Kompatibel med Magicard 300, 600, Rio Pro, Rio Pro 360, Enduro3E, Pronto100 og Pronto kortskrivere<\/p>\n<p><strong>ISEGA GODKJENT FOR DIREKTE MATKONTAKT<\/strong><\/p>\n<p>Dette b\u00e5ndet har f\u00e5tt ISEGA-sertifisering. Dette bekrefter at materialene som utgj\u00f8r b\u00e5ndet er kompatible med matvarer.<\/p>\n<p>\n <strong><br \/>\n Produktvekt:<br \/>\n 0,13 kg<br \/>\n <\/strong>\n <\/p>","protected":false},"excerpt":{"rendered":"<p>Fargeb\u00e5nd \u2013 B\u00e5nd \u2013 Overf\u00f8r p\u00e5 nytt til kortskriver og plastkortskriver<\/p>","protected":false},"featured_media":143729,"template":"","meta":{"_acf_changed":false},"product_brand":[],"product_cat":[3216,4829,4830,4839,4837,4836,4833,4834],"product_tag":[3182,4863,2922,3069],"class_list":{"0":"post-53636","1":"product","2":"type-product","3":"status-publish","4":"has-post-thumbnail","6":"product_cat-magicard-fargband-retransfer","7":"product_cat-magicard-300-band","8":"product_cat-magicard-600-band","9":"product_cat-magicard-enduro-band","10":"product_cat-magicard-pronto-band","11":"product_cat-magicard-pronto100-ribbons","12":"product_cat-magicard-rio-pro-360-band","13":"product_cat-magicard-rio-pro-ribbons","14":"product_tag-magicard-tillbehor","15":"product_tag-pf","16":"product_tag-ribbon-svart-black","17":"product_tag-trade-produkt","18":"product_shipping_class-tunga-paket","19":"pa_brands-magicard","20":"pa_fargband-kortskrivare-magicard","21":"tm-has-options","23":"first","24":"instock","25":"sale","26":"taxable","27":"shipping-taxable","28":"purchasable","29":"product-type-simple"},"acf":[],"_links":{"self":[{"href":"https:\/\/secureus.se\/no\/wp-json\/wp\/v2\/product\/53636","targetHints":{"allow":["GET"]}}],"collection":[{"href":"https:\/\/secureus.se\/no\/wp-json\/wp\/v2\/product"}],"about":[{"href":"https:\/\/secureus.se\/no\/wp-json\/wp\/v2\/types\/product"}],"wp:featuredmedia":[{"embeddable":true,"href":"https:\/\/secureus.se\/no\/wp-json\/wp\/v2\/media\/143729"}],"wp:attachment":[{"href":"https:\/\/secureus.se\/no\/wp-json\/wp\/v2\/media?parent=53636"}],"wp:term":[{"taxonomy":"product_brand","embeddable":true,"href":"https:\/\/secureus.se\/no\/wp-json\/wp\/v2\/product_brand?post=53636"},{"taxonomy":"product_cat","embeddable":true,"href":"https:\/\/secureus.se\/no\/wp-json\/wp\/v2\/product_cat?post=53636"},{"taxonomy":"product_tag","embeddable":true,"href":"https:\/\/secureus.se\/no\/wp-json\/wp\/v2\/product_tag?post=53636"}],"curies":[{"name":"wp","href":"https:\/\/api.w.org\/{rel}","templated":true}]}}