{"id":53645,"date":"2022-06-21T18:07:35","date_gmt":"2022-06-21T16:07:35","guid":{"rendered":"https:\/\/secureus.se\/produkt\/fargo-44210-ymckok-colour-ribbon-200-prints\/"},"modified":"2026-03-26T10:20:50","modified_gmt":"2026-03-26T09:20:50","slug":"ribbon-fargo-44210-ymckok-colour-ribbon-200-prints","status":"publish","type":"product","link":"https:\/\/secureus.se\/no\/ribbon-fargo-44210-ymckok-colour-ribbon-200-prints\/","title":{"rendered":"Fargo 44210 YMCKOK fargeb\u00e5nd (200 utskrifter)"},"content":{"rendered":"<p>Fargo 44210 YMCKOK Color Ribbon er et b\u00e5nd med seks paneler som er egnet for Fargo tosidige skrivere som DTC300 og C30 serie kortskrivere. Dette fullfargeb\u00e5ndet kommer med et overleggspanel og to sett med sort harpiksfarge for utskrift av tekster og lesbare strekkoder foran og bak.<\/p>\n<ul>\n<li>200 fullfarge ensidig utskrifter<\/li>\n<li>YMCKOK-b\u00e5nd (gul, magenta, cyan, svart, overlegg og svarte paneler)<\/li>\n<li>Innkapslet i en patron med rensevalse<\/li>\n<\/ul>\n<p>Kompatibel med Fargo DTC300 og C30 kortskrivere<\/p>\n<p>\n <strong><br \/>\n Produktvekt:<br \/>\n 0,20 kg<br \/>\n <\/strong>\n <\/p>","protected":false},"excerpt":{"rendered":"<p>Fargeb\u00e5nd \u2013 B\u00e5nd \u2013 Overf\u00f8r p\u00e5 nytt til kortskriver og plastkortskriver<\/p>","protected":false},"featured_media":144567,"template":"","meta":{"_acf_changed":false},"product_brand":[],"product_cat":[3214,4848],"product_tag":[3201,4863,2921,3069],"class_list":{"0":"post-53645","1":"product","2":"type-product","3":"status-publish","4":"has-post-thumbnail","6":"product_cat-fargo-fargband-retransfer","7":"product_cat-c30-band","8":"product_tag-fargo-tillbehor","9":"product_tag-pf","10":"product_tag-ribbon-ymck-farg","11":"product_tag-trade-produkt","12":"product_shipping_class-tunga-paket","13":"pa_brands-fargo","14":"pa_fargband-kortskrivare-fargo","15":"tm-has-options","17":"first","18":"outofstock","19":"sale","20":"taxable","21":"shipping-taxable","22":"purchasable","23":"product-type-simple"},"acf":[],"_links":{"self":[{"href":"https:\/\/secureus.se\/no\/wp-json\/wp\/v2\/product\/53645","targetHints":{"allow":["GET"]}}],"collection":[{"href":"https:\/\/secureus.se\/no\/wp-json\/wp\/v2\/product"}],"about":[{"href":"https:\/\/secureus.se\/no\/wp-json\/wp\/v2\/types\/product"}],"wp:featuredmedia":[{"embeddable":true,"href":"https:\/\/secureus.se\/no\/wp-json\/wp\/v2\/media\/144567"}],"wp:attachment":[{"href":"https:\/\/secureus.se\/no\/wp-json\/wp\/v2\/media?parent=53645"}],"wp:term":[{"taxonomy":"product_brand","embeddable":true,"href":"https:\/\/secureus.se\/no\/wp-json\/wp\/v2\/product_brand?post=53645"},{"taxonomy":"product_cat","embeddable":true,"href":"https:\/\/secureus.se\/no\/wp-json\/wp\/v2\/product_cat?post=53645"},{"taxonomy":"product_tag","embeddable":true,"href":"https:\/\/secureus.se\/no\/wp-json\/wp\/v2\/product_tag?post=53645"}],"curies":[{"name":"wp","href":"https:\/\/api.w.org\/{rel}","templated":true}]}}