{"id":53673,"date":"2022-06-21T18:04:40","date_gmt":"2022-06-21T16:04:40","guid":{"rendered":"https:\/\/secureus.se\/produkt\/magicard-prima-4-re-transfer-printer-ribbon-436-1000-prints\/"},"modified":"2026-04-08T15:40:22","modified_gmt":"2026-04-08T13:40:22","slug":"ribbon-magicard-prima-4-re-transfer-printer-ribbon-436-1000-prints","status":"publish","type":"product","link":"https:\/\/secureus.se\/no\/ribbon-magicard-prima-4-re-transfer-printer-ribbon-436-1000-prints\/","title":{"rendered":"F\u00e4rgband Magicard Prima &#8211; 436 (1000 utskrifter)"},"content":{"rendered":"<p>Magicard Prima 436 Retransfer Film er et klart reoverf\u00f8ringslaminat som skal brukes til Magicard Prima 4 plastkortskrivere. Denne filmen krever bruk av ekte Magicard-b\u00e5nd for \u00e5 produsere opptil 1000 h\u00f8ydefinisjonskortutskrifter som garantert vil vare lenger enn vanlige direkte-til-kort-utskrifter.<\/p>\n<ul>\n<li>1000 enkeltsidige utskrifter<\/li>\n<li>T\u00f8m overf\u00f8ringsfilm<\/li>\n<li>Skal brukes sammen med Magicard-b\u00e5nd<\/li>\n<\/ul>\n<p>Kompatibel med Magicard Prima 4-kortskriveren<\/p>\n<p>\n <strong><br \/>\n Produktvekt:<br \/>\n 0,29 kg<br \/>\n <\/strong>\n <\/p>","protected":false},"excerpt":{"rendered":"<p>Fargeb\u00e5nd \u2013 B\u00e5nd \u2013 Overf\u00f8r p\u00e5 nytt til kortskriver og plastkortskriver<\/p>","protected":false},"featured_media":144596,"template":"","meta":{"_acf_changed":false},"product_brand":[],"product_cat":[3216,4838],"product_tag":[3182,4863,2923,3069],"class_list":{"0":"post-53673","1":"product","2":"type-product","3":"status-publish","4":"has-post-thumbnail","6":"product_cat-magicard-fargband-retransfer","7":"product_cat-magicard-prima-band","8":"product_tag-magicard-tillbehor","9":"product_tag-pf","10":"product_tag-ribbon-retransfer","11":"product_tag-trade-produkt","12":"product_shipping_class-tunga-paket","13":"pa_brands-magicard","14":"pa_fargband-kortskrivare-magicard","15":"tm-has-options","17":"first","18":"instock","19":"sale","20":"taxable","21":"shipping-taxable","22":"purchasable","23":"product-type-simple"},"acf":[],"_links":{"self":[{"href":"https:\/\/secureus.se\/no\/wp-json\/wp\/v2\/product\/53673","targetHints":{"allow":["GET"]}}],"collection":[{"href":"https:\/\/secureus.se\/no\/wp-json\/wp\/v2\/product"}],"about":[{"href":"https:\/\/secureus.se\/no\/wp-json\/wp\/v2\/types\/product"}],"wp:featuredmedia":[{"embeddable":true,"href":"https:\/\/secureus.se\/no\/wp-json\/wp\/v2\/media\/144596"}],"wp:attachment":[{"href":"https:\/\/secureus.se\/no\/wp-json\/wp\/v2\/media?parent=53673"}],"wp:term":[{"taxonomy":"product_brand","embeddable":true,"href":"https:\/\/secureus.se\/no\/wp-json\/wp\/v2\/product_brand?post=53673"},{"taxonomy":"product_cat","embeddable":true,"href":"https:\/\/secureus.se\/no\/wp-json\/wp\/v2\/product_cat?post=53673"},{"taxonomy":"product_tag","embeddable":true,"href":"https:\/\/secureus.se\/no\/wp-json\/wp\/v2\/product_tag?post=53673"}],"curies":[{"name":"wp","href":"https:\/\/api.w.org\/{rel}","templated":true}]}}