{"id":53676,"date":"2022-06-21T18:04:31","date_gmt":"2022-06-21T16:04:31","guid":{"rendered":"https:\/\/secureus.se\/produkt\/fargo-45110-ymckok-colour-ribbon-200-prints\/"},"modified":"2026-04-23T12:38:34","modified_gmt":"2026-04-23T10:38:34","slug":"ribbon-fargo-45110-ymckok-colour-ribbon-200-prints","status":"publish","type":"product","link":"https:\/\/secureus.se\/no\/ribbon-fargo-45110-ymckok-colour-ribbon-200-prints\/","title":{"rendered":"Fargo YMCKOK-b\u00e5nd \u2013 45110 (200 utskrifter)"},"content":{"rendered":"<h1>B\u00e5nd<br \/>\n  Fargo YMCKOK &#8211; 45110 (200 utskrifter)<\/h1>\n<p>F\u00e4rgband Fargo YMCKOK &#8211; 45110 (200 utskrifter) \u00e4r ett f\u00e4rgband f\u00f6r<br \/>\n  trykke plastkort med skarpe farger, klar tekst og god<br \/>\n  detaljgjengivelse. YMCKOK-b\u00e5ndtypen gir den riktige kombinasjonen av fargepaneler og<br \/>\n  Beskyttende overlegg for profesjonell kortutskrift.<\/p>\n<p>Passer for ID-kort, adgangskort, medlemskort og annet<br \/>\n  plastkort der h\u00f8y utskriftskvalitet og p\u00e5litelighet er viktig<br \/>\n  viktig.<\/p>\n<ul>\n<li>Kapasitet: opptil 200 utskrifter<\/li>\n<li>B\u00e5ndtype: YMCKOK<\/li>\n<li>Egnet for dobbeltsidig kortutskrift<\/li>\n<li>Artikelnummer: 45110<\/li>\n<\/ul>\n<p><strong>Kompatibel med Fargo DTC4000 og<br \/>\n  DTC4250.<\/strong><\/p>\n<p><strong>Produktvekt:<\/strong> 0,25 kg<\/p>","protected":false},"excerpt":{"rendered":"<p>Fargeb\u00e5nd \u2013 B\u00e5nd \u2013 Overf\u00f8r p\u00e5 nytt til kortskriver og plastkortskriver<\/p>","protected":false},"featured_media":143987,"template":"","meta":{"_acf_changed":false},"product_brand":[],"product_cat":[3214,4844,4845],"product_tag":[3201,4863,2921,3069],"class_list":{"0":"post-53676","1":"product","2":"type-product","3":"status-publish","4":"has-post-thumbnail","6":"product_cat-fargo-fargband-retransfer","7":"product_cat-dtc4000-band","8":"product_cat-dtc4250-band","9":"product_tag-fargo-tillbehor","10":"product_tag-pf","11":"product_tag-ribbon-ymck-farg","12":"product_tag-trade-produkt","13":"product_shipping_class-tunga-paket","14":"pa_brands-fargo","15":"pa_fargband-kortskrivare-fargo","16":"tm-has-options","18":"first","19":"instock","20":"sale","21":"taxable","22":"shipping-taxable","23":"purchasable","24":"product-type-simple"},"acf":[],"_links":{"self":[{"href":"https:\/\/secureus.se\/no\/wp-json\/wp\/v2\/product\/53676","targetHints":{"allow":["GET"]}}],"collection":[{"href":"https:\/\/secureus.se\/no\/wp-json\/wp\/v2\/product"}],"about":[{"href":"https:\/\/secureus.se\/no\/wp-json\/wp\/v2\/types\/product"}],"wp:featuredmedia":[{"embeddable":true,"href":"https:\/\/secureus.se\/no\/wp-json\/wp\/v2\/media\/143987"}],"wp:attachment":[{"href":"https:\/\/secureus.se\/no\/wp-json\/wp\/v2\/media?parent=53676"}],"wp:term":[{"taxonomy":"product_brand","embeddable":true,"href":"https:\/\/secureus.se\/no\/wp-json\/wp\/v2\/product_brand?post=53676"},{"taxonomy":"product_cat","embeddable":true,"href":"https:\/\/secureus.se\/no\/wp-json\/wp\/v2\/product_cat?post=53676"},{"taxonomy":"product_tag","embeddable":true,"href":"https:\/\/secureus.se\/no\/wp-json\/wp\/v2\/product_tag?post=53676"}],"curies":[{"name":"wp","href":"https:\/\/api.w.org\/{rel}","templated":true}]}}