{"id":53680,"date":"2022-06-21T18:04:14","date_gmt":"2022-06-21T16:04:14","guid":{"rendered":"https:\/\/secureus.se\/produkt\/fargo-44200-ymcko-colour-ribbon-250-prints\/"},"modified":"2026-04-08T16:49:29","modified_gmt":"2026-04-08T14:49:29","slug":"ribbon-fargo-44200-ymcko-colour-ribbon-250-prints","status":"publish","type":"product","link":"https:\/\/secureus.se\/no\/ribbon-fargo-44200-ymcko-colour-ribbon-250-prints\/","title":{"rendered":"Fargo YMCKO-b\u00e5nd \u2013 44200 (250 utskrifter)"},"content":{"rendered":"<h1>B\u00e5nd<br \/>\n  Fargo YMCKO &#8211; 44200 (250 utskrifter)<\/h1>\n<p>F\u00e4rgband Fargo YMCKO &#8211; 44200 (250 utskrifter) \u00e4r ett f\u00e4rgband f\u00f6r<br \/>\n  trykke plastkort med skarpe farger, klar tekst og god<br \/>\n  detaljgjengivelse. YMCKO-b\u00e5ndtypen gir den riktige kombinasjonen av fargepaneler og<br \/>\n  Beskyttende overlegg for profesjonell kortutskrift.<\/p>\n<p>Passer for ID-kort, adgangskort, medlemskort og annet<br \/>\n  plastkort der h\u00f8y utskriftskvalitet og p\u00e5litelighet er viktig.<\/p>\n<ul>\n<li>Kapasitet: opptil 250 utskrifter<\/li>\n<li>B\u00e5ndtype: YMCKO<\/li>\n<li>Artikelnummer: 44200<\/li>\n<\/ul>\n<p><strong>Kompatibel med Fargo C30 och<br \/>\n  DTC300.<\/strong><\/p>\n<p><strong>Produktvekt:<\/strong> 0,23 kg<\/p>","protected":false},"excerpt":{"rendered":"<p>Fargeb\u00e5nd \u2013 B\u00e5nd \u2013 Overf\u00f8r p\u00e5 nytt til kortskriver og plastkortskriver<\/p>","protected":false},"featured_media":144632,"template":"","meta":{"_acf_changed":false},"product_brand":[],"product_cat":[3214,4848],"product_tag":[3201,4863,2921,3069],"class_list":{"0":"post-53680","1":"product","2":"type-product","3":"status-publish","4":"has-post-thumbnail","6":"product_cat-fargo-fargband-retransfer","7":"product_cat-c30-band","8":"product_tag-fargo-tillbehor","9":"product_tag-pf","10":"product_tag-ribbon-ymck-farg","11":"product_tag-trade-produkt","12":"product_shipping_class-tunga-paket","13":"pa_brands-fargo","14":"pa_fargband-kortskrivare-fargo","15":"tm-has-options","17":"first","18":"instock","19":"sale","20":"taxable","21":"shipping-taxable","22":"purchasable","23":"product-type-simple"},"acf":[],"_links":{"self":[{"href":"https:\/\/secureus.se\/no\/wp-json\/wp\/v2\/product\/53680","targetHints":{"allow":["GET"]}}],"collection":[{"href":"https:\/\/secureus.se\/no\/wp-json\/wp\/v2\/product"}],"about":[{"href":"https:\/\/secureus.se\/no\/wp-json\/wp\/v2\/types\/product"}],"wp:featuredmedia":[{"embeddable":true,"href":"https:\/\/secureus.se\/no\/wp-json\/wp\/v2\/media\/144632"}],"wp:attachment":[{"href":"https:\/\/secureus.se\/no\/wp-json\/wp\/v2\/media?parent=53680"}],"wp:term":[{"taxonomy":"product_brand","embeddable":true,"href":"https:\/\/secureus.se\/no\/wp-json\/wp\/v2\/product_brand?post=53680"},{"taxonomy":"product_cat","embeddable":true,"href":"https:\/\/secureus.se\/no\/wp-json\/wp\/v2\/product_cat?post=53680"},{"taxonomy":"product_tag","embeddable":true,"href":"https:\/\/secureus.se\/no\/wp-json\/wp\/v2\/product_tag?post=53680"}],"curies":[{"name":"wp","href":"https:\/\/api.w.org\/{rel}","templated":true}]}}