{"id":53684,"date":"2022-06-21T18:03:57","date_gmt":"2022-06-21T16:03:57","guid":{"rendered":"https:\/\/secureus.se\/produkt\/evolis-r3411-ymcko-colour-ribbon-100-prints\/"},"modified":"2025-08-15T22:50:38","modified_gmt":"2025-08-15T20:50:38","slug":"ribbon-evolis-r3411-ymcko-colour-ribbon-100-prints","status":"publish","type":"product","link":"https:\/\/secureus.se\/no\/ribbon-evolis-r3411-ymcko-colour-ribbon-100-prints\/","title":{"rendered":"Fargeb\u00e5nd Evolis R3411 YMCKO fargeb\u00e5nd (100 utskrifter)"},"content":{"rendered":"<p>Evolis R3411 YMCKO Color Ribbon er et 5-panels fullfargeb\u00e5nd med overleggslaminat for \u00e5 gi sluttbrukerens kort beskyttelse mot daglig slitasje. Dette settet gir opptil 100 kortutskrifter. Dermed er den ideell for bedrifter og organisasjoner med minimal ettersp\u00f8rsel etter ID-kortutskrift.<\/p>\n<ul>\n<li>100 fullfarge ensidig utskrifter<\/li>\n<li>YMCKO-b\u00e5nd (gul, magenta, cyan, svart og overleggspaneler)<\/li>\n<li>Produsentkode: R3411<\/li>\n<\/ul>\n<p><strong>Kompatibel med Evolis Tattoo-kortskriver.<\/strong><\/p>\n<p>\n <strong><br \/>\n Produktvekt:<br \/>\n 0,10 kg<br \/>\n <\/strong>\n <\/p>","protected":false},"excerpt":{"rendered":"<p>Fargeb\u00e5nd \u2013 B\u00e5nd \u2013 Overf\u00f8r p\u00e5 nytt til kortskriver og plastkortskriver<\/p>","protected":false},"featured_media":144225,"template":"","meta":{"_acf_changed":false},"product_brand":[],"product_cat":[3213],"product_tag":[3181,2921,3069],"class_list":{"0":"post-53684","1":"product","2":"type-product","3":"status-publish","4":"has-post-thumbnail","6":"product_cat-evolis-fargband-retransfer","7":"product_tag-evolis-tillbehor","8":"product_tag-ribbon-ymck-farg","9":"product_tag-trade-produkt","10":"product_shipping_class-tunga-paket","11":"pa_brands-evolis","12":"pa_fargband-kortskrivare-evolis","13":"tm-has-options","15":"first","16":"outofstock","17":"sale","18":"taxable","19":"shipping-taxable","20":"purchasable","21":"product-type-simple"},"acf":[],"_links":{"self":[{"href":"https:\/\/secureus.se\/no\/wp-json\/wp\/v2\/product\/53684","targetHints":{"allow":["GET"]}}],"collection":[{"href":"https:\/\/secureus.se\/no\/wp-json\/wp\/v2\/product"}],"about":[{"href":"https:\/\/secureus.se\/no\/wp-json\/wp\/v2\/types\/product"}],"wp:featuredmedia":[{"embeddable":true,"href":"https:\/\/secureus.se\/no\/wp-json\/wp\/v2\/media\/144225"}],"wp:attachment":[{"href":"https:\/\/secureus.se\/no\/wp-json\/wp\/v2\/media?parent=53684"}],"wp:term":[{"taxonomy":"product_brand","embeddable":true,"href":"https:\/\/secureus.se\/no\/wp-json\/wp\/v2\/product_brand?post=53684"},{"taxonomy":"product_cat","embeddable":true,"href":"https:\/\/secureus.se\/no\/wp-json\/wp\/v2\/product_cat?post=53684"},{"taxonomy":"product_tag","embeddable":true,"href":"https:\/\/secureus.se\/no\/wp-json\/wp\/v2\/product_tag?post=53684"}],"curies":[{"name":"wp","href":"https:\/\/api.w.org\/{rel}","templated":true}]}}