{"id":53697,"date":"2022-06-21T18:02:49","date_gmt":"2022-06-21T16:02:49","guid":{"rendered":"https:\/\/secureus.se\/produkt\/magicard-ma100ymcko-colour-ribbon-100-prints\/"},"modified":"2026-03-26T10:22:37","modified_gmt":"2026-03-26T09:22:37","slug":"ribbon-magicard-ma100ymcko-colour-ribbon-100-prints","status":"publish","type":"product","link":"https:\/\/secureus.se\/no\/ribbon-magicard-ma100ymcko-colour-ribbon-100-prints\/","title":{"rendered":"Magicard MA100YMCKO fargeb\u00e5nd (100 utskrifter)"},"content":{"rendered":"<p>Magicard MA100YMCKO Color Ribbon er perfekt for sm\u00e5 bedrifter og organisasjoner som krever et minimalt behov for ID-kortutskrift. Dette fullfargeb\u00e5ndet med fem paneler med overleggslaminat kan gi opptil 100 kortutskrifter med skarpe bilder, levende tekstutskrifter og lesbare strekkoder.<\/p>\n<ul>\n<li>100 fullfarge ensidig utskrifter<\/li>\n<li>YMCKO-b\u00e5nd (gul, magenta, cyan, svart og overleggspaneler)<\/li>\n<li>Produsentkode: MA100YMCKO<\/li>\n<\/ul>\n<p>Kompatibel med Magicard Rio Pro, Rio Pro 360 og Enduro kortskrivere<\/p>\n<p>\n <strong><br \/>\n Produktvekt:<br \/>\n 0,15 kg<br \/>\n <\/strong>\n <\/p>","protected":false},"excerpt":{"rendered":"<p>Fargeb\u00e5nd \u2013 B\u00e5nd \u2013 Overf\u00f8r p\u00e5 nytt til kortskriver og plastkortskriver<\/p>","protected":false},"featured_media":143719,"template":"","meta":{"_acf_changed":false},"product_brand":[],"product_cat":[3216,4839,4837,4833,4834],"product_tag":[3182,4863,2921,3069],"class_list":{"0":"post-53697","1":"product","2":"type-product","3":"status-publish","4":"has-post-thumbnail","6":"product_cat-magicard-fargband-retransfer","7":"product_cat-magicard-enduro-band","8":"product_cat-magicard-pronto-band","9":"product_cat-magicard-rio-pro-360-band","10":"product_cat-magicard-rio-pro-ribbons","11":"product_tag-magicard-tillbehor","12":"product_tag-pf","13":"product_tag-ribbon-ymck-farg","14":"product_tag-trade-produkt","15":"product_shipping_class-tunga-paket","16":"pa_brands-magicard","17":"pa_fargband-kortskrivare-magicard","18":"tm-has-options","20":"first","21":"instock","22":"sale","23":"taxable","24":"shipping-taxable","25":"purchasable","26":"product-type-simple"},"acf":[],"_links":{"self":[{"href":"https:\/\/secureus.se\/no\/wp-json\/wp\/v2\/product\/53697","targetHints":{"allow":["GET"]}}],"collection":[{"href":"https:\/\/secureus.se\/no\/wp-json\/wp\/v2\/product"}],"about":[{"href":"https:\/\/secureus.se\/no\/wp-json\/wp\/v2\/types\/product"}],"wp:featuredmedia":[{"embeddable":true,"href":"https:\/\/secureus.se\/no\/wp-json\/wp\/v2\/media\/143719"}],"wp:attachment":[{"href":"https:\/\/secureus.se\/no\/wp-json\/wp\/v2\/media?parent=53697"}],"wp:term":[{"taxonomy":"product_brand","embeddable":true,"href":"https:\/\/secureus.se\/no\/wp-json\/wp\/v2\/product_brand?post=53697"},{"taxonomy":"product_cat","embeddable":true,"href":"https:\/\/secureus.se\/no\/wp-json\/wp\/v2\/product_cat?post=53697"},{"taxonomy":"product_tag","embeddable":true,"href":"https:\/\/secureus.se\/no\/wp-json\/wp\/v2\/product_tag?post=53697"}],"curies":[{"name":"wp","href":"https:\/\/api.w.org\/{rel}","templated":true}]}}