{"id":53698,"date":"2022-06-21T18:02:44","date_gmt":"2022-06-21T16:02:44","guid":{"rendered":"https:\/\/secureus.se\/produkt\/fargo-dtc4250-ymcko-full-colour-ribbon-045100-250-images\/"},"modified":"2026-03-26T10:22:47","modified_gmt":"2026-03-26T09:22:47","slug":"ribbon-fargo-dtc4250-ymcko-full-colour-ribbon-045100-250-images","status":"publish","type":"product","link":"https:\/\/secureus.se\/no\/ribbon-fargo-dtc4250-ymcko-full-colour-ribbon-045100-250-images\/","title":{"rendered":"Fargo DTC4250 YMCKO Fullfargeb\u00e5nd, 045100 (250 bilder)"},"content":{"rendered":"<p>Fargo YMCKO Color Ribbon er et fullfargeb\u00e5nd med fem paneler med overleggslaminat for \u00e5 legge til et lag med beskyttelse og holdbarhet til sluttbrukerens ID-kort. Dette b\u00e5ndet gir opptil 250 enkeltsidige ID-kortutskrifter, og er derfor ideelt for bedrifter og organisasjoner med lave til middels krav.<\/p>\n<ul>\n<li>250 fullfarge ensidig utskrifter<\/li>\n<li>YMCKO-b\u00e5nd (gul, magenta, cyan, svart og overleggspaneler)<\/li>\n<li>Produsentkode: 45100<\/li>\n<\/ul>\n<p>Kompatibel med Fargo DTC4000 kortskriver<\/p>\n<p>\n <strong><br \/>\n Produktvekt:<br \/>\n 0,22 kg<br \/>\n <\/strong>\n <\/p>","protected":false},"excerpt":{"rendered":"<p>Fargeb\u00e5nd \u2013 B\u00e5nd \u2013 Overf\u00f8r p\u00e5 nytt til kortskriver og plastkortskriver<\/p>","protected":false},"featured_media":144029,"template":"","meta":{"_acf_changed":false},"product_brand":[],"product_cat":[3214,4845],"product_tag":[3201,4863,2921,3069],"class_list":{"0":"post-53698","1":"product","2":"type-product","3":"status-publish","4":"has-post-thumbnail","6":"product_cat-fargo-fargband-retransfer","7":"product_cat-dtc4250-band","8":"product_tag-fargo-tillbehor","9":"product_tag-pf","10":"product_tag-ribbon-ymck-farg","11":"product_tag-trade-produkt","12":"product_shipping_class-tunga-paket","13":"pa_brands-fargo","14":"pa_fargband-kortskrivare-fargo","15":"tm-has-options","17":"first","18":"instock","19":"sale","20":"taxable","21":"shipping-taxable","22":"purchasable","23":"product-type-simple"},"acf":[],"_links":{"self":[{"href":"https:\/\/secureus.se\/no\/wp-json\/wp\/v2\/product\/53698","targetHints":{"allow":["GET"]}}],"collection":[{"href":"https:\/\/secureus.se\/no\/wp-json\/wp\/v2\/product"}],"about":[{"href":"https:\/\/secureus.se\/no\/wp-json\/wp\/v2\/types\/product"}],"wp:featuredmedia":[{"embeddable":true,"href":"https:\/\/secureus.se\/no\/wp-json\/wp\/v2\/media\/144029"}],"wp:attachment":[{"href":"https:\/\/secureus.se\/no\/wp-json\/wp\/v2\/media?parent=53698"}],"wp:term":[{"taxonomy":"product_brand","embeddable":true,"href":"https:\/\/secureus.se\/no\/wp-json\/wp\/v2\/product_brand?post=53698"},{"taxonomy":"product_cat","embeddable":true,"href":"https:\/\/secureus.se\/no\/wp-json\/wp\/v2\/product_cat?post=53698"},{"taxonomy":"product_tag","embeddable":true,"href":"https:\/\/secureus.se\/no\/wp-json\/wp\/v2\/product_tag?post=53698"}],"curies":[{"name":"wp","href":"https:\/\/api.w.org\/{rel}","templated":true}]}}