{"id":53701,"date":"2022-06-21T18:02:27","date_gmt":"2022-06-21T16:02:27","guid":{"rendered":"https:\/\/secureus.se\/produkt\/magicard-ma1000k-black-ribbon-1000-prints\/"},"modified":"2026-05-06T09:58:26","modified_gmt":"2026-05-06T07:58:26","slug":"ribbon-magicard-ma1000k-black-ribbon-1000-prints","status":"publish","type":"product","link":"https:\/\/secureus.se\/no\/ribbon-magicard-ma1000k-black-ribbon-1000-prints\/","title":{"rendered":"Magicard-b\u00e5nd \u2013 MA1000K-SVART (1000 utskrifter)"},"content":{"rendered":"<h1>B\u00e5nd<br \/>\n  Magicard \u2013 MA1000K-SVART (1000 utskrifter)<\/h1>\n<p>Magicard-b\u00e5nd \u2013 MA1000K-SVART (1000 utskrifter) er et svart<br \/>\n  monokromt b\u00e5nd egnet for klar tekst, enkel linjegrafikk og<br \/>\n  lesbare strekkoder p\u00e5 plastkort.<\/p>\n<p>Passer for ID-kort, adgangskort, medlemskort og annet<br \/>\n  plastkort der h\u00f8y utskriftskvalitet og p\u00e5litelighet er viktig. B\u00e5ndet<br \/>\n  er ISEGA-godkjent for direkte kontakt med mat.<\/p>\n<ul>\n<li>Kapasitet: opptil 1000 utskrifter<\/li>\n<li>Remtype: Svart monokrom<\/li>\n<li>Inkluderer rengj\u00f8ringsrulle<\/li>\n<li>ISEGA-godkjent for direkte kontakt med mat<\/li>\n<\/ul>\n<p><strong>Kompatibel med Magicard Pronto, Enduro, Rio Pro og<br \/>\n  Rio Pro 360.<\/strong><\/p>\n<p><strong>Produktvekt:<\/strong> 0,13 kg<\/p>","protected":false},"excerpt":{"rendered":"<p>Fargeb\u00e5nd \u2013 B\u00e5nd \u2013 Overf\u00f8r p\u00e5 nytt til kortskriver og plastkortskriver<\/p>","protected":false},"featured_media":143740,"template":"","meta":{"_acf_changed":false},"product_brand":[],"product_cat":[3216,4829,4830,4839,4837,4836,4833,4834],"product_tag":[3182,4863,2922,3069],"class_list":{"0":"post-53701","1":"product","2":"type-product","3":"status-publish","4":"has-post-thumbnail","6":"product_cat-magicard-fargband-retransfer","7":"product_cat-magicard-300-band","8":"product_cat-magicard-600-band","9":"product_cat-magicard-enduro-band","10":"product_cat-magicard-pronto-band","11":"product_cat-magicard-pronto100-ribbons","12":"product_cat-magicard-rio-pro-360-band","13":"product_cat-magicard-rio-pro-ribbons","14":"product_tag-magicard-tillbehor","15":"product_tag-pf","16":"product_tag-ribbon-svart-black","17":"product_tag-trade-produkt","18":"product_shipping_class-tunga-paket","19":"pa_brands-magicard","20":"pa_fargband-kortskrivare-magicard","21":"tm-has-options","23":"first","24":"instock","25":"sale","26":"taxable","27":"shipping-taxable","28":"purchasable","29":"product-type-simple"},"acf":[],"_links":{"self":[{"href":"https:\/\/secureus.se\/no\/wp-json\/wp\/v2\/product\/53701","targetHints":{"allow":["GET"]}}],"collection":[{"href":"https:\/\/secureus.se\/no\/wp-json\/wp\/v2\/product"}],"about":[{"href":"https:\/\/secureus.se\/no\/wp-json\/wp\/v2\/types\/product"}],"wp:featuredmedia":[{"embeddable":true,"href":"https:\/\/secureus.se\/no\/wp-json\/wp\/v2\/media\/143740"}],"wp:attachment":[{"href":"https:\/\/secureus.se\/no\/wp-json\/wp\/v2\/media?parent=53701"}],"wp:term":[{"taxonomy":"product_brand","embeddable":true,"href":"https:\/\/secureus.se\/no\/wp-json\/wp\/v2\/product_brand?post=53701"},{"taxonomy":"product_cat","embeddable":true,"href":"https:\/\/secureus.se\/no\/wp-json\/wp\/v2\/product_cat?post=53701"},{"taxonomy":"product_tag","embeddable":true,"href":"https:\/\/secureus.se\/no\/wp-json\/wp\/v2\/product_tag?post=53701"}],"curies":[{"name":"wp","href":"https:\/\/api.w.org\/{rel}","templated":true}]}}