{"id":53715,"date":"2022-06-21T17:59:05","date_gmt":"2022-06-21T15:59:05","guid":{"rendered":"https:\/\/secureus.se\/produkt\/evolis-primacy-2-duplex-expert-id-card-printer-printer-dual-sided\/"},"modified":"2026-01-29T12:01:34","modified_gmt":"2026-01-29T11:01:34","slug":"kortskrivare-evolis-primacy-2-duplex-expert","status":"publish","type":"product","link":"https:\/\/secureus.se\/no\/kortskrivare-evolis-primacy-2-duplex-expert\/","title":{"rendered":"Kortskriver Evolis Primacy 2 Duplex Expert - ID-kortskriver"},"content":{"rendered":"<p><strong>Effektiv og p\u00e5litelig ID-kortutskrift med Evolis Primacy 2:<\/strong> Evolis Primacy 2 Duplex Expert er designet for \u00e5 levere fantastiske resultater med h\u00f8yytelses utskrift.<\/p>\n<p>Den forbedrer og bygger p\u00e5 suksessen til den forrige modellen, Primacy, og tilbyr raskere utskriftshastigheter, forbedret sikkerhet og en bedre brukeropplevelse.<\/p>\n<p><strong>Funksjoner og fordeler:<\/strong><\/p>\n<ul>\n<li><strong>Utskrifter av h\u00f8y kvalitet:<\/strong> Med 300 og 600 DPI kan du produsere skarpe og detaljerte kort som ser profesjonelle ut.<\/li>\n<li><strong>Rask utskrift:<\/strong> Denne skriveren kan raskt produsere store mengder ID-kort, noe som gj\u00f8r den ideell for mellomstore og store bedrifter.<\/li>\n<li><strong>Fleksibilitet:<\/strong> Flere utskriftsalternativer for \u00e5 tilpasse seg ulike kortbehov.<\/li>\n<li><strong>Brukervennlig:<\/strong> Leveres med EasyBadge Lite-programvare for enkel kortdesign.<\/li>\n<\/ul>\n<p><strong>Teknisk spesifikasjon:<\/strong><\/p>\n<ul>\n<li><strong>Utskriftshastighet:<\/strong> Opptil 225 fargekort per time (fargeutskrift, tosidig).<\/li>\n<li><strong>Kapasitet:<\/strong> Kortmater med to innganger for 200 kort.<\/li>\n<li><strong>Korttype:<\/strong> ISO 7810 format, CR80, ID-1 st\u00f8rrelse, kompatibel med PVC, PET og PC-kort.<\/li>\n<li><strong>Tilkoblinger:<\/strong> USB og Ethernet.<\/li>\n<\/ul>\n<p>Med sin tre \u00e5rs garanti og robuste design er Evolis Primacy 2 Duplex Expert en p\u00e5litelig og effektiv l\u00f8sning for alle dine ID-kortutskriftsbehov.<\/p>","protected":false},"excerpt":{"rendered":"<p>Evolis Primacy 2 Duplex Expert ID-kortskriver tilbyr h\u00f8yytelsesutskrift med en utskriftskvalitet p\u00e5 300 og 600 DPI.<\/p>\n<p>Denne tosidige skriveren har en imponerende hastighet og kan produsere h\u00f8yvolumskort p\u00e5 kort tid.<\/p>\n<p>Inkluderer tre \u00e5rs garanti og gratis EasyBadge Lite-programvare, noe som gj\u00f8r det til en ideell l\u00f8sning for bedrifter som krever effektivitet og kvalitet.<\/p>","protected":false},"featured_media":144703,"template":"","meta":{"_acf_changed":false},"product_brand":[],"product_cat":[3205],"product_tag":[2830,3172,3176,4863,3069],"class_list":{"0":"post-53715","1":"product","2":"type-product","3":"status-publish","4":"has-post-thumbnail","6":"product_cat-evolis","7":"product_tag-kortprinter-direct-to-card","8":"product_tag-dubbelsidig-dual-side","9":"product_tag-evolis","10":"product_tag-pf","11":"product_tag-trade-produkt","12":"product_shipping_class-tunga-paket","13":"pa_brands-evolis","14":"pa_fabrikat-kortskrivare-evolis","15":"tm-no-options","17":"first","18":"outofstock","19":"sale","20":"taxable","21":"shipping-taxable","22":"purchasable","23":"product-type-simple"},"acf":[],"_links":{"self":[{"href":"https:\/\/secureus.se\/no\/wp-json\/wp\/v2\/product\/53715","targetHints":{"allow":["GET"]}}],"collection":[{"href":"https:\/\/secureus.se\/no\/wp-json\/wp\/v2\/product"}],"about":[{"href":"https:\/\/secureus.se\/no\/wp-json\/wp\/v2\/types\/product"}],"wp:featuredmedia":[{"embeddable":true,"href":"https:\/\/secureus.se\/no\/wp-json\/wp\/v2\/media\/144703"}],"wp:attachment":[{"href":"https:\/\/secureus.se\/no\/wp-json\/wp\/v2\/media?parent=53715"}],"wp:term":[{"taxonomy":"product_brand","embeddable":true,"href":"https:\/\/secureus.se\/no\/wp-json\/wp\/v2\/product_brand?post=53715"},{"taxonomy":"product_cat","embeddable":true,"href":"https:\/\/secureus.se\/no\/wp-json\/wp\/v2\/product_cat?post=53715"},{"taxonomy":"product_tag","embeddable":true,"href":"https:\/\/secureus.se\/no\/wp-json\/wp\/v2\/product_tag?post=53715"}],"curies":[{"name":"wp","href":"https:\/\/api.w.org\/{rel}","templated":true}]}}