{"id":53718,"date":"2022-06-21T16:58:46","date_gmt":"2022-06-21T14:58:46","guid":{"rendered":"https:\/\/secureus.se\/produkt\/magicard-pronto100-id-card-printer-single-sided\/"},"modified":"2026-04-08T17:17:30","modified_gmt":"2026-04-08T15:17:30","slug":"kortskrivare-magicard-pronto100","status":"publish","type":"product","link":"https:\/\/secureus.se\/no\/kortskrivare-magicard-pronto100\/","title":{"rendered":"Kortskriver Magicard Pronto100 - ID-kortskriver (ensidig)"},"content":{"rendered":"<header class=\"attribute-sleeve-header center\"><strong>Kompakt utskrift av h\u00f8y kvalitet med Magicard Pronto100:<\/strong> Magicard Pronto100 er den minste ID-kortskriveren p\u00e5 markedet, designet for \u00e5 levere utmerket utskriftskvalitet raskt og effektivt. Det er perfekt for bedrifter som har behov for \u00e5 produsere ID-kort, medlemskort eller andre typer kort med h\u00f8y presisjon.<strong>Funksjoner og fordeler:<\/strong><\/p>\n<ul>\n<li><strong>Kompakt design:<\/strong> Mindre enn et A4-ark, noe som gj\u00f8r det ideelt for skrivebord og trange rom.<\/li>\n<li><strong>Fart:<\/strong> Skriveren kan produsere fargekort p\u00e5 bare 35 sekunder, noe som gj\u00f8r den raskere enn mange av konkurrentene.<\/li>\n<li><strong>H\u00f8yoppl\u00f8selig utskrift:<\/strong> Med eksepsjonell utskriftskvalitet produserer Pronto100 skarpe og klare kort som ser profesjonelle ut.<\/li>\n<li><strong>Brukervennlighet:<\/strong> Enkel installasjon og betjening med lett tilgjengelige kontroller.<\/li>\n<\/ul>\n<p><strong>Teknisk spesifikasjon:<\/strong><\/p>\n<ul>\n<li><strong>Utskriftshastighet:<\/strong> Opptil 100 fargekort per time (enkeltsidig).<\/li>\n<li><strong>Kapasitet:<\/strong> H\u00e5ndmatet, 50 kort i inngang og 50 kort i utgang.<\/li>\n<li><strong>Korttype:<\/strong> ISO 7810-format, CR80, ID-1 st\u00f8rrelse, kompatibel med PVC-kort.<\/li>\n<li><strong>Tilkoblinger:<\/strong> USB.<\/li>\n<\/ul>\n<p>Med sin kombinasjon av hastighet, kvalitet og kompakthet er Magicard Pronto100 en ideell l\u00f8sning for alle som trenger en p\u00e5litelig og effektiv l\u00f8sning for utskrift av ID-kort.<\/p>\n<\/header>\n<p>&nbsp;<\/p>","protected":false},"excerpt":{"rendered":"<p>Magicard Pronto100 ID-kortskriveren er kompakt og rask med en utskriftshastighet som er 10% raskere enn n\u00e6rmeste konkurrent.<\/p>\n<p>Den tilbyr usl\u00e5elig utskriftskvalitet og er perfekt for \u00e5 lage ID-kort av h\u00f8y kvalitet for ulike arrangementer.<\/p>\n<p>Med en gratisversjon av EasyBadge Lite-programvare inkludert, er dette en kostnadseffektiv l\u00f8sning for alle dine kortutskriftsbehov.<\/p>","protected":false},"featured_media":144727,"template":"","meta":{"_acf_changed":false},"product_brand":[],"product_cat":[3208],"product_tag":[2830,3174,4863,3069],"class_list":{"0":"post-53718","1":"product","2":"type-product","3":"status-publish","4":"has-post-thumbnail","6":"product_cat-magicard","7":"product_tag-kortprinter-direct-to-card","8":"product_tag-magicard","9":"product_tag-pf","10":"product_tag-trade-produkt","11":"product_shipping_class-tunga-paket","12":"pa_brands-magicard","13":"pa_fabrikat-kortskrivare-magicard","14":"tm-no-options","16":"first","17":"instock","18":"sale","19":"taxable","20":"shipping-taxable","21":"purchasable","22":"product-type-simple"},"acf":[],"_links":{"self":[{"href":"https:\/\/secureus.se\/no\/wp-json\/wp\/v2\/product\/53718","targetHints":{"allow":["GET"]}}],"collection":[{"href":"https:\/\/secureus.se\/no\/wp-json\/wp\/v2\/product"}],"about":[{"href":"https:\/\/secureus.se\/no\/wp-json\/wp\/v2\/types\/product"}],"wp:featuredmedia":[{"embeddable":true,"href":"https:\/\/secureus.se\/no\/wp-json\/wp\/v2\/media\/144727"}],"wp:attachment":[{"href":"https:\/\/secureus.se\/no\/wp-json\/wp\/v2\/media?parent=53718"}],"wp:term":[{"taxonomy":"product_brand","embeddable":true,"href":"https:\/\/secureus.se\/no\/wp-json\/wp\/v2\/product_brand?post=53718"},{"taxonomy":"product_cat","embeddable":true,"href":"https:\/\/secureus.se\/no\/wp-json\/wp\/v2\/product_cat?post=53718"},{"taxonomy":"product_tag","embeddable":true,"href":"https:\/\/secureus.se\/no\/wp-json\/wp\/v2\/product_tag?post=53718"}],"curies":[{"name":"wp","href":"https:\/\/api.w.org\/{rel}","templated":true}]}}