{"id":53731,"date":"2022-06-21T16:57:46","date_gmt":"2022-06-21T14:57:46","guid":{"rendered":"https:\/\/secureus.se\/produkt\/zebra-zxp-series-9-retransfer-plastic-card-printer-single-sided\/"},"modified":"2026-04-30T14:39:06","modified_gmt":"2026-04-30T12:39:06","slug":"kortskrivare-zebra-zxp-series-9","status":"publish","type":"product","link":"https:\/\/secureus.se\/no\/kortskrivare-zebra-zxp-series-9\/","title":{"rendered":"Kortskriver Zebra ZXP Series 9 - Retransfer ID-kortskriver (ensidig)"},"content":{"rendered":"<p><strong>H\u00f8ykvalitets og sikker ID-kortutskrift med Zebra ZXP Series 9:<\/strong> Zebra ZXP Series 9 Retransfer ID-kortskriver er designet for \u00e5 m\u00f8te behovene til virksomheter som krever h\u00f8y sikkerhet og p\u00e5litelighet.<\/p>\n<p>Med sin retransfer-teknologi kan den produsere holdbare og fullt dekkede kort med utmerket bildekvalitet.<\/p>\n<p><strong>Funksjoner og fordeler:<\/strong><\/p>\n<ul>\n<li><strong>Fart:<\/strong> Skriveren kan produsere opptil 190 fargekort i timen, noe som gj\u00f8r den perfekt for store utskriftsvolumer.<\/li>\n<li><strong>Lamineringsteknikk:<\/strong> Den unike avfallsfrie lamineringsteknologien minimerer avfall og kostnader, noe som gj\u00f8r den mer milj\u00f8vennlig og \u00f8konomisk.<\/li>\n<li><strong>Fleksibilitet:<\/strong> Tilgjengelig som enkelt- og dobbeltsidig skriver for \u00e5 dekke ulike behov.<\/li>\n<li><strong>H\u00f8y sikkerhet:<\/strong> Forbedrede sikkerhetsfunksjoner for \u00e5 beskytte mot forfalskning og uautorisert tilgang.<\/li>\n<\/ul>\n<p><strong>Teknisk spesifikasjon:<\/strong><\/p>\n<ul>\n<li><strong>Utskriftshastighet:<\/strong> Opptil 190 kort per time (fargeutskrift, ensidig).<\/li>\n<li><strong>Kapasitet:<\/strong> 150 kort i innskuffen og 100 kort i utskuffen.<\/li>\n<li><strong>Korttype:<\/strong> ISO 7810 format, CR80, ID-1 st\u00f8rrelse, kompatibel med PVC, PET og PC-kort.<\/li>\n<li><strong>Tilkoblinger:<\/strong> USB og Ethernet for enkel integrering i nettverket ditt.<\/li>\n<\/ul>\n<p>Zebra ZXP Series 9 er den perfekte l\u00f8sningen for organisasjoner som leter etter p\u00e5litelig og effektiv ID-kortutskrift med h\u00f8y sikkerhet og kvalitet.<\/p>","protected":false},"excerpt":{"rendered":"<p>Zebra ZXP Series 9 Retransfer ID-kortskriver er designet for bedrifter som krever h\u00f8y sikkerhet og utskrifter av h\u00f8y kvalitet.<\/p>\n<p>Den tilbyr rask utskrift av ID-kort med en hastighet p\u00e5 opptil 190 kort i timen og inkluderer en unik avfallsfri lamineringsteknologi.<\/p>\n<p>Med en gratisversjon av EasyBadge Lite-programvaren er dette en kostnadseffektiv l\u00f8sning for alle dine kortutskriftsbehov.<\/p>","protected":false},"featured_media":144320,"template":"","meta":{"_acf_changed":false},"product_brand":[],"product_cat":[3210],"product_tag":[3173,2831,3069,3185],"class_list":{"0":"post-53731","1":"product","2":"type-product","3":"status-publish","4":"has-post-thumbnail","6":"product_cat-zebra","7":"product_tag-enkelsidig-single-side","8":"product_tag-kortprinter-retransfer","9":"product_tag-trade-produkt","10":"product_tag-zebra","11":"product_shipping_class-tunga-paket","12":"pa_brands-zebra","13":"pa_fabrikat-kortskrivare-zebra","14":"tm-no-options","16":"first","17":"outofstock","18":"sale","19":"taxable","20":"shipping-taxable","21":"purchasable","22":"product-type-simple"},"acf":[],"_links":{"self":[{"href":"https:\/\/secureus.se\/no\/wp-json\/wp\/v2\/product\/53731","targetHints":{"allow":["GET"]}}],"collection":[{"href":"https:\/\/secureus.se\/no\/wp-json\/wp\/v2\/product"}],"about":[{"href":"https:\/\/secureus.se\/no\/wp-json\/wp\/v2\/types\/product"}],"wp:featuredmedia":[{"embeddable":true,"href":"https:\/\/secureus.se\/no\/wp-json\/wp\/v2\/media\/144320"}],"wp:attachment":[{"href":"https:\/\/secureus.se\/no\/wp-json\/wp\/v2\/media?parent=53731"}],"wp:term":[{"taxonomy":"product_brand","embeddable":true,"href":"https:\/\/secureus.se\/no\/wp-json\/wp\/v2\/product_brand?post=53731"},{"taxonomy":"product_cat","embeddable":true,"href":"https:\/\/secureus.se\/no\/wp-json\/wp\/v2\/product_cat?post=53731"},{"taxonomy":"product_tag","embeddable":true,"href":"https:\/\/secureus.se\/no\/wp-json\/wp\/v2\/product_tag?post=53731"}],"curies":[{"name":"wp","href":"https:\/\/api.w.org\/{rel}","templated":true}]}}