{"id":53732,"date":"2022-06-21T16:57:35","date_gmt":"2022-06-21T14:57:35","guid":{"rendered":"https:\/\/secureus.se\/produkt\/zebra-zxp-series-9-retransfer-plastic-card-printer-dual-sided\/"},"modified":"2025-08-15T22:54:34","modified_gmt":"2025-08-15T20:54:34","slug":"kortskrivare-zebra-zxp-series-9-duplex","status":"publish","type":"product","link":"https:\/\/secureus.se\/no\/kortskrivare-zebra-zxp-series-9-duplex\/","title":{"rendered":"Kortskriver Zebra ZXP Series 9 - Retransfer ID-kortskriver (dobbeltsidig)"},"content":{"rendered":"<p><strong>Sikker og effektiv ID-kortutskrift med Zebra ZXP Series 9:<\/strong> Zebra ZXP Series 9 er en avansert overf\u00f8ringskortskriver som er perfekt for virksomheter som krever h\u00f8y sikkerhet og p\u00e5litelighet.<\/p>\n<p>Med sin evne til \u00e5 produsere fotolignende kort og h\u00f8y utskriftshastighet er denne skriveren en utmerket l\u00f8sning for ID-kort og sikkerhetskort.<\/p>\n<p><strong>Funksjoner og fordeler:<\/strong><\/p>\n<ul>\n<li><strong>H\u00f8y hastighet:<\/strong> Kan skrive ut opptil 190 fargekort i timen, noe som gj\u00f8r den ideell for store utskriftsvolumer.<\/li>\n<li><strong>Gjenoverf\u00f8ringsteknologi:<\/strong> Produserer holdbare og fullt dekkede kort med enest\u00e5ende bildekvalitet, noe som reduserer risikoen for forfalskning.<\/li>\n<li><strong>Avfallsfri laminering:<\/strong> Den unike lamineringsteknologien minimerer avfall og kostnader, noe som gj\u00f8r den mer milj\u00f8vennlig og \u00f8konomisk.<\/li>\n<li><strong>Fleksibilitet:<\/strong> Tilgjengelig i b\u00e5de enkelt- og dobbeltsidige alternativer for \u00e5 passe ulike behov.<\/li>\n<\/ul>\n<p><strong>Teknisk spesifikasjon:<\/strong><\/p>\n<ul>\n<li><strong>Utskriftshastighet:<\/strong> Opptil 190 kort per time (fargeutskrift, tosidig).<\/li>\n<li><strong>Kapasitet:<\/strong> 150 kort i innskuffen og 100 kort i utskuffen.<\/li>\n<li><strong>Korttype:<\/strong> ISO 7810 format, CR80, ID-1 st\u00f8rrelse, kompatibel med PVC, PET og PC-kort.<\/li>\n<li><strong>Tilkoblinger:<\/strong> USB og Ethernet, med valgfri Wi-Fi-funksjonalitet.<\/li>\n<\/ul>\n<p>Zebra ZXP Series 9 er en p\u00e5litelig og effektiv l\u00f8sning for organisasjoner som leter etter en utskriftsl\u00f8sning for ID-kort av h\u00f8y kvalitet med fokus p\u00e5 sikkerhet og hastighet.<\/p>","protected":false},"excerpt":{"rendered":"<p>Zebra ZXP Series 9 Retransfer ID-kortskriver er designet for virksomheter som krever h\u00f8y sikkerhet og rask utskrift.<\/p>\n<p>Denne skriveren er i stand til \u00e5 produsere fullfargekort med en hastighet p\u00e5 opptil 190 kort i timen, og tilbyr eksepsjonell utskriftskvalitet og holdbarhet.<\/p>\n<p>Den unike avfallsfrie lamineringsteknologien gir en kostnadseffektiv l\u00f8sning for all ID-kortutskrift.<\/p>","protected":false},"featured_media":144755,"template":"","meta":{"_acf_changed":false},"product_brand":[],"product_cat":[3210],"product_tag":[3172,2831,3069,3185],"class_list":{"0":"post-53732","1":"product","2":"type-product","3":"status-publish","4":"has-post-thumbnail","6":"product_cat-zebra","7":"product_tag-dubbelsidig-dual-side","8":"product_tag-kortprinter-retransfer","9":"product_tag-trade-produkt","10":"product_tag-zebra","11":"product_shipping_class-tunga-paket","12":"pa_brands-zebra","13":"pa_fabrikat-kortskrivare-zebra","14":"tm-no-options","16":"first","17":"outofstock","18":"sale","19":"taxable","20":"shipping-taxable","21":"purchasable","22":"product-type-simple"},"acf":[],"_links":{"self":[{"href":"https:\/\/secureus.se\/no\/wp-json\/wp\/v2\/product\/53732","targetHints":{"allow":["GET"]}}],"collection":[{"href":"https:\/\/secureus.se\/no\/wp-json\/wp\/v2\/product"}],"about":[{"href":"https:\/\/secureus.se\/no\/wp-json\/wp\/v2\/types\/product"}],"wp:featuredmedia":[{"embeddable":true,"href":"https:\/\/secureus.se\/no\/wp-json\/wp\/v2\/media\/144755"}],"wp:attachment":[{"href":"https:\/\/secureus.se\/no\/wp-json\/wp\/v2\/media?parent=53732"}],"wp:term":[{"taxonomy":"product_brand","embeddable":true,"href":"https:\/\/secureus.se\/no\/wp-json\/wp\/v2\/product_brand?post=53732"},{"taxonomy":"product_cat","embeddable":true,"href":"https:\/\/secureus.se\/no\/wp-json\/wp\/v2\/product_cat?post=53732"},{"taxonomy":"product_tag","embeddable":true,"href":"https:\/\/secureus.se\/no\/wp-json\/wp\/v2\/product_tag?post=53732"}],"curies":[{"name":"wp","href":"https:\/\/api.w.org\/{rel}","templated":true}]}}