{"id":53733,"date":"2022-06-21T16:57:28","date_gmt":"2022-06-21T14:57:28","guid":{"rendered":"https:\/\/secureus.se\/produkt\/fargo-hdp6600-retransfer-plastic-card-printer-single-sided\/"},"modified":"2026-04-08T16:27:36","modified_gmt":"2026-04-08T14:27:36","slug":"kortskrivare-fargo-hdp6600","status":"publish","type":"product","link":"https:\/\/secureus.se\/no\/kortskrivare-fargo-hdp6600\/","title":{"rendered":"Kortskriver Fargo HDP6600 - Retransfer ID-kortskriver (ensidig)"},"content":{"rendered":"<p><strong>Effektiv og h\u00f8ykvalitets ID-kortutskrift med Fargo HDP6600:<\/strong> Fargo HDP6600 er en ledende overf\u00f8ringskortskriver som kombinerer seks generasjoner med velpr\u00f8vd teknologi med en rekke innovative funksjoner.<\/p>\n<p>Den tilbyr uovertruffen effektivitet og p\u00e5litelighet, noe som gj\u00f8r den til det opplagte valget for bedrifter som trenger rask og sikker utskrift av ID-kort.<\/p>\n<p><strong>Funksjoner og fordeler:<\/strong><\/p>\n<ul>\n<li><strong>Rask utskrift:<\/strong> Det f\u00f8rste kortet er klart p\u00e5 under 60 sekunder, noe som gj\u00f8r det ideelt for h\u00f8yvolumproduksjon.<\/li>\n<li><strong>Uovertruffen utskriftskvalitet:<\/strong> Med 600 dpi gir HDP6600 skarpe bilder og tekst av h\u00f8yeste kvalitet.<\/li>\n<li><strong>B\u00e6rekraft:<\/strong> Retransfer-teknologi sikrer at kortene er fullt dekket, noe som gj\u00f8r dem mer holdbare.<\/li>\n<li><strong>Kostnadseffektiv:<\/strong> Den unike lamineringsteknologien minimerer avfall og senker materialkostnadene.<\/li>\n<\/ul>\n<p><strong>Teknisk spesifikasjon:<\/strong><\/p>\n<ul>\n<li><strong>Utskriftshastighet:<\/strong> Opptil 230 kort per time (fargeutskrift, ensidig).<\/li>\n<li><strong>Kapasitet:<\/strong> 100 kort i innskuffen og 200 kort i utskuffen.<\/li>\n<li><strong>Korttype:<\/strong> ISO 7810 format, CR80, ID-1 st\u00f8rrelse, kompatibel med PVC, PET og PC-kort.<\/li>\n<li><strong>Tilkoblinger:<\/strong> USB 2.0 og Ethernet.<\/li>\n<\/ul>\n<p>Med sin tre \u00e5rs garanti og robuste design er Fargo HDP6600 en p\u00e5litelig og effektiv l\u00f8sning for alle dine ID-kortutskriftsbehov.<\/p>","protected":false},"excerpt":{"rendered":"<p>Fargo HDP6600 Retransfer ID Card Printer er den mest avanserte skriveren p\u00e5 markedet, designet for \u00e5 produsere h\u00f8ykvalitets ID-kort raskt og effektivt.<\/p>\n<p>Med en utskriftstid p\u00e5 under 60 sekunder per kort og tre \u00e5rs garanti er den perfekt for bedrifter som krever b\u00e5de hastighet og kvalitet.<\/p>\n<p>Skriveren kan enkelt h\u00e5ndtere alt fra adgangskort til skjemakort.<\/p>","protected":false},"featured_media":144102,"template":"","meta":{"_acf_changed":false},"product_brand":[],"product_cat":[3206],"product_tag":[2830,3177,4863,2831,3069],"class_list":{"0":"post-53733","1":"product","2":"type-product","3":"status-publish","4":"has-post-thumbnail","6":"product_cat-fargo","7":"product_tag-kortprinter-direct-to-card","8":"product_tag-fargo","9":"product_tag-pf","10":"product_tag-kortprinter-retransfer","11":"product_tag-trade-produkt","12":"product_shipping_class-tunga-paket","13":"pa_brands-fargo","14":"pa_fabrikat-kortskrivare-fargo","15":"tm-no-options","17":"first","18":"instock","19":"sale","20":"taxable","21":"shipping-taxable","22":"purchasable","23":"product-type-simple"},"acf":[],"_links":{"self":[{"href":"https:\/\/secureus.se\/no\/wp-json\/wp\/v2\/product\/53733","targetHints":{"allow":["GET"]}}],"collection":[{"href":"https:\/\/secureus.se\/no\/wp-json\/wp\/v2\/product"}],"about":[{"href":"https:\/\/secureus.se\/no\/wp-json\/wp\/v2\/types\/product"}],"wp:featuredmedia":[{"embeddable":true,"href":"https:\/\/secureus.se\/no\/wp-json\/wp\/v2\/media\/144102"}],"wp:attachment":[{"href":"https:\/\/secureus.se\/no\/wp-json\/wp\/v2\/media?parent=53733"}],"wp:term":[{"taxonomy":"product_brand","embeddable":true,"href":"https:\/\/secureus.se\/no\/wp-json\/wp\/v2\/product_brand?post=53733"},{"taxonomy":"product_cat","embeddable":true,"href":"https:\/\/secureus.se\/no\/wp-json\/wp\/v2\/product_cat?post=53733"},{"taxonomy":"product_tag","embeddable":true,"href":"https:\/\/secureus.se\/no\/wp-json\/wp\/v2\/product_tag?post=53733"}],"curies":[{"name":"wp","href":"https:\/\/api.w.org\/{rel}","templated":true}]}}