{"id":53734,"date":"2022-06-21T16:57:25","date_gmt":"2022-06-21T14:57:25","guid":{"rendered":"https:\/\/secureus.se\/produkt\/magicard-prima-801-uno-retransfer-id-card-printer-single-sided\/"},"modified":"2026-04-08T16:43:17","modified_gmt":"2026-04-08T14:43:17","slug":"kortskrivare-magicard-prima-801-uno","status":"publish","type":"product","link":"https:\/\/secureus.se\/no\/kortskrivare-magicard-prima-801-uno\/","title":{"rendered":"Kortskriver Magicard Prima 8 Uno \u2013 Retransfer ID-kortskriver (enkeltsidig)"},"content":{"rendered":"<h4 data-start=\"367\" data-end=\"396\">Inspirert av suksess<\/h4>\n<p data-start=\"397\" data-end=\"566\">Magicard Prima8 bygger p\u00e5 de utpr\u00f8vde egenskapene til forgjengeren, Magicard Prima4, og tar kortutskrift til et nytt niv\u00e5 med enest\u00e5ende utskriftskvalitet.<\/p>\n<h4 data-start=\"568\" data-end=\"604\">Imponerende utskriftskvalitet<\/h4>\n<ul data-start=\"605\" data-end=\"876\">\n<li data-start=\"605\" data-end=\"749\"><strong data-start=\"607\" data-end=\"634\">Fotorealistiske bilder:<\/strong> Bruker et bredt fargespekter for \u00e5 lage bilder med utrolige detaljer, perfekt for n\u00f8yaktig identifikasjon.<\/li>\n<li data-start=\"750\" data-end=\"876\"><strong data-start=\"752\" data-end=\"774\">Skinnende resultater:<\/strong> Gir h\u00f8yoppl\u00f8selige, blanke utskrifter \u2013 trykt over hele kortoverflaten for en profesjonell finish.<\/li>\n<\/ul>\n<h4 data-start=\"878\" data-end=\"901\">Sikkerhet i fokus<\/h4>\n<ul data-start=\"902\" data-end=\"1113\">\n<li data-start=\"902\" data-end=\"1012\"><strong data-start=\"904\" data-end=\"938\">Egendefinerte sikkerhetsfunksjoner:<\/strong> Mulighet for UV-blekk, som gir ekstra beskyttelse mot forfalskning.<\/li>\n<li data-start=\"1013\" data-end=\"1113\"><strong data-start=\"1015\" data-end=\"1032\">Alternativ:<\/strong> Tilgjengelig i b\u00e5de enkelt- og dobbeltsidige modeller for \u00e5 m\u00f8te ulike sikkerhetsbehov.<\/li>\n<\/ul>\n<h4 data-start=\"1115\" data-end=\"1150\">Garanti og p\u00e5litelighet<\/h4>\n<ul data-start=\"1151\" data-end=\"1261\">\n<li data-start=\"1151\" data-end=\"1261\"><strong data-start=\"1153\" data-end=\"1186\">3 \u00e5rs UltraCoverPlus-garanti:<\/strong> Gir ekstra sikkerhet og demonstrerer produktets h\u00f8ye p\u00e5litelighet.<\/li>\n<\/ul>\n<p data-start=\"1263\" data-end=\"1391\">Magicard Prima8 er det \u00e5penbare valget for bedrifter og offentlige etater som krever sikker, h\u00f8ykvalitets og fleksibel kortutskrift.<\/p>","protected":false},"excerpt":{"rendered":"<p><strong data-start=\"23\" data-end=\"86\">Magicard Prima8 Enkeltsidig kortskriver<\/strong><br data-start=\"86\" data-end=\"89\" \/>En p\u00e5litelig og h\u00f8ykvalitets kortskriver som leverer fotorealistiske utskrifter med et bredt fargespekter, optimalisert for enkeltsidige applikasjoner. Utstyrt med avanserte sikkerhetsfunksjoner som UV-blekk for ekstra beskyttelse.<\/p>","protected":false},"featured_media":143781,"template":"","meta":{"_acf_changed":false},"product_brand":[],"product_cat":[3208],"product_tag":[3174,4863,2831,3069],"class_list":{"0":"post-53734","1":"product","2":"type-product","3":"status-publish","4":"has-post-thumbnail","6":"product_cat-magicard","7":"product_tag-magicard","8":"product_tag-pf","9":"product_tag-kortprinter-retransfer","10":"product_tag-trade-produkt","11":"product_shipping_class-tunga-paket","12":"pa_brands-magicard","13":"pa_fabrikat-kortskrivare-magicard","14":"tm-no-options","16":"first","17":"outofstock","18":"sale","19":"taxable","20":"shipping-taxable","21":"purchasable","22":"product-type-simple"},"acf":[],"_links":{"self":[{"href":"https:\/\/secureus.se\/no\/wp-json\/wp\/v2\/product\/53734","targetHints":{"allow":["GET"]}}],"collection":[{"href":"https:\/\/secureus.se\/no\/wp-json\/wp\/v2\/product"}],"about":[{"href":"https:\/\/secureus.se\/no\/wp-json\/wp\/v2\/types\/product"}],"wp:featuredmedia":[{"embeddable":true,"href":"https:\/\/secureus.se\/no\/wp-json\/wp\/v2\/media\/143781"}],"wp:attachment":[{"href":"https:\/\/secureus.se\/no\/wp-json\/wp\/v2\/media?parent=53734"}],"wp:term":[{"taxonomy":"product_brand","embeddable":true,"href":"https:\/\/secureus.se\/no\/wp-json\/wp\/v2\/product_brand?post=53734"},{"taxonomy":"product_cat","embeddable":true,"href":"https:\/\/secureus.se\/no\/wp-json\/wp\/v2\/product_cat?post=53734"},{"taxonomy":"product_tag","embeddable":true,"href":"https:\/\/secureus.se\/no\/wp-json\/wp\/v2\/product_tag?post=53734"}],"curies":[{"name":"wp","href":"https:\/\/api.w.org\/{rel}","templated":true}]}}